
{"id":1286,"date":"2018-01-24T18:37:20","date_gmt":"2018-01-24T20:37:20","guid":{"rendered":"http:\/\/eliezerladeira.com.br\/blog\/?page_id=1286"},"modified":"2020-12-28T22:55:57","modified_gmt":"2020-12-29T01:55:57","slug":"cursos","status":"publish","type":"page","link":"https:\/\/eliezerladeira.com.br\/blog\/cursos\/","title":{"rendered":"Cursos"},"content":{"rendered":"<p><!-- In\u00edcio do c\u00f3digo SmartAd HTML Cursos 24 Horas --><\/p>\n<div align=\"center\">\n<iframe data-src=\"http:\/\/www.cursos24h.com.br\/smartad\/smart1n.asp?h=4&amp;v=16&amp;cf=%23FFFFFF&amp;cp=%23F8A41C&amp;ct=%231B5B75&amp;ch=%233366FF&amp;ctext=%23808080&amp;p=promocao131906&amp;id=132219&amp;pref=0\" width=\"1040\" height=\"3632\" frameborder=\"0\" marginwidth=\"0\" marginheight=\"0\" scrolling=\"no\" src=\"data:image\/svg+xml;base64,PHN2ZyB3aWR0aD0iMSIgaGVpZ2h0PSIxIiB4bWxucz0iaHR0cDovL3d3dy53My5vcmcvMjAwMC9zdmciPjwvc3ZnPg==\" class=\"lazyload\" data-load-mode=\"1\"><br \/>\n<\/iframe><\/p>\n<p><a style=\"text-decoration: none;\" href=\"http:\/\/www.cursos24horas.com.br\/parceiro.asp?cod=promocao131906\" target=\"_blank\" rel=\"nofollow noopener\"><br \/>\n<span style=\"color: #1b5b75; font-family: Verdana; font-size: xx-small;\">Cursos 24 Horas &#8211; Cursos Online com Certificado<\/span><\/a><\/div>\n<p><!-- Fim do c\u00f3digo SmartAd HTML Cursos 24 Horas --><\/p>\n","protected":false},"excerpt":{"rendered":"<p>Cursos 24 Horas &#8211; Cursos Online com Certificado<\/p>\n","protected":false},"author":1,"featured_media":0,"parent":0,"menu_order":0,"comment_status":"closed","ping_status":"closed","template":"","meta":{"colormag_page_layout":"no_sidebar_full_width","_exactmetrics_skip_tracking":false,"_exactmetrics_sitenote_active":false,"_exactmetrics_sitenote_note":"","_exactmetrics_sitenote_category":0,"ngg_post_thumbnail":0,"jetpack_post_was_ever_published":false,"footnotes":""},"class_list":["post-1286","page","type-page","status-publish","hentry"],"aioseo_notices":[],"jetpack_sharing_enabled":true,"jetpack_likes_enabled":true,"jetpack-related-posts":[{"id":23,"url":"https:\/\/eliezerladeira.com.br\/blog\/sobre\/","url_meta":{"origin":1286,"position":0},"title":"Sobre","author":"admin","date":"","format":false,"excerpt":"Prazer, meu nome \u00e9 Eliezer.Sou professor de Matem\u00e1tica e F\u00edsica, licenciado pela UNIS-MG, bacharel em Sistemas de Informa\u00e7\u00e3o e p\u00f3s-graduado em Banco de Dados pela mesma institui\u00e7\u00e3o.Programador e desenvolvedor h\u00e1 mais de 17 anos. Sempre fui aficionado por eletr\u00f4nica e desde pequeno doido por computadores. Comecei fazendo cursinhos de editor\u2026","rel":"","context":"Post similar","block_context":{"text":"Post similar","link":""},"img":{"alt_text":"","src":"https:\/\/i0.wp.com\/eliezerladeira.com.br\/blog\/wp-content\/uploads\/2021\/09\/8966084.jpg?resize=350%2C200","width":350,"height":200},"classes":[]},{"id":2116,"url":"https:\/\/eliezerladeira.com.br\/blog\/home\/","url_meta":{"origin":1286,"position":1},"title":"Home","author":"admin","date":"","format":false,"excerpt":"Fastest And Most Lightweight WP Theme Create Amazing Business Websites Lorem ipsum dolor sit amet, consectetuer adipiscing elit. Suspendisse et justo. Praesent mattis commodo augue. Morbi fringilla congue libero, ac malesuada vulputate pharetra. Get Started How can we help you? Lorem ipsum dolor sit amet, consectetuer adipiscing elit. Suspendisse et\u2026","rel":"","context":"Post similar","block_context":{"text":"Post similar","link":""},"img":{"alt_text":"","src":"https:\/\/i0.wp.com\/eliezerladeira.com.br\/blog\/wp-content\/uploads\/2020\/11\/computer.png?resize=350%2C200","width":350,"height":200},"classes":[]},{"id":29,"url":"https:\/\/eliezerladeira.com.br\/blog\/politica-de-privacidade\/","url_meta":{"origin":1286,"position":2},"title":"Pol\u00edtica de Privacidade","author":"admin","date":"","format":false,"excerpt":"Esta pol\u00edtica de privacidade descreve os tipos de informa\u00e7\u00f5es pessoais que s\u00e3o coletados e recebidos por este site e como as mesmas s\u00e3o utilizadas. Como muitos outros sites, www.eliezerladeira.com.br faz uso de arquivos de log. As informa\u00e7\u00f5es dentro dos arquivos de log incluem protocolo IP, tipo de navegador, Internet Service\u2026","rel":"","context":"Post similar","block_context":{"text":"Post similar","link":""},"img":{"alt_text":"Site seguro","src":"https:\/\/i0.wp.com\/eliezerladeira.com.br\/blog\/wp-content\/uploads\/2016\/12\/verificado-google.png?resize=350%2C200","width":350,"height":200},"classes":[]}],"_links":{"self":[{"href":"https:\/\/eliezerladeira.com.br\/blog\/wp-json\/wp\/v2\/pages\/1286","targetHints":{"allow":["GET"]}}],"collection":[{"href":"https:\/\/eliezerladeira.com.br\/blog\/wp-json\/wp\/v2\/pages"}],"about":[{"href":"https:\/\/eliezerladeira.com.br\/blog\/wp-json\/wp\/v2\/types\/page"}],"author":[{"embeddable":true,"href":"https:\/\/eliezerladeira.com.br\/blog\/wp-json\/wp\/v2\/users\/1"}],"replies":[{"embeddable":true,"href":"https:\/\/eliezerladeira.com.br\/blog\/wp-json\/wp\/v2\/comments?post=1286"}],"version-history":[{"count":4,"href":"https:\/\/eliezerladeira.com.br\/blog\/wp-json\/wp\/v2\/pages\/1286\/revisions"}],"predecessor-version":[{"id":2216,"href":"https:\/\/eliezerladeira.com.br\/blog\/wp-json\/wp\/v2\/pages\/1286\/revisions\/2216"}],"wp:attachment":[{"href":"https:\/\/eliezerladeira.com.br\/blog\/wp-json\/wp\/v2\/media?parent=1286"}],"curies":[{"name":"wp","href":"https:\/\/api.w.org\/{rel}","templated":true}]}}