
{"id":2565,"date":"2025-01-27T19:40:50","date_gmt":"2025-01-27T22:40:50","guid":{"rendered":"https:\/\/eliezerladeira.com.br\/blog\/loja-2\/"},"modified":"2025-01-28T08:19:49","modified_gmt":"2025-01-28T11:19:49","slug":"loja-2","status":"publish","type":"page","link":"https:\/\/eliezerladeira.com.br\/blog\/loja-2\/","title":{"rendered":"Loja"},"content":{"rendered":"","protected":false},"excerpt":{"rendered":"","protected":false},"author":1,"featured_media":0,"parent":0,"menu_order":0,"comment_status":"closed","ping_status":"closed","template":"","meta":{"colormag_page_layout":"default_layout","_exactmetrics_skip_tracking":false,"_exactmetrics_sitenote_active":false,"_exactmetrics_sitenote_note":"","_exactmetrics_sitenote_category":0,"ngg_post_thumbnail":0,"jetpack_post_was_ever_published":false,"footnotes":""},"class_list":["post-2565","page","type-page","status-publish","hentry"],"aioseo_notices":[],"jetpack_sharing_enabled":true,"jetpack_likes_enabled":true,"jetpack-related-posts":[{"id":2116,"url":"https:\/\/eliezerladeira.com.br\/blog\/home\/","url_meta":{"origin":2565,"position":0},"title":"Home","author":"admin","date":"","format":false,"excerpt":"Fastest And Most Lightweight WP Theme Create Amazing Business Websites Lorem ipsum dolor sit amet, consectetuer adipiscing elit. Suspendisse et justo. Praesent mattis commodo augue. Morbi fringilla congue libero, ac malesuada vulputate pharetra. Get Started How can we help you? Lorem ipsum dolor sit amet, consectetuer adipiscing elit. Suspendisse et\u2026","rel":"","context":"Post similar","block_context":{"text":"Post similar","link":""},"img":{"alt_text":"","src":"https:\/\/i0.wp.com\/eliezerladeira.com.br\/blog\/wp-content\/uploads\/2020\/11\/computer.png?resize=350%2C200","width":350,"height":200},"classes":[]},{"id":2566,"url":"https:\/\/eliezerladeira.com.br\/blog\/carrinho\/","url_meta":{"origin":2565,"position":1},"title":"Carrinho","author":"admin","date":"","format":false,"excerpt":"You may be interested in\u2026 Seu carrinho est\u00e1 vazio no momento! Novo na loja","rel":"","context":"Post similar","block_context":{"text":"Post similar","link":""},"img":{"alt_text":"","src":"","width":0,"height":0},"classes":[]},{"id":23,"url":"https:\/\/eliezerladeira.com.br\/blog\/sobre\/","url_meta":{"origin":2565,"position":2},"title":"Sobre","author":"admin","date":"","format":false,"excerpt":"Prazer, meu nome \u00e9 Eliezer.Sou professor de Matem\u00e1tica e F\u00edsica, licenciado pela UNIS-MG, bacharel em Sistemas de Informa\u00e7\u00e3o e p\u00f3s-graduado em Banco de Dados pela mesma institui\u00e7\u00e3o.Programador e desenvolvedor h\u00e1 mais de 17 anos. Sempre fui aficionado por eletr\u00f4nica e desde pequeno doido por computadores. Comecei fazendo cursinhos de editor\u2026","rel":"","context":"Post similar","block_context":{"text":"Post similar","link":""},"img":{"alt_text":"","src":"https:\/\/i0.wp.com\/eliezerladeira.com.br\/blog\/wp-content\/uploads\/2021\/09\/8966084.jpg?resize=350%2C200","width":350,"height":200},"classes":[]}],"_links":{"self":[{"href":"https:\/\/eliezerladeira.com.br\/blog\/wp-json\/wp\/v2\/pages\/2565","targetHints":{"allow":["GET"]}}],"collection":[{"href":"https:\/\/eliezerladeira.com.br\/blog\/wp-json\/wp\/v2\/pages"}],"about":[{"href":"https:\/\/eliezerladeira.com.br\/blog\/wp-json\/wp\/v2\/types\/page"}],"author":[{"embeddable":true,"href":"https:\/\/eliezerladeira.com.br\/blog\/wp-json\/wp\/v2\/users\/1"}],"replies":[{"embeddable":true,"href":"https:\/\/eliezerladeira.com.br\/blog\/wp-json\/wp\/v2\/comments?post=2565"}],"version-history":[{"count":1,"href":"https:\/\/eliezerladeira.com.br\/blog\/wp-json\/wp\/v2\/pages\/2565\/revisions"}],"predecessor-version":[{"id":2625,"href":"https:\/\/eliezerladeira.com.br\/blog\/wp-json\/wp\/v2\/pages\/2565\/revisions\/2625"}],"wp:attachment":[{"href":"https:\/\/eliezerladeira.com.br\/blog\/wp-json\/wp\/v2\/media?parent=2565"}],"curies":[{"name":"wp","href":"https:\/\/api.w.org\/{rel}","templated":true}]}}