
{"id":29,"date":"2020-04-14T20:16:54","date_gmt":"2020-04-14T23:16:54","guid":{"rendered":"http:\/\/eliezerladeira.com.br\/blog\/?page_id=29"},"modified":"2020-04-14T20:16:56","modified_gmt":"2020-04-14T23:16:56","slug":"politica-de-privacidade","status":"publish","type":"page","link":"https:\/\/eliezerladeira.com.br\/blog\/politica-de-privacidade\/","title":{"rendered":"Pol\u00edtica de Privacidade"},"content":{"rendered":"<p>Esta pol\u00edtica de privacidade descreve os tipos de informa\u00e7\u00f5es pessoais que s\u00e3o coletados e recebidos por este site e como as mesmas s\u00e3o utilizadas.<\/p>\n<p>Como muitos outros sites, <a href=\"http:\/\/www.eliezerladeira.com.br\">www.eliezerladeira.com.br<\/a> faz uso de arquivos de log. As informa\u00e7\u00f5es dentro dos arquivos de log incluem protocolo IP, tipo de navegador, Internet Service Provider (ISP), data\/hora, refer\u00eancia\/sa\u00edda de p\u00e1ginas, e o n\u00famero de cliques para analisar tend\u00eancias, administrar o site, acompanhar o movimento do usu\u00e1rio dentro do site e recolher informa\u00e7\u00f5es demogr\u00e1ficas. Endere\u00e7os IP e quaisquer outras informa\u00e7\u00f5es coletadas n\u00e3o est\u00e3o ligadas a qualquer informa\u00e7\u00e3o que seja pessoalmente identific\u00e1vel.<\/p>\n<p><strong>Cookies<\/strong><\/p>\n<p>Cookie \u00e9 um pequeno texto enviado ao seu navegador por um site que voc\u00ea visita. Ele ajuda o website a se lembrar de informa\u00e7\u00f5es sobre a visita, como seu idioma preferido&nbsp;al\u00e9m de outras configura\u00e7\u00f5es. Isso pode tornar sua pr\u00f3xima visita mais f\u00e1cil e o site mais \u00fatil para voc\u00ea. Os cookies desempenham um papel importante. Sem eles, usar a web seria uma experi\u00eancia muito frustrante.<\/p>\n<p>Usamos os cookies para muitas finalidade. Por exemplo: para lembrar suas prefer\u00eancias de pesquisa segura; tornar os an\u00fancios visualizados mais relevantes para voc\u00ea; contar quantos visitantes recebemos em uma p\u00e1gina; ajudar voc\u00ea a se inscrever em nossos servi\u00e7os e proteger seus dados.<\/p>\n<p>Voc\u00ea pode ver uma lista de <a href=\"https:\/\/www.google.com\/policies\/technologies\/types\/\">tipos de cookies usados pelo Google<\/a> e tamb\u00e9m saber como o Google e nossos parceiros usam cookies na publicidade.<\/p>\n<ul>\n<li>O Google, como fornecedor de terceiros, utiliza cookies para exibir an\u00fancios em <a href=\"http:\/\/www.eliezerladeira.com.br\">www.eliezerladeira.com.br<\/a>.<\/li>\n<li>O uso do Google para o DART cookie lhe permite veicular an\u00fancios para seus usu\u00e1rios com base nas visitas feitas a esse site e outros sites na internet.<\/li>\n<li>Os usu\u00e1rios podem optar por sair do uso do cookie DART visitando <a href=\"https:\/\/www.google.com\/policies\/technologies\/ads\/\">https:\/\/www.google.com\/policies\/technologies\/ads\/<\/a>.<\/li>\n<\/ul>\n<p>Alguns de nossos parceiros publicit\u00e1rios podem usar cookies e Web Beacons. Nossos parceiros incluem publicidade.<\/p>\n<p>Esses servidores de an\u00fancios de terceiros ou redes de anunciantes usam a tecnologia para os an\u00fancios e links que aparecem nesse site e envia diretamente para o seu navegador. Eles recebem automaticamente seu endere\u00e7o IP quando isso ocorrer. Outras tecnologias (como cookies, JavaScript ou Web Beacons) tamb\u00e9m podem ser usadas pelas redes de an\u00fancios de terceiros para medir a efic\u00e1cia dos seus an\u00fancios e\/ou personalizar o conte\u00fado que voc\u00ea v\u00ea.<\/p>\n<p>O site <a href=\"http:\/\/www.eliezerladeira.com.br\">www.eliezerladeira.com.br<\/a> n\u00e3o tem acesso ou controle sobre esses cookies que s\u00e3o utilizados por terceiros anunciantes.<\/p>\n<p>Se voc\u00ea quiser desativar os cookies, poder\u00e1 faz\u00ea-lo atrav\u00e9s do seu navegador. Informa\u00e7\u00f5es mais detalhadas sobre gest\u00e3o de cookies com navegadores espec\u00edficos podem ser encontradas nos sites dos respectivos navegadores.<\/p>\n<p>Este site n\u00e3o se responsabiliza pelos links ou bot\u00f5es associados a ele, assim como todos os coment\u00e1rios postados pelos visitantes.<\/p>\n<p><strong>Pol\u00edtica de Coment\u00e1rios<\/strong><\/p>\n<p>Para melhor estrutura\u00e7\u00e3o e organiza\u00e7\u00e3o de conviv\u00eancia no site, \u00e9 preciso obedecer algumas regras simples, mas importantes, que s\u00e3o:<\/p>\n<ul>\n<li>Evite palavras torpes e\/ou ofensivas;<\/li>\n<li>Evite usar&nbsp;CAPS LOCK nos coment\u00e1rios;<\/li>\n<li>N\u00e3o abuse das linguagens de internet (neh, vc, blz, add, entre outras);<\/li>\n<li>Poste coment\u00e1rios somente sobre o post;<\/li>\n<li>Use o formul\u00e1rio de contato para outros assuntos.<\/li>\n<\/ul>\n<p>Essas regras de boa conduta podem sofrer altera\u00e7\u00f5es sem aviso pr\u00e9vio.<\/p>\n<p><strong>Conte\u00fado do site<\/strong><\/p>\n<p>Grande parte dos conte\u00fados\/imagens deste site foram retirados da pr\u00f3pria internet. Quando necess\u00e1rio, as fontes s\u00e3o citadas.&nbsp;Caso encontre algo que seja de sua autoria e n\u00e3o esteja devidamente referenciado ou deseje que seja retirado do site, favor entrar em contato pelo e-mail <a href=\"mailto:contato@eliezerladeira.com.br\">contato@eliezerladeira.com.br<\/a>&nbsp;que tomarei as provid\u00eancias o mais r\u00e1pido poss\u00edvel.<\/p>\n<p style=\"text-align: center;\"><a href=\"http:\/\/www.google.com.br\/safebrowsing\/diagnostic?site=www.eliezerladeira.com.br\" target=\"_blank\" rel=\"noopener noreferrer\"><img decoding=\"async\" class=\"aligncenter size-full wp-image-30 lazyload\" data-src=\"http:\/\/eliezerladeira.com.br\/blog\/wp-content\/uploads\/2016\/12\/verificado-google.png\" alt=\"Site seguro\" width=\"200\" height=\"63\" src=\"data:image\/svg+xml;base64,PHN2ZyB3aWR0aD0iMSIgaGVpZ2h0PSIxIiB4bWxucz0iaHR0cDovL3d3dy53My5vcmcvMjAwMC9zdmciPjwvc3ZnPg==\" style=\"--smush-placeholder-width: 200px; --smush-placeholder-aspect-ratio: 200\/63;\"><\/a><\/p>\n","protected":false},"excerpt":{"rendered":"<p>Esta pol\u00edtica de privacidade descreve os tipos de informa\u00e7\u00f5es pessoais que s\u00e3o coletados e recebidos por este site e como<\/p>\n","protected":false},"author":1,"featured_media":0,"parent":0,"menu_order":0,"comment_status":"closed","ping_status":"closed","template":"","meta":{"colormag_page_layout":"no_sidebar_full_width","_exactmetrics_skip_tracking":false,"_exactmetrics_sitenote_active":false,"_exactmetrics_sitenote_note":"","_exactmetrics_sitenote_category":0,"ngg_post_thumbnail":0,"jetpack_post_was_ever_published":false,"footnotes":""},"class_list":["post-29","page","type-page","status-publish","hentry"],"aioseo_notices":[],"jetpack_sharing_enabled":false,"jetpack_likes_enabled":true,"jetpack-related-posts":[{"id":23,"url":"https:\/\/eliezerladeira.com.br\/blog\/sobre\/","url_meta":{"origin":29,"position":0},"title":"Sobre","author":"admin","date":"","format":false,"excerpt":"Prazer, meu nome \u00e9 Eliezer.Sou professor de Matem\u00e1tica e F\u00edsica, licenciado pela UNIS-MG, bacharel em Sistemas de Informa\u00e7\u00e3o e p\u00f3s-graduado em Banco de Dados pela mesma institui\u00e7\u00e3o.Programador e desenvolvedor h\u00e1 mais de 17 anos. Sempre fui aficionado por eletr\u00f4nica e desde pequeno doido por computadores. Comecei fazendo cursinhos de editor\u2026","rel":"","context":"Post similar","block_context":{"text":"Post similar","link":""},"img":{"alt_text":"","src":"https:\/\/i0.wp.com\/eliezerladeira.com.br\/blog\/wp-content\/uploads\/2021\/09\/8966084.jpg?resize=350%2C200","width":350,"height":200},"classes":[]},{"id":2116,"url":"https:\/\/eliezerladeira.com.br\/blog\/home\/","url_meta":{"origin":29,"position":1},"title":"Home","author":"admin","date":"","format":false,"excerpt":"Fastest And Most Lightweight WP Theme Create Amazing Business Websites Lorem ipsum dolor sit amet, consectetuer adipiscing elit. Suspendisse et justo. Praesent mattis commodo augue. Morbi fringilla congue libero, ac malesuada vulputate pharetra. Get Started How can we help you? Lorem ipsum dolor sit amet, consectetuer adipiscing elit. Suspendisse et\u2026","rel":"","context":"Post similar","block_context":{"text":"Post similar","link":""},"img":{"alt_text":"","src":"https:\/\/i0.wp.com\/eliezerladeira.com.br\/blog\/wp-content\/uploads\/2020\/11\/computer.png?resize=350%2C200","width":350,"height":200},"classes":[]}],"_links":{"self":[{"href":"https:\/\/eliezerladeira.com.br\/blog\/wp-json\/wp\/v2\/pages\/29","targetHints":{"allow":["GET"]}}],"collection":[{"href":"https:\/\/eliezerladeira.com.br\/blog\/wp-json\/wp\/v2\/pages"}],"about":[{"href":"https:\/\/eliezerladeira.com.br\/blog\/wp-json\/wp\/v2\/types\/page"}],"author":[{"embeddable":true,"href":"https:\/\/eliezerladeira.com.br\/blog\/wp-json\/wp\/v2\/users\/1"}],"replies":[{"embeddable":true,"href":"https:\/\/eliezerladeira.com.br\/blog\/wp-json\/wp\/v2\/comments?post=29"}],"version-history":[{"count":4,"href":"https:\/\/eliezerladeira.com.br\/blog\/wp-json\/wp\/v2\/pages\/29\/revisions"}],"predecessor-version":[{"id":1998,"href":"https:\/\/eliezerladeira.com.br\/blog\/wp-json\/wp\/v2\/pages\/29\/revisions\/1998"}],"wp:attachment":[{"href":"https:\/\/eliezerladeira.com.br\/blog\/wp-json\/wp\/v2\/media?parent=29"}],"curies":[{"name":"wp","href":"https:\/\/api.w.org\/{rel}","templated":true}]}}