
{"id":2618,"date":"2025-01-27T20:38:23","date_gmt":"2025-01-27T23:38:23","guid":{"rendered":"https:\/\/eliezerladeira.com.br\/blog\/?post_type=product&#038;p=2618"},"modified":"2025-01-29T11:41:44","modified_gmt":"2025-01-29T14:41:44","slug":"access-2007","status":"publish","type":"product","link":"https:\/\/eliezerladeira.com.br\/blog\/produto\/access-2007\/","title":{"rendered":"Access 2007"},"content":{"rendered":"<p>Aprenda a utilizar os recursos do poderoso Microsoft Access 2007.<\/p>\n<p><strong>\u00c1rea de trabalho do Access 2007<\/strong><\/p>\n<ul class=\"descricao\">\n<li>O que \u00e9 o Microsoft Access;<\/li>\n<li>Funcionamento do bot\u00e3o Office;<\/li>\n<li>Como abrir um novo banco de dados;<\/li>\n<li>Faixa de op\u00e7\u00f5es;<\/li>\n<li>Manipula\u00e7\u00e3o de objetos dos bancos de dados;<\/li>\n<li>Painel de navega\u00e7\u00e3o.<\/li>\n<\/ul>\n<p class=\"topicos_cursos\"><strong>Criando e Configurando Tabelas e Relacionamentos<\/strong><\/p>\n<ul class=\"descricao\">\n<li>Inser\u00e7\u00e3o de novos campos em tabelas;<\/li>\n<li>Objeto OLE<\/li>\n<li>Armazenamento de planilhas;<\/li>\n<li>Documentos e imagens dentro do banco de dados;<\/li>\n<li>Chave prim\u00e1ria;<\/li>\n<li>Propriedades dos campos e tipos de dados;<\/li>\n<li>Cria\u00e7\u00e3o de campos para armazenamento de fotos e datas;<\/li>\n<li>M\u00e1scara de entrada de dados;<\/li>\n<li>Caixa de combina\u00e7\u00e3o;<\/li>\n<li>Grade de constru\u00e7\u00e3o de consulta;<\/li>\n<li>Finalidade de uma consulta;<\/li>\n<li>Instru\u00e7\u00e3o SQL (Sistema de Linguagens para Programa\u00e7\u00e3o de Consultas);<\/li>\n<li>Integridade referencial;<\/li>\n<li>Propaga\u00e7\u00e3o de atualiza\u00e7\u00f5es dos campos relacionais;<\/li>\n<li>Relacionamento por meio de chaves prim\u00e1rias.<\/li>\n<\/ul>\n<p class=\"topicos_cursos\"><strong>Consultas<\/strong><\/p>\n<ul class=\"descricao\">\n<li>Sele\u00e7\u00e3o e exclus\u00e3o de relacionamentos entre tabelas;<\/li>\n<li>Guia Ferramentas de banco de dados;<\/li>\n<li>Propagar atualiza\u00e7\u00e3o dos campos relacionados;<\/li>\n<li>Extrair informa\u00e7\u00f5es de tabelas diferentes;<\/li>\n<li>Consultas para realizar c\u00e1lculos, combinar dados, alterar, adicionar ou excluir dados da tabela;<\/li>\n<li>Consultas para fornecer dados para relat\u00f3rios ou formul\u00e1rios;<\/li>\n<li>Identifica\u00e7\u00e3o de erros na estrutura da tabela.<\/li>\n<\/ul>\n<p class=\"topicos_cursos\"><strong>Formul\u00e1rios<\/strong><\/p>\n<ul class=\"descricao\">\n<li>Menu de controle;<\/li>\n<li>Edi\u00e7\u00e3o de tabelas por meio de formul\u00e1rios;<\/li>\n<li>Criando formul\u00e1rio;<\/li>\n<li>Estilos de formul\u00e1rios;<\/li>\n<li>Inserir fotos e registros aos formul\u00e1rios.<\/li>\n<\/ul>\n<p class=\"topicos_cursos\"><strong>Relat\u00f3rios<\/strong><\/p>\n<ul class=\"descricao\">\n<li>Cria\u00e7\u00e3o de relat\u00f3rios;<\/li>\n<li>Classifica\u00e7\u00e3o, organiza\u00e7\u00e3o e layout do relat\u00f3rio;<\/li>\n<li>Crit\u00e9rios para buscas.<\/li>\n<\/ul>\n<p class=\"topicos_cursos\"><strong>Macros<\/strong><\/p>\n<ul class=\"descricao\">\n<li>Funcionamento de uma Macro;<\/li>\n<li>Criar e inserir Macro;<\/li>\n<li>Vincular macro;<\/li>\n<li>Personaliza\u00e7\u00e3o do Menu de controle;<\/li>\n<li>Cria\u00e7\u00e3o de bot\u00f5es para Menu de controle.<\/li>\n<\/ul>\n","protected":false},"excerpt":{"rendered":"<p>Aprenda a utilizar os recursos do poderoso Microsoft Access 2007.<\/p>\n","protected":false},"featured_media":2676,"comment_status":"open","ping_status":"closed","template":"","meta":{"colormag_page_layout":"default_layout","_exactmetrics_skip_tracking":false,"_exactmetrics_sitenote_active":false,"_exactmetrics_sitenote_note":"","_exactmetrics_sitenote_category":0,"ngg_post_thumbnail":0,"jetpack_post_was_ever_published":false,"jetpack_publicize_message":"","jetpack_publicize_feature_enabled":true,"jetpack_social_post_already_shared":false,"jetpack_social_options":{"image_generator_settings":{"template":"highway","default_image_id":0,"font":"","enabled":false},"version":2}},"product_brand":[],"product_cat":[876],"product_tag":[878,879,880],"class_list":{"0":"post-2618","1":"product","2":"type-product","3":"status-publish","4":"has-post-thumbnail","6":"product_cat-banco-de-dados","7":"product_tag-access","8":"product_tag-banco-de-dados","9":"product_tag-microsoft","11":"first","12":"instock","13":"shipping-taxable","14":"product-type-external"},"aioseo_notices":[],"jetpack_publicize_connections":[],"jetpack_sharing_enabled":true,"jetpack_likes_enabled":true,"jetpack-related-posts":[{"id":2711,"url":"https:\/\/eliezerladeira.com.br\/blog\/produto\/aprenda-a-falar-em-publico\/","url_meta":{"origin":2618,"position":0},"title":"Aprenda a Falar em P\u00fablico","author":"admin","date":"","format":false,"excerpt":"T\u00e9cnicas simples e eficazes para controlar o nervosismo e Falar Bem em P\u00fablico.","rel":"","context":"Post similar","block_context":{"text":"Post similar","link":""},"img":{"alt_text":"","src":"https:\/\/i0.wp.com\/eliezerladeira.com.br\/blog\/wp-content\/uploads\/2025\/01\/speech-lecture-wcyvr-orator-public-speaking-436228-pxhere.com_.jpg?resize=350%2C200&ssl=1","width":350,"height":200,"srcset":"https:\/\/i0.wp.com\/eliezerladeira.com.br\/blog\/wp-content\/uploads\/2025\/01\/speech-lecture-wcyvr-orator-public-speaking-436228-pxhere.com_.jpg?resize=350%2C200&ssl=1 1x, https:\/\/i0.wp.com\/eliezerladeira.com.br\/blog\/wp-content\/uploads\/2025\/01\/speech-lecture-wcyvr-orator-public-speaking-436228-pxhere.com_.jpg?resize=525%2C300&ssl=1 1.5x, https:\/\/i0.wp.com\/eliezerladeira.com.br\/blog\/wp-content\/uploads\/2025\/01\/speech-lecture-wcyvr-orator-public-speaking-436228-pxhere.com_.jpg?resize=700%2C400&ssl=1 2x, https:\/\/i0.wp.com\/eliezerladeira.com.br\/blog\/wp-content\/uploads\/2025\/01\/speech-lecture-wcyvr-orator-public-speaking-436228-pxhere.com_.jpg?resize=1050%2C600&ssl=1 3x"},"classes":[]},{"id":2656,"url":"https:\/\/eliezerladeira.com.br\/blog\/produto\/adm-contabil-e-financeira\/","url_meta":{"origin":2618,"position":1},"title":"Adm. Cont\u00e1bil e Financeira","author":"admin","date":"","format":false,"excerpt":"Aprenda a montar um Fluxo de Caixa, Balan\u00e7o Patrimonial, entre outros.","rel":"","context":"Post similar","block_context":{"text":"Post similar","link":""},"img":{"alt_text":"","src":"https:\/\/i0.wp.com\/eliezerladeira.com.br\/blog\/wp-content\/uploads\/2025\/01\/pexels-karolina-grabowska-5900186.jpg?resize=350%2C200&ssl=1","width":350,"height":200,"srcset":"https:\/\/i0.wp.com\/eliezerladeira.com.br\/blog\/wp-content\/uploads\/2025\/01\/pexels-karolina-grabowska-5900186.jpg?resize=350%2C200&ssl=1 1x, https:\/\/i0.wp.com\/eliezerladeira.com.br\/blog\/wp-content\/uploads\/2025\/01\/pexels-karolina-grabowska-5900186.jpg?resize=525%2C300&ssl=1 1.5x, https:\/\/i0.wp.com\/eliezerladeira.com.br\/blog\/wp-content\/uploads\/2025\/01\/pexels-karolina-grabowska-5900186.jpg?resize=700%2C400&ssl=1 2x, https:\/\/i0.wp.com\/eliezerladeira.com.br\/blog\/wp-content\/uploads\/2025\/01\/pexels-karolina-grabowska-5900186.jpg?resize=1050%2C600&ssl=1 3x, https:\/\/i0.wp.com\/eliezerladeira.com.br\/blog\/wp-content\/uploads\/2025\/01\/pexels-karolina-grabowska-5900186.jpg?resize=1400%2C800&ssl=1 4x"},"classes":[]},{"id":2973,"url":"https:\/\/eliezerladeira.com.br\/blog\/produto\/avaliacao-de-desempenho\/","url_meta":{"origin":2618,"position":2},"title":"Avalia\u00e7\u00e3o de Desempenho","author":"admin","date":"","format":false,"excerpt":"Avalie os Recursos Humanos de sua empresa com esta ferramenta.","rel":"","context":"Post similar","block_context":{"text":"Post similar","link":""},"img":{"alt_text":"","src":"https:\/\/i0.wp.com\/eliezerladeira.com.br\/blog\/wp-content\/uploads\/2025\/02\/avaliacao-desempenho.jpg?resize=350%2C200&ssl=1","width":350,"height":200,"srcset":"https:\/\/i0.wp.com\/eliezerladeira.com.br\/blog\/wp-content\/uploads\/2025\/02\/avaliacao-desempenho.jpg?resize=350%2C200&ssl=1 1x, https:\/\/i0.wp.com\/eliezerladeira.com.br\/blog\/wp-content\/uploads\/2025\/02\/avaliacao-desempenho.jpg?resize=525%2C300&ssl=1 1.5x"},"classes":[]},{"id":2660,"url":"https:\/\/eliezerladeira.com.br\/blog\/produto\/administracao-do-tempo\/","url_meta":{"origin":2618,"position":3},"title":"Administra\u00e7\u00e3o do Tempo","author":"admin","date":"","format":false,"excerpt":"Saiba como otimizar seu tempo e melhore sua qualidade de vida.","rel":"","context":"Post similar","block_context":{"text":"Post similar","link":""},"img":{"alt_text":"","src":"https:\/\/i0.wp.com\/eliezerladeira.com.br\/blog\/wp-content\/uploads\/2025\/01\/watch-work-hand-clock-time-hour-959022-pxhere.com_.jpg?resize=350%2C200&ssl=1","width":350,"height":200,"srcset":"https:\/\/i0.wp.com\/eliezerladeira.com.br\/blog\/wp-content\/uploads\/2025\/01\/watch-work-hand-clock-time-hour-959022-pxhere.com_.jpg?resize=350%2C200&ssl=1 1x, https:\/\/i0.wp.com\/eliezerladeira.com.br\/blog\/wp-content\/uploads\/2025\/01\/watch-work-hand-clock-time-hour-959022-pxhere.com_.jpg?resize=525%2C300&ssl=1 1.5x, https:\/\/i0.wp.com\/eliezerladeira.com.br\/blog\/wp-content\/uploads\/2025\/01\/watch-work-hand-clock-time-hour-959022-pxhere.com_.jpg?resize=700%2C400&ssl=1 2x, https:\/\/i0.wp.com\/eliezerladeira.com.br\/blog\/wp-content\/uploads\/2025\/01\/watch-work-hand-clock-time-hour-959022-pxhere.com_.jpg?resize=1050%2C600&ssl=1 3x"},"classes":[]},{"id":2707,"url":"https:\/\/eliezerladeira.com.br\/blog\/produto\/analise-de-cargos-e-salarios\/","url_meta":{"origin":2618,"position":4},"title":"An\u00e1lise de Cargos e Sal\u00e1rios","author":"admin","date":"","format":false,"excerpt":"Como desenvolver uma pol\u00edtica de remunera\u00e7\u00e3o justa para sua empresa.","rel":"","context":"Post similar","block_context":{"text":"Post similar","link":""},"img":{"alt_text":"","src":"https:\/\/i0.wp.com\/eliezerladeira.com.br\/blog\/wp-content\/uploads\/2025\/01\/PORTARIA-INSTITUI-PROGRAMA-DE-REDUCAO-DE-LITIGIOSIDADE-FISCAL-PRLF.jpg?resize=350%2C200&ssl=1","width":350,"height":200,"srcset":"https:\/\/i0.wp.com\/eliezerladeira.com.br\/blog\/wp-content\/uploads\/2025\/01\/PORTARIA-INSTITUI-PROGRAMA-DE-REDUCAO-DE-LITIGIOSIDADE-FISCAL-PRLF.jpg?resize=350%2C200&ssl=1 1x, https:\/\/i0.wp.com\/eliezerladeira.com.br\/blog\/wp-content\/uploads\/2025\/01\/PORTARIA-INSTITUI-PROGRAMA-DE-REDUCAO-DE-LITIGIOSIDADE-FISCAL-PRLF.jpg?resize=525%2C300&ssl=1 1.5x, https:\/\/i0.wp.com\/eliezerladeira.com.br\/blog\/wp-content\/uploads\/2025\/01\/PORTARIA-INSTITUI-PROGRAMA-DE-REDUCAO-DE-LITIGIOSIDADE-FISCAL-PRLF.jpg?resize=700%2C400&ssl=1 2x"},"classes":[]},{"id":2705,"url":"https:\/\/eliezerladeira.com.br\/blog\/produto\/almoxarifado\/","url_meta":{"origin":2618,"position":5},"title":"Almoxarifado","author":"admin","date":"","format":false,"excerpt":"Saiba como montar e administrar Almoxarifados.","rel":"","context":"Post similar","block_context":{"text":"Post similar","link":""},"img":{"alt_text":"","src":"https:\/\/i0.wp.com\/eliezerladeira.com.br\/blog\/wp-content\/uploads\/2025\/01\/como-ter-eficiencia-no-armazenamento-do-seu-almoxarifado.jpg?resize=350%2C200&ssl=1","width":350,"height":200,"srcset":"https:\/\/i0.wp.com\/eliezerladeira.com.br\/blog\/wp-content\/uploads\/2025\/01\/como-ter-eficiencia-no-armazenamento-do-seu-almoxarifado.jpg?resize=350%2C200&ssl=1 1x, https:\/\/i0.wp.com\/eliezerladeira.com.br\/blog\/wp-content\/uploads\/2025\/01\/como-ter-eficiencia-no-armazenamento-do-seu-almoxarifado.jpg?resize=525%2C300&ssl=1 1.5x, https:\/\/i0.wp.com\/eliezerladeira.com.br\/blog\/wp-content\/uploads\/2025\/01\/como-ter-eficiencia-no-armazenamento-do-seu-almoxarifado.jpg?resize=700%2C400&ssl=1 2x, https:\/\/i0.wp.com\/eliezerladeira.com.br\/blog\/wp-content\/uploads\/2025\/01\/como-ter-eficiencia-no-armazenamento-do-seu-almoxarifado.jpg?resize=1050%2C600&ssl=1 3x"},"classes":[]}],"_links":{"self":[{"href":"https:\/\/eliezerladeira.com.br\/blog\/wp-json\/wp\/v2\/product\/2618","targetHints":{"allow":["GET"]}}],"collection":[{"href":"https:\/\/eliezerladeira.com.br\/blog\/wp-json\/wp\/v2\/product"}],"about":[{"href":"https:\/\/eliezerladeira.com.br\/blog\/wp-json\/wp\/v2\/types\/product"}],"replies":[{"embeddable":true,"href":"https:\/\/eliezerladeira.com.br\/blog\/wp-json\/wp\/v2\/comments?post=2618"}],"wp:featuredmedia":[{"embeddable":true,"href":"https:\/\/eliezerladeira.com.br\/blog\/wp-json\/wp\/v2\/media\/2676"}],"wp:attachment":[{"href":"https:\/\/eliezerladeira.com.br\/blog\/wp-json\/wp\/v2\/media?parent=2618"}],"wp:term":[{"taxonomy":"product_brand","embeddable":true,"href":"https:\/\/eliezerladeira.com.br\/blog\/wp-json\/wp\/v2\/product_brand?post=2618"},{"taxonomy":"product_cat","embeddable":true,"href":"https:\/\/eliezerladeira.com.br\/blog\/wp-json\/wp\/v2\/product_cat?post=2618"},{"taxonomy":"product_tag","embeddable":true,"href":"https:\/\/eliezerladeira.com.br\/blog\/wp-json\/wp\/v2\/product_tag?post=2618"}],"curies":[{"name":"wp","href":"https:\/\/api.w.org\/{rel}","templated":true}]}}