
{"id":2621,"date":"2025-01-27T21:13:18","date_gmt":"2025-01-28T00:13:18","guid":{"rendered":"https:\/\/eliezerladeira.com.br\/blog\/?post_type=product&#038;p=2621"},"modified":"2025-01-29T11:46:29","modified_gmt":"2025-01-29T14:46:29","slug":"adestramento-de-caes","status":"publish","type":"product","link":"https:\/\/eliezerladeira.com.br\/blog\/produto\/adestramento-de-caes\/","title":{"rendered":"Adestramento de C\u00e3es"},"content":{"rendered":"<p>Saiba como adestrar de forma natural e divertida.<\/p>\n<p class=\"topicos_cursos\"><strong>Unidade 1 &#8211; Abordagem Inicial: o m\u00e9todo<\/strong><\/p>\n<ul class=\"descricao\">\n<li>O que \u00e9 adestramento canino?<\/li>\n<li>Como utilizar o adestramento<\/li>\n<li>Hist\u00f3ria do adestramento<\/li>\n<li>C\u00e3es de trabalho<\/li>\n<\/ul>\n<p class=\"topicos_cursos\"><strong>Unidade 2 &#8211; Comportamento Canino<\/strong><\/p>\n<ul class=\"descricao\">\n<li>Entendendo o c\u00e3o<\/li>\n<li>Entendendo a linguagem corporal dos c\u00e3es<\/li>\n<li>Socializa\u00e7\u00e3o do c\u00e3o<\/li>\n<li>Regress\u00e3o no aprendizado<\/li>\n<li>Humaniza\u00e7\u00e3o de C\u00e3es<\/li>\n<\/ul>\n<p class=\"topicos_cursos\"><strong>Unidade 3 &#8211; Alimenta\u00e7\u00e3o<\/strong><\/p>\n<ul class=\"descricao\">\n<li>Alimenta\u00e7\u00e3o Canina<\/li>\n<li>Alimenta\u00e7\u00e3o Natural<\/li>\n<li>Necessidades Fisiol\u00f3gicas<\/li>\n<\/ul>\n<p class=\"topicos_cursos\"><strong>Unidade 4 &#8211; Adestramento<\/strong><\/p>\n<ul class=\"descricao\">\n<li>Adestramento tradicional<\/li>\n<li>Adestramento com clicker<\/li>\n<li>Exerc\u00edcios de adestramento b\u00e1sico<\/li>\n<li>Treinamento avan\u00e7ado de adestramento<\/li>\n<\/ul>\n","protected":false},"excerpt":{"rendered":"<p>Saiba como adestrar de forma natural e divertida.<\/p>\n","protected":false},"featured_media":2679,"comment_status":"open","ping_status":"closed","template":"","meta":{"colormag_page_layout":"default_layout","_exactmetrics_skip_tracking":false,"_exactmetrics_sitenote_active":false,"_exactmetrics_sitenote_note":"","_exactmetrics_sitenote_category":0,"ngg_post_thumbnail":0,"jetpack_post_was_ever_published":false,"jetpack_publicize_message":"","jetpack_publicize_feature_enabled":true,"jetpack_social_post_already_shared":false,"jetpack_social_options":{"image_generator_settings":{"template":"highway","default_image_id":0,"font":"","enabled":false},"version":2}},"product_brand":[],"product_cat":[875],"product_tag":[882,883,884],"class_list":{"0":"post-2621","1":"product","2":"type-product","3":"status-publish","4":"has-post-thumbnail","6":"product_cat-comunicacao-e-marketing","7":"product_tag-adestramento","8":"product_tag-caes","9":"product_tag-profissao","11":"first","12":"instock","13":"shipping-taxable","14":"product-type-external"},"aioseo_notices":[],"jetpack_publicize_connections":[],"jetpack_sharing_enabled":true,"jetpack_likes_enabled":true,"jetpack-related-posts":[{"id":2660,"url":"https:\/\/eliezerladeira.com.br\/blog\/produto\/administracao-do-tempo\/","url_meta":{"origin":2621,"position":0},"title":"Administra\u00e7\u00e3o do Tempo","author":"admin","date":"","format":false,"excerpt":"Saiba como otimizar seu tempo e melhore sua qualidade de vida.","rel":"","context":"Post similar","block_context":{"text":"Post similar","link":""},"img":{"alt_text":"","src":"https:\/\/i0.wp.com\/eliezerladeira.com.br\/blog\/wp-content\/uploads\/2025\/01\/watch-work-hand-clock-time-hour-959022-pxhere.com_.jpg?resize=350%2C200&ssl=1","width":350,"height":200,"srcset":"https:\/\/i0.wp.com\/eliezerladeira.com.br\/blog\/wp-content\/uploads\/2025\/01\/watch-work-hand-clock-time-hour-959022-pxhere.com_.jpg?resize=350%2C200&ssl=1 1x, https:\/\/i0.wp.com\/eliezerladeira.com.br\/blog\/wp-content\/uploads\/2025\/01\/watch-work-hand-clock-time-hour-959022-pxhere.com_.jpg?resize=525%2C300&ssl=1 1.5x, https:\/\/i0.wp.com\/eliezerladeira.com.br\/blog\/wp-content\/uploads\/2025\/01\/watch-work-hand-clock-time-hour-959022-pxhere.com_.jpg?resize=700%2C400&ssl=1 2x, https:\/\/i0.wp.com\/eliezerladeira.com.br\/blog\/wp-content\/uploads\/2025\/01\/watch-work-hand-clock-time-hour-959022-pxhere.com_.jpg?resize=1050%2C600&ssl=1 3x"},"classes":[]},{"id":2658,"url":"https:\/\/eliezerladeira.com.br\/blog\/produto\/administracao-de-empresas\/","url_meta":{"origin":2621,"position":1},"title":"Administra\u00e7\u00e3o de Empresas","author":"admin","date":"","format":false,"excerpt":"Conhe\u00e7a as diversas \u00e1reas de uma empresa e saiba como administr\u00e1-las.","rel":"","context":"Post similar","block_context":{"text":"Post similar","link":""},"img":{"alt_text":"","src":"https:\/\/i0.wp.com\/eliezerladeira.com.br\/blog\/wp-content\/uploads\/2025\/01\/pexels-n-voitkevich-8062280.jpg?resize=350%2C200&ssl=1","width":350,"height":200,"srcset":"https:\/\/i0.wp.com\/eliezerladeira.com.br\/blog\/wp-content\/uploads\/2025\/01\/pexels-n-voitkevich-8062280.jpg?resize=350%2C200&ssl=1 1x, https:\/\/i0.wp.com\/eliezerladeira.com.br\/blog\/wp-content\/uploads\/2025\/01\/pexels-n-voitkevich-8062280.jpg?resize=525%2C300&ssl=1 1.5x, https:\/\/i0.wp.com\/eliezerladeira.com.br\/blog\/wp-content\/uploads\/2025\/01\/pexels-n-voitkevich-8062280.jpg?resize=700%2C400&ssl=1 2x, https:\/\/i0.wp.com\/eliezerladeira.com.br\/blog\/wp-content\/uploads\/2025\/01\/pexels-n-voitkevich-8062280.jpg?resize=1050%2C600&ssl=1 3x, https:\/\/i0.wp.com\/eliezerladeira.com.br\/blog\/wp-content\/uploads\/2025\/01\/pexels-n-voitkevich-8062280.jpg?resize=1400%2C800&ssl=1 4x"},"classes":[]},{"id":2705,"url":"https:\/\/eliezerladeira.com.br\/blog\/produto\/almoxarifado\/","url_meta":{"origin":2621,"position":2},"title":"Almoxarifado","author":"admin","date":"","format":false,"excerpt":"Saiba como montar e administrar Almoxarifados.","rel":"","context":"Post similar","block_context":{"text":"Post similar","link":""},"img":{"alt_text":"","src":"https:\/\/i0.wp.com\/eliezerladeira.com.br\/blog\/wp-content\/uploads\/2025\/01\/como-ter-eficiencia-no-armazenamento-do-seu-almoxarifado.jpg?resize=350%2C200&ssl=1","width":350,"height":200,"srcset":"https:\/\/i0.wp.com\/eliezerladeira.com.br\/blog\/wp-content\/uploads\/2025\/01\/como-ter-eficiencia-no-armazenamento-do-seu-almoxarifado.jpg?resize=350%2C200&ssl=1 1x, https:\/\/i0.wp.com\/eliezerladeira.com.br\/blog\/wp-content\/uploads\/2025\/01\/como-ter-eficiencia-no-armazenamento-do-seu-almoxarifado.jpg?resize=525%2C300&ssl=1 1.5x, https:\/\/i0.wp.com\/eliezerladeira.com.br\/blog\/wp-content\/uploads\/2025\/01\/como-ter-eficiencia-no-armazenamento-do-seu-almoxarifado.jpg?resize=700%2C400&ssl=1 2x, https:\/\/i0.wp.com\/eliezerladeira.com.br\/blog\/wp-content\/uploads\/2025\/01\/como-ter-eficiencia-no-armazenamento-do-seu-almoxarifado.jpg?resize=1050%2C600&ssl=1 3x"},"classes":[]},{"id":2707,"url":"https:\/\/eliezerladeira.com.br\/blog\/produto\/analise-de-cargos-e-salarios\/","url_meta":{"origin":2621,"position":3},"title":"An\u00e1lise de Cargos e Sal\u00e1rios","author":"admin","date":"","format":false,"excerpt":"Como desenvolver uma pol\u00edtica de remunera\u00e7\u00e3o justa para sua empresa.","rel":"","context":"Post similar","block_context":{"text":"Post similar","link":""},"img":{"alt_text":"","src":"https:\/\/i0.wp.com\/eliezerladeira.com.br\/blog\/wp-content\/uploads\/2025\/01\/PORTARIA-INSTITUI-PROGRAMA-DE-REDUCAO-DE-LITIGIOSIDADE-FISCAL-PRLF.jpg?resize=350%2C200&ssl=1","width":350,"height":200,"srcset":"https:\/\/i0.wp.com\/eliezerladeira.com.br\/blog\/wp-content\/uploads\/2025\/01\/PORTARIA-INSTITUI-PROGRAMA-DE-REDUCAO-DE-LITIGIOSIDADE-FISCAL-PRLF.jpg?resize=350%2C200&ssl=1 1x, https:\/\/i0.wp.com\/eliezerladeira.com.br\/blog\/wp-content\/uploads\/2025\/01\/PORTARIA-INSTITUI-PROGRAMA-DE-REDUCAO-DE-LITIGIOSIDADE-FISCAL-PRLF.jpg?resize=525%2C300&ssl=1 1.5x, https:\/\/i0.wp.com\/eliezerladeira.com.br\/blog\/wp-content\/uploads\/2025\/01\/PORTARIA-INSTITUI-PROGRAMA-DE-REDUCAO-DE-LITIGIOSIDADE-FISCAL-PRLF.jpg?resize=700%2C400&ssl=1 2x"},"classes":[]},{"id":2976,"url":"https:\/\/eliezerladeira.com.br\/blog\/produto\/calculos-trabalhistas\/","url_meta":{"origin":2621,"position":4},"title":"C\u00e1lculos Trabalhistas","author":"admin","date":"","format":false,"excerpt":"Aprenda como realizar C\u00e1lculos Trabalhistas corretamente.","rel":"","context":"Post similar","block_context":{"text":"Post similar","link":""},"img":{"alt_text":"","src":"https:\/\/i0.wp.com\/eliezerladeira.com.br\/blog\/wp-content\/uploads\/2025\/02\/Calculos-Trabalhistas-da-Folha-de-Pagamento.jpg?resize=350%2C200&ssl=1","width":350,"height":200,"srcset":"https:\/\/i0.wp.com\/eliezerladeira.com.br\/blog\/wp-content\/uploads\/2025\/02\/Calculos-Trabalhistas-da-Folha-de-Pagamento.jpg?resize=350%2C200&ssl=1 1x, https:\/\/i0.wp.com\/eliezerladeira.com.br\/blog\/wp-content\/uploads\/2025\/02\/Calculos-Trabalhistas-da-Folha-de-Pagamento.jpg?resize=525%2C300&ssl=1 1.5x, https:\/\/i0.wp.com\/eliezerladeira.com.br\/blog\/wp-content\/uploads\/2025\/02\/Calculos-Trabalhistas-da-Folha-de-Pagamento.jpg?resize=700%2C400&ssl=1 2x, https:\/\/i0.wp.com\/eliezerladeira.com.br\/blog\/wp-content\/uploads\/2025\/02\/Calculos-Trabalhistas-da-Folha-de-Pagamento.jpg?resize=1050%2C600&ssl=1 3x, https:\/\/i0.wp.com\/eliezerladeira.com.br\/blog\/wp-content\/uploads\/2025\/02\/Calculos-Trabalhistas-da-Folha-de-Pagamento.jpg?resize=1400%2C800&ssl=1 4x"},"classes":[]},{"id":2978,"url":"https:\/\/eliezerladeira.com.br\/blog\/produto\/chefia-e-lideranca\/","url_meta":{"origin":2621,"position":5},"title":"Chefia e Lideran\u00e7a","author":"admin","date":"","format":false,"excerpt":"Aprenda a delegar, motivar, elogiar, reprimir, entre outros.","rel":"","context":"Post similar","block_context":{"text":"Post similar","link":""},"img":{"alt_text":"","src":"https:\/\/i0.wp.com\/eliezerladeira.com.br\/blog\/wp-content\/uploads\/2025\/02\/curso-com-certificado-de-chefia-e-lideranca-1567088266-870-b125f2a7.jpg?resize=350%2C200&ssl=1","width":350,"height":200,"srcset":"https:\/\/i0.wp.com\/eliezerladeira.com.br\/blog\/wp-content\/uploads\/2025\/02\/curso-com-certificado-de-chefia-e-lideranca-1567088266-870-b125f2a7.jpg?resize=350%2C200&ssl=1 1x, https:\/\/i0.wp.com\/eliezerladeira.com.br\/blog\/wp-content\/uploads\/2025\/02\/curso-com-certificado-de-chefia-e-lideranca-1567088266-870-b125f2a7.jpg?resize=525%2C300&ssl=1 1.5x, https:\/\/i0.wp.com\/eliezerladeira.com.br\/blog\/wp-content\/uploads\/2025\/02\/curso-com-certificado-de-chefia-e-lideranca-1567088266-870-b125f2a7.jpg?resize=700%2C400&ssl=1 2x"},"classes":[]}],"_links":{"self":[{"href":"https:\/\/eliezerladeira.com.br\/blog\/wp-json\/wp\/v2\/product\/2621","targetHints":{"allow":["GET"]}}],"collection":[{"href":"https:\/\/eliezerladeira.com.br\/blog\/wp-json\/wp\/v2\/product"}],"about":[{"href":"https:\/\/eliezerladeira.com.br\/blog\/wp-json\/wp\/v2\/types\/product"}],"replies":[{"embeddable":true,"href":"https:\/\/eliezerladeira.com.br\/blog\/wp-json\/wp\/v2\/comments?post=2621"}],"wp:featuredmedia":[{"embeddable":true,"href":"https:\/\/eliezerladeira.com.br\/blog\/wp-json\/wp\/v2\/media\/2679"}],"wp:attachment":[{"href":"https:\/\/eliezerladeira.com.br\/blog\/wp-json\/wp\/v2\/media?parent=2621"}],"wp:term":[{"taxonomy":"product_brand","embeddable":true,"href":"https:\/\/eliezerladeira.com.br\/blog\/wp-json\/wp\/v2\/product_brand?post=2621"},{"taxonomy":"product_cat","embeddable":true,"href":"https:\/\/eliezerladeira.com.br\/blog\/wp-json\/wp\/v2\/product_cat?post=2621"},{"taxonomy":"product_tag","embeddable":true,"href":"https:\/\/eliezerladeira.com.br\/blog\/wp-json\/wp\/v2\/product_tag?post=2621"}],"curies":[{"name":"wp","href":"https:\/\/api.w.org\/{rel}","templated":true}]}}