
{"id":2658,"date":"2025-01-28T21:20:24","date_gmt":"2025-01-29T00:20:24","guid":{"rendered":"https:\/\/eliezerladeira.com.br\/blog\/?post_type=product&#038;p=2658"},"modified":"2025-02-06T15:48:15","modified_gmt":"2025-02-06T18:48:15","slug":"administracao-de-empresas","status":"publish","type":"product","link":"https:\/\/eliezerladeira.com.br\/blog\/produto\/administracao-de-empresas\/","title":{"rendered":"Administra\u00e7\u00e3o de Empresas"},"content":{"rendered":"<div id=\"conteudo_curso\">\n<p>Nos \u00faltimos anos a competi\u00e7\u00e3o entre empresas ficou mais acirrada, de forma que apenas as mais\u00a0<strong>organizadas<\/strong>,\u00a0<strong>eficientes\u00a0<\/strong>e\u00a0<strong>bem administradas<\/strong>\u00a0conseguem sobreviver.<\/p>\n<p>A boa\u00a0<strong>Administra\u00e7\u00e3o de Empresas<\/strong>\u00a0gera uma s\u00e9rie de benef\u00edcios, entre os quais:<\/p>\n<ul class=\"descricao\">\n<li><strong>Redu\u00e7\u00e3o de Custos<\/strong>\u00a0com An\u00e1lise e Corte de Despesas e Gastos desnecess\u00e1rios.<\/li>\n<li><strong>Aumento da Lucratividade<\/strong>\u00a0por meio de uma\u00a0<strong>Administra\u00e7\u00e3o Financeira<\/strong>\u00a0mais eficiente.<\/li>\n<li><strong>Aumento da Satisfa\u00e7\u00e3o dos Funcion\u00e1rios<\/strong>, que ficam mais motivados e notam a possibilidade de crescimento dentro da empresa.<\/li>\n<\/ul>\n<p>O\u00a0<strong>Administrador moderno<\/strong>\u00a0precisa saber<strong>\u00a0lidar com Conflitos<\/strong>,\u00a0<strong>Controlar e Avaliar o desempenho<\/strong>, al\u00e9m de\u00a0<strong>Liderar e Motivar seus colaboradores<\/strong>. \u00c9\u00a0 preciso tamb\u00e9m conhecer as diferentes \u00e1reas de uma empresa para poder opinar e intervir sempre que for necess\u00e1rio. O\u00a0<strong>Curso de Administra\u00e7\u00e3o de Empresas<\/strong>\u00a0oferece suporte e conhecimento aos profissionais que desejam seguir este caminho.<\/p>\n<p><strong>E mais:<\/strong><\/p>\n<ul class=\"descricao\">\n<li>Saiba quais s\u00e3o e como Administrar as diversas \u00e1reas de uma empresa, desde a\u00a0<strong>Produ\u00e7\u00e3o<\/strong>, passando pela\u00a0<strong>Gest\u00e3o de Finan\u00e7as<\/strong>,\u00a0<strong>Recursos Humanos<\/strong>\u00a0e\u00a0<strong>Marketing<\/strong>.<\/li>\n<li>Aprenda as principais caracter\u00edsticas das empresas e a fun\u00e7\u00e3o do administrador do s\u00e9culo XXI.<\/li>\n<li>Conhe\u00e7a os conceitos e as teorias de\u00a0<strong>Administra\u00e7\u00e3o de Empresas.<\/strong><\/li>\n<\/ul>\n<p><strong>Aprenda tudo por meio de v\u00eddeo-aulas din\u00e2micas e interativas<\/strong>, com um tutor virtual, exemplos e exerc\u00edcios. Voc\u00ea tamb\u00e9m pode baixar as apostilas do curso para arquivar e\/ou imprimir. Ao final,\u00a0<strong>receba o seu Certificado de Conclus\u00e3o em casa<\/strong>, sem custo adicional.<\/p>\n<h3>Carga hor\u00e1ria: <a class=\"showTip L1\">80 horas \u2022 In\u00edcio imediato<\/a><\/h3>\n<h2 class=\"subtitulo_azul\">Os principais t\u00f3picos do Curso de Administra\u00e7\u00e3o de Empresas s\u00e3o:<\/h2>\n<h3 class=\"topicos_cursos\"><strong>Unidade 1 \u2013 Abordagem Inicial<\/strong><\/h3>\n<ul class=\"descricao\">\n<li>Hist\u00f3ria da Administra\u00e7\u00e3o<\/li>\n<li>Conceito da Administra\u00e7\u00e3o<\/li>\n<li>Teorias da Administra\u00e7\u00e3o (Cient\u00edfica e Cl\u00e1ssica)<\/li>\n<li>Princ\u00edpios da Administra\u00e7\u00e3o<\/li>\n<li>O que significa Administra\u00e7\u00e3o? (Planejamento, Organiza\u00e7\u00e3o, Dire\u00e7\u00e3o e Controle)<\/li>\n<li>Tipos e caracter\u00edsticas de empresas<\/li>\n<li>Organograma de uma empresa<\/li>\n<li>Fun\u00e7\u00f5es do Administrador (Habilidades necess\u00e1rias e o Papel do Administrador)<\/li>\n<\/ul>\n<h3 class=\"topicos_cursos\"><strong>Unidade 2 \u2013 Gest\u00e3o Operacional<\/strong><\/h3>\n<ul class=\"descricao\">\n<li>Administra\u00e7\u00e3o da produ\u00e7\u00e3o e opera\u00e7\u00f5es<\/li>\n<li>O produto\/servi\u00e7o (Qualidade, Custo e Ciclo de Vida)<\/li>\n<li>Modelo de produ\u00e7\u00e3o (Sistemas e Modelos)<\/li>\n<li>Controle da Produ\u00e7\u00e3o<\/li>\n<\/ul>\n<h3 class=\"topicos_cursos\"><strong>Unidade 3 \u2013 Gest\u00e3o de Pessoas<\/strong><\/h3>\n<ul class=\"descricao\">\n<li>Gest\u00e3o por compet\u00eancia<\/li>\n<li>Como formar uma equipe profissional eficiente<\/li>\n<li>Como trabalhar talentos<\/li>\n<li>Voc\u00ea \u00e9 um empreendedor, gerente ou l\u00edder?<\/li>\n<li>O empowerment e a lideran\u00e7a<\/li>\n<\/ul>\n<h3 class=\"topicos_cursos\"><strong>Unidade 4 \u2013 Gest\u00e3o Financeira<\/strong><\/h3>\n<ul class=\"descricao\">\n<li>Administra\u00e7\u00e3o Financeira<\/li>\n<li>Capital (Tipos de Capital; Risco e Retorno)<\/li>\n<li>Financiamentos (Curto, M\u00e9dio e Longo Prazos)<\/li>\n<li>A import\u00e2ncia do Fluxo de Caixa (Modelo de Fluxo de Caixa)<\/li>\n<li>Gest\u00e3o de Compras a Receber (Pol\u00edtica de Cr\u00e9dito, Condi\u00e7\u00f5es de Cr\u00e9dito e Pol\u00edticas de Cobran\u00e7a)<\/li>\n<li>Gest\u00e3o de Estoque<\/li>\n<li>Demonstra\u00e7\u00f5es Financeiras (Balan\u00e7o Patrimonial, DRE e DOAR)<\/li>\n<\/ul>\n<h3 class=\"topicos_cursos\"><strong>Unidade 5 \u2013 Gest\u00e3o de Marketing<\/strong><\/h3>\n<ul class=\"descricao\">\n<li>Defini\u00e7\u00f5es de Marketing<\/li>\n<li>O mercado (Tipos, Pesquisa e Segmenta\u00e7\u00e3o de mercado)<\/li>\n<li>Relacionamento com clientes<\/li>\n<li>Pol\u00edticas de Marketing (Pol\u00edtica de Pre\u00e7os, Programa\u00e7\u00e3o e Propaganda)<\/li>\n<li>Conclus\u00e3o do curso<\/li>\n<\/ul>\n<\/div>\n","protected":false},"excerpt":{"rendered":"<p>Conhe\u00e7a as diversas \u00e1reas de uma empresa e saiba como administr\u00e1-las.<\/p>\n","protected":false},"featured_media":2683,"comment_status":"open","ping_status":"closed","template":"","meta":{"colormag_page_layout":"default_layout","_exactmetrics_skip_tracking":false,"_exactmetrics_sitenote_active":false,"_exactmetrics_sitenote_note":"","_exactmetrics_sitenote_category":0,"ngg_post_thumbnail":0,"jetpack_post_was_ever_published":false,"jetpack_publicize_message":"","jetpack_publicize_feature_enabled":true,"jetpack_social_post_already_shared":false,"jetpack_social_options":{"image_generator_settings":{"template":"highway","default_image_id":0,"font":"","enabled":false},"version":2}},"product_brand":[],"product_cat":[906],"product_tag":[910,912,916,914,915,913],"class_list":{"0":"post-2658","1":"product","2":"type-product","3":"status-publish","4":"has-post-thumbnail","6":"product_cat-administracao","7":"product_tag-administracao","8":"product_tag-administracao-de-empresas","9":"product_tag-gestao-de-marketing","10":"product_tag-gestao-de-pessoas","11":"product_tag-gestao-financeira","12":"product_tag-gestao-operacional","14":"first","15":"instock","16":"shipping-taxable","17":"product-type-external"},"aioseo_notices":[],"jetpack_publicize_connections":[],"jetpack_sharing_enabled":true,"jetpack_likes_enabled":true,"jetpack-related-posts":[{"id":2707,"url":"https:\/\/eliezerladeira.com.br\/blog\/produto\/analise-de-cargos-e-salarios\/","url_meta":{"origin":2658,"position":0},"title":"An\u00e1lise de Cargos e Sal\u00e1rios","author":"admin","date":"","format":false,"excerpt":"Como desenvolver uma pol\u00edtica de remunera\u00e7\u00e3o justa para sua empresa.","rel":"","context":"Post similar","block_context":{"text":"Post similar","link":""},"img":{"alt_text":"","src":"https:\/\/i0.wp.com\/eliezerladeira.com.br\/blog\/wp-content\/uploads\/2025\/01\/PORTARIA-INSTITUI-PROGRAMA-DE-REDUCAO-DE-LITIGIOSIDADE-FISCAL-PRLF.jpg?resize=350%2C200&ssl=1","width":350,"height":200,"srcset":"https:\/\/i0.wp.com\/eliezerladeira.com.br\/blog\/wp-content\/uploads\/2025\/01\/PORTARIA-INSTITUI-PROGRAMA-DE-REDUCAO-DE-LITIGIOSIDADE-FISCAL-PRLF.jpg?resize=350%2C200&ssl=1 1x, https:\/\/i0.wp.com\/eliezerladeira.com.br\/blog\/wp-content\/uploads\/2025\/01\/PORTARIA-INSTITUI-PROGRAMA-DE-REDUCAO-DE-LITIGIOSIDADE-FISCAL-PRLF.jpg?resize=525%2C300&ssl=1 1.5x, https:\/\/i0.wp.com\/eliezerladeira.com.br\/blog\/wp-content\/uploads\/2025\/01\/PORTARIA-INSTITUI-PROGRAMA-DE-REDUCAO-DE-LITIGIOSIDADE-FISCAL-PRLF.jpg?resize=700%2C400&ssl=1 2x"},"classes":[]},{"id":2656,"url":"https:\/\/eliezerladeira.com.br\/blog\/produto\/adm-contabil-e-financeira\/","url_meta":{"origin":2658,"position":1},"title":"Adm. Cont\u00e1bil e Financeira","author":"admin","date":"","format":false,"excerpt":"Aprenda a montar um Fluxo de Caixa, Balan\u00e7o Patrimonial, entre outros.","rel":"","context":"Post similar","block_context":{"text":"Post similar","link":""},"img":{"alt_text":"","src":"https:\/\/i0.wp.com\/eliezerladeira.com.br\/blog\/wp-content\/uploads\/2025\/01\/pexels-karolina-grabowska-5900186.jpg?resize=350%2C200&ssl=1","width":350,"height":200,"srcset":"https:\/\/i0.wp.com\/eliezerladeira.com.br\/blog\/wp-content\/uploads\/2025\/01\/pexels-karolina-grabowska-5900186.jpg?resize=350%2C200&ssl=1 1x, https:\/\/i0.wp.com\/eliezerladeira.com.br\/blog\/wp-content\/uploads\/2025\/01\/pexels-karolina-grabowska-5900186.jpg?resize=525%2C300&ssl=1 1.5x, https:\/\/i0.wp.com\/eliezerladeira.com.br\/blog\/wp-content\/uploads\/2025\/01\/pexels-karolina-grabowska-5900186.jpg?resize=700%2C400&ssl=1 2x, https:\/\/i0.wp.com\/eliezerladeira.com.br\/blog\/wp-content\/uploads\/2025\/01\/pexels-karolina-grabowska-5900186.jpg?resize=1050%2C600&ssl=1 3x, https:\/\/i0.wp.com\/eliezerladeira.com.br\/blog\/wp-content\/uploads\/2025\/01\/pexels-karolina-grabowska-5900186.jpg?resize=1400%2C800&ssl=1 4x"},"classes":[]},{"id":2942,"url":"https:\/\/eliezerladeira.com.br\/blog\/produto\/auxiliar-administrativo\/","url_meta":{"origin":2658,"position":2},"title":"Auxiliar Administrativo","author":"admin","date":"","format":false,"excerpt":"Conhe\u00e7a a rotina e os procedimentos desta profiss\u00e3o em crescimento.","rel":"","context":"Post similar","block_context":{"text":"Post similar","link":""},"img":{"alt_text":"","src":"https:\/\/i0.wp.com\/eliezerladeira.com.br\/blog\/wp-content\/uploads\/2025\/02\/curso-para-auxiliar-administrativo.jpg?resize=350%2C200&ssl=1","width":350,"height":200,"srcset":"https:\/\/i0.wp.com\/eliezerladeira.com.br\/blog\/wp-content\/uploads\/2025\/02\/curso-para-auxiliar-administrativo.jpg?resize=350%2C200&ssl=1 1x, https:\/\/i0.wp.com\/eliezerladeira.com.br\/blog\/wp-content\/uploads\/2025\/02\/curso-para-auxiliar-administrativo.jpg?resize=525%2C300&ssl=1 1.5x, https:\/\/i0.wp.com\/eliezerladeira.com.br\/blog\/wp-content\/uploads\/2025\/02\/curso-para-auxiliar-administrativo.jpg?resize=700%2C400&ssl=1 2x, https:\/\/i0.wp.com\/eliezerladeira.com.br\/blog\/wp-content\/uploads\/2025\/02\/curso-para-auxiliar-administrativo.jpg?resize=1050%2C600&ssl=1 3x, https:\/\/i0.wp.com\/eliezerladeira.com.br\/blog\/wp-content\/uploads\/2025\/02\/curso-para-auxiliar-administrativo.jpg?resize=1400%2C800&ssl=1 4x"},"classes":[]},{"id":2660,"url":"https:\/\/eliezerladeira.com.br\/blog\/produto\/administracao-do-tempo\/","url_meta":{"origin":2658,"position":3},"title":"Administra\u00e7\u00e3o do Tempo","author":"admin","date":"","format":false,"excerpt":"Saiba como otimizar seu tempo e melhore sua qualidade de vida.","rel":"","context":"Post similar","block_context":{"text":"Post similar","link":""},"img":{"alt_text":"","src":"https:\/\/i0.wp.com\/eliezerladeira.com.br\/blog\/wp-content\/uploads\/2025\/01\/watch-work-hand-clock-time-hour-959022-pxhere.com_.jpg?resize=350%2C200&ssl=1","width":350,"height":200,"srcset":"https:\/\/i0.wp.com\/eliezerladeira.com.br\/blog\/wp-content\/uploads\/2025\/01\/watch-work-hand-clock-time-hour-959022-pxhere.com_.jpg?resize=350%2C200&ssl=1 1x, https:\/\/i0.wp.com\/eliezerladeira.com.br\/blog\/wp-content\/uploads\/2025\/01\/watch-work-hand-clock-time-hour-959022-pxhere.com_.jpg?resize=525%2C300&ssl=1 1.5x, https:\/\/i0.wp.com\/eliezerladeira.com.br\/blog\/wp-content\/uploads\/2025\/01\/watch-work-hand-clock-time-hour-959022-pxhere.com_.jpg?resize=700%2C400&ssl=1 2x, https:\/\/i0.wp.com\/eliezerladeira.com.br\/blog\/wp-content\/uploads\/2025\/01\/watch-work-hand-clock-time-hour-959022-pxhere.com_.jpg?resize=1050%2C600&ssl=1 3x"},"classes":[]},{"id":2973,"url":"https:\/\/eliezerladeira.com.br\/blog\/produto\/avaliacao-de-desempenho\/","url_meta":{"origin":2658,"position":4},"title":"Avalia\u00e7\u00e3o de Desempenho","author":"admin","date":"","format":false,"excerpt":"Avalie os Recursos Humanos de sua empresa com esta ferramenta.","rel":"","context":"Post similar","block_context":{"text":"Post similar","link":""},"img":{"alt_text":"","src":"https:\/\/i0.wp.com\/eliezerladeira.com.br\/blog\/wp-content\/uploads\/2025\/02\/avaliacao-desempenho.jpg?resize=350%2C200&ssl=1","width":350,"height":200,"srcset":"https:\/\/i0.wp.com\/eliezerladeira.com.br\/blog\/wp-content\/uploads\/2025\/02\/avaliacao-desempenho.jpg?resize=350%2C200&ssl=1 1x, https:\/\/i0.wp.com\/eliezerladeira.com.br\/blog\/wp-content\/uploads\/2025\/02\/avaliacao-desempenho.jpg?resize=525%2C300&ssl=1 1.5x"},"classes":[]},{"id":2713,"url":"https:\/\/eliezerladeira.com.br\/blog\/produto\/auditoria\/","url_meta":{"origin":2658,"position":5},"title":"Auditoria","author":"admin","date":"","format":false,"excerpt":"Conhe\u00e7a o necess\u00e1rio e esperado para exercer o cargo de auditor.","rel":"","context":"Post similar","block_context":{"text":"Post similar","link":""},"img":{"alt_text":"","src":"https:\/\/i0.wp.com\/eliezerladeira.com.br\/blog\/wp-content\/uploads\/2025\/01\/auditoria-externa.jpg?resize=350%2C200&ssl=1","width":350,"height":200,"srcset":"https:\/\/i0.wp.com\/eliezerladeira.com.br\/blog\/wp-content\/uploads\/2025\/01\/auditoria-externa.jpg?resize=350%2C200&ssl=1 1x, https:\/\/i0.wp.com\/eliezerladeira.com.br\/blog\/wp-content\/uploads\/2025\/01\/auditoria-externa.jpg?resize=525%2C300&ssl=1 1.5x, https:\/\/i0.wp.com\/eliezerladeira.com.br\/blog\/wp-content\/uploads\/2025\/01\/auditoria-externa.jpg?resize=700%2C400&ssl=1 2x, https:\/\/i0.wp.com\/eliezerladeira.com.br\/blog\/wp-content\/uploads\/2025\/01\/auditoria-externa.jpg?resize=1050%2C600&ssl=1 3x"},"classes":[]}],"_links":{"self":[{"href":"https:\/\/eliezerladeira.com.br\/blog\/wp-json\/wp\/v2\/product\/2658","targetHints":{"allow":["GET"]}}],"collection":[{"href":"https:\/\/eliezerladeira.com.br\/blog\/wp-json\/wp\/v2\/product"}],"about":[{"href":"https:\/\/eliezerladeira.com.br\/blog\/wp-json\/wp\/v2\/types\/product"}],"replies":[{"embeddable":true,"href":"https:\/\/eliezerladeira.com.br\/blog\/wp-json\/wp\/v2\/comments?post=2658"}],"wp:featuredmedia":[{"embeddable":true,"href":"https:\/\/eliezerladeira.com.br\/blog\/wp-json\/wp\/v2\/media\/2683"}],"wp:attachment":[{"href":"https:\/\/eliezerladeira.com.br\/blog\/wp-json\/wp\/v2\/media?parent=2658"}],"wp:term":[{"taxonomy":"product_brand","embeddable":true,"href":"https:\/\/eliezerladeira.com.br\/blog\/wp-json\/wp\/v2\/product_brand?post=2658"},{"taxonomy":"product_cat","embeddable":true,"href":"https:\/\/eliezerladeira.com.br\/blog\/wp-json\/wp\/v2\/product_cat?post=2658"},{"taxonomy":"product_tag","embeddable":true,"href":"https:\/\/eliezerladeira.com.br\/blog\/wp-json\/wp\/v2\/product_tag?post=2658"}],"curies":[{"name":"wp","href":"https:\/\/api.w.org\/{rel}","templated":true}]}}