
{"id":2660,"date":"2025-01-28T21:30:56","date_gmt":"2025-01-29T00:30:56","guid":{"rendered":"https:\/\/eliezerladeira.com.br\/blog\/?post_type=product&#038;p=2660"},"modified":"2025-02-06T15:49:45","modified_gmt":"2025-02-06T18:49:45","slug":"administracao-do-tempo","status":"publish","type":"product","link":"https:\/\/eliezerladeira.com.br\/blog\/produto\/administracao-do-tempo\/","title":{"rendered":"Administra\u00e7\u00e3o do Tempo"},"content":{"rendered":"<p>Voc\u00ea anda sem tempo para cumprir todas as suas tarefas no trabalho?\u00a0<strong>\u00c0s vezes at\u00e9 leva trabalho para casa?<\/strong>\u00a0Anda reclamando, sente irrita\u00e7\u00e3o, n\u00e3o tem tempo de sair ou ficar com a fam\u00edlia, ou de namorar, ler um livro, ir para a academia?\u00a0<strong>Vive com sono<\/strong>, n\u00e3o tem tempo para novas atividades e sempre adia projetos pessoais?<\/p>\n<p>Se voc\u00ea respondeu que sim a duas ou mais perguntas, talvez n\u00e3o esteja sabendo administrar seu tempo. Mas n\u00e3o se preocupe: isso tem jeito, se aprende.<\/p>\n<p>Saiba que o\u00a0<strong>Curso de Administra\u00e7\u00e3o do Tempo<\/strong>\u00a0oferece t\u00e9cnicas comprovadas de organiza\u00e7\u00e3o, controle e defini\u00e7\u00e3o de prioridades que podem aumentar sua produtividade e seu tempo livre, tornando sua vida melhor e mais tranquila.<\/p>\n<p>A\u00a0<strong>boa administra\u00e7\u00e3o do tempo<\/strong>\u00a0contribui para a\u00a0<strong>diminui\u00e7\u00e3o do estresse<\/strong>, melhora o bem-estar e, portanto,\u00a0<strong>aumenta a qualidade e expectativa de vida<\/strong>.<\/p>\n<p>Saiba administrar o seu tempo, a ponto de poder us\u00e1-lo como um aliado e n\u00e3o como inimigo. Esta \u00e9 uma habilidade que as empresas valorizam e que voc\u00ea pode aplicar imediatamente tanto em sua vida\u00a0<strong>profissional<\/strong>\u00a0como\u00a0<strong>pessoal<\/strong>.<\/p>\n<p>Afinal, todos sabemos que o Tempo \u00e9 um recurso n\u00e3o renov\u00e1vel do planeta e que ele n\u00e3o volta.\u00a0<strong>Mas \u00e9 poss\u00edvel faz\u00ea-lo render mais.<\/strong><\/p>\n<p>Comece agora mesmo o curso e receba seu certificado em casa ao final, sem custo adicional<\/p>\n<h3>Carga Hor\u00e1ria: <a class=\"showTip L1\">40 horas \u2022 In\u00edcio imediato<\/a><\/h3>\n<h2 class=\"subtitulo_azul\">Os principais t\u00f3picos do Curso de Administra\u00e7\u00e3o do Tempo s\u00e3o:<\/h2>\n<p class=\"topicos_cursos\"><strong>Unidade 1- O Tempo<\/strong><\/p>\n<ul class=\"descricao\">\n<li>Introdu\u00e7\u00e3o<\/li>\n<li>O que \u00e9 o tempo?<\/li>\n<li>O que \u00e9 Administra\u00e7\u00e3o do Tempo?<\/li>\n<li>Por que \u00e9 t\u00e3o importante administrar seu tempo<\/li>\n<li>De que forma o tempo pode influenciar a sua vida<\/li>\n<li>O Princ\u00edpio de Pareto<\/li>\n<li>Princ\u00edpios da administra\u00e7\u00e3o do tempo<\/li>\n<\/ul>\n<p class=\"topicos_cursos\"><strong>Unidade 2 \u2013 Comportamento Pessoal em rela\u00e7\u00e3o ao Tempo<\/strong><\/p>\n<ul class=\"descricao\">\n<li>Administra\u00e7\u00e3o do Tempo e o foco<\/li>\n<li>Assertividade<\/li>\n<li>O uso da disciplina para economizar tempo<\/li>\n<li>Como definir o que \u00e9 importante e o que \u00e9 urgente<\/li>\n<li>Fixando metas e objetivos<\/li>\n<li>H\u00e1bitos desmotivadores<\/li>\n<\/ul>\n<p class=\"topicos_cursos\"><strong>Unidade 3 \u2013 Utilizando o tempo a seu favor<\/strong><\/p>\n<ul class=\"descricao\">\n<li>Como planejar melhor o seu tempo<\/li>\n<li>T\u00e9cnicas para gerenciar o seu tempo com mais efic\u00e1cia<\/li>\n<li>Planejar tarefas em rotinas e lotes<\/li>\n<li>Dicas para economizar tempo<\/li>\n<\/ul>\n<p class=\"topicos_cursos\"><strong>Unidade 4 \u2013 O tempo no dia a dia de Trabalho<\/strong><\/p>\n<ul class=\"descricao\">\n<li>A import\u00e2ncia de dizer n\u00e3o<\/li>\n<li>As interrup\u00e7\u00f5es<\/li>\n<li>Uso adequado do computador<\/li>\n<li>Como aproveitar melhor as reuni\u00f5es<\/li>\n<li>Saber delegar<\/li>\n<li>Administra\u00e7\u00e3o do estresse<\/li>\n<li>Encerramento<\/li>\n<li>Refer\u00eancias Bibliogr\u00e1ficas<\/li>\n<\/ul>\n","protected":false},"excerpt":{"rendered":"<p>Saiba como otimizar seu tempo e melhore sua qualidade de vida.<\/p>\n","protected":false},"featured_media":2684,"comment_status":"open","ping_status":"closed","template":"","meta":{"colormag_page_layout":"default_layout","_exactmetrics_skip_tracking":false,"_exactmetrics_sitenote_active":false,"_exactmetrics_sitenote_note":"","_exactmetrics_sitenote_category":0,"ngg_post_thumbnail":0,"jetpack_post_was_ever_published":false,"jetpack_publicize_message":"","jetpack_publicize_feature_enabled":true,"jetpack_social_post_already_shared":false,"jetpack_social_options":{"image_generator_settings":{"template":"highway","default_image_id":0,"font":"","enabled":false},"version":2}},"product_brand":[],"product_cat":[906],"product_tag":[910,917],"class_list":{"0":"post-2660","1":"product","2":"type-product","3":"status-publish","4":"has-post-thumbnail","6":"product_cat-administracao","7":"product_tag-administracao","8":"product_tag-administracao-do-tempo","10":"first","11":"instock","12":"shipping-taxable","13":"product-type-external"},"aioseo_notices":[],"jetpack_publicize_connections":[],"jetpack_sharing_enabled":true,"jetpack_likes_enabled":true,"jetpack-related-posts":[{"id":2658,"url":"https:\/\/eliezerladeira.com.br\/blog\/produto\/administracao-de-empresas\/","url_meta":{"origin":2660,"position":0},"title":"Administra\u00e7\u00e3o de Empresas","author":"admin","date":"","format":false,"excerpt":"Conhe\u00e7a as diversas \u00e1reas de uma empresa e saiba como administr\u00e1-las.","rel":"","context":"Post similar","block_context":{"text":"Post similar","link":""},"img":{"alt_text":"","src":"https:\/\/i0.wp.com\/eliezerladeira.com.br\/blog\/wp-content\/uploads\/2025\/01\/pexels-n-voitkevich-8062280.jpg?resize=350%2C200&ssl=1","width":350,"height":200,"srcset":"https:\/\/i0.wp.com\/eliezerladeira.com.br\/blog\/wp-content\/uploads\/2025\/01\/pexels-n-voitkevich-8062280.jpg?resize=350%2C200&ssl=1 1x, https:\/\/i0.wp.com\/eliezerladeira.com.br\/blog\/wp-content\/uploads\/2025\/01\/pexels-n-voitkevich-8062280.jpg?resize=525%2C300&ssl=1 1.5x, https:\/\/i0.wp.com\/eliezerladeira.com.br\/blog\/wp-content\/uploads\/2025\/01\/pexels-n-voitkevich-8062280.jpg?resize=700%2C400&ssl=1 2x, https:\/\/i0.wp.com\/eliezerladeira.com.br\/blog\/wp-content\/uploads\/2025\/01\/pexels-n-voitkevich-8062280.jpg?resize=1050%2C600&ssl=1 3x, https:\/\/i0.wp.com\/eliezerladeira.com.br\/blog\/wp-content\/uploads\/2025\/01\/pexels-n-voitkevich-8062280.jpg?resize=1400%2C800&ssl=1 4x"},"classes":[]},{"id":2978,"url":"https:\/\/eliezerladeira.com.br\/blog\/produto\/chefia-e-lideranca\/","url_meta":{"origin":2660,"position":1},"title":"Chefia e Lideran\u00e7a","author":"admin","date":"","format":false,"excerpt":"Aprenda a delegar, motivar, elogiar, reprimir, entre outros.","rel":"","context":"Post similar","block_context":{"text":"Post similar","link":""},"img":{"alt_text":"","src":"https:\/\/i0.wp.com\/eliezerladeira.com.br\/blog\/wp-content\/uploads\/2025\/02\/curso-com-certificado-de-chefia-e-lideranca-1567088266-870-b125f2a7.jpg?resize=350%2C200&ssl=1","width":350,"height":200,"srcset":"https:\/\/i0.wp.com\/eliezerladeira.com.br\/blog\/wp-content\/uploads\/2025\/02\/curso-com-certificado-de-chefia-e-lideranca-1567088266-870-b125f2a7.jpg?resize=350%2C200&ssl=1 1x, https:\/\/i0.wp.com\/eliezerladeira.com.br\/blog\/wp-content\/uploads\/2025\/02\/curso-com-certificado-de-chefia-e-lideranca-1567088266-870-b125f2a7.jpg?resize=525%2C300&ssl=1 1.5x, https:\/\/i0.wp.com\/eliezerladeira.com.br\/blog\/wp-content\/uploads\/2025\/02\/curso-com-certificado-de-chefia-e-lideranca-1567088266-870-b125f2a7.jpg?resize=700%2C400&ssl=1 2x"},"classes":[]},{"id":2705,"url":"https:\/\/eliezerladeira.com.br\/blog\/produto\/almoxarifado\/","url_meta":{"origin":2660,"position":2},"title":"Almoxarifado","author":"admin","date":"","format":false,"excerpt":"Saiba como montar e administrar Almoxarifados.","rel":"","context":"Post similar","block_context":{"text":"Post similar","link":""},"img":{"alt_text":"","src":"https:\/\/i0.wp.com\/eliezerladeira.com.br\/blog\/wp-content\/uploads\/2025\/01\/como-ter-eficiencia-no-armazenamento-do-seu-almoxarifado.jpg?resize=350%2C200&ssl=1","width":350,"height":200,"srcset":"https:\/\/i0.wp.com\/eliezerladeira.com.br\/blog\/wp-content\/uploads\/2025\/01\/como-ter-eficiencia-no-armazenamento-do-seu-almoxarifado.jpg?resize=350%2C200&ssl=1 1x, https:\/\/i0.wp.com\/eliezerladeira.com.br\/blog\/wp-content\/uploads\/2025\/01\/como-ter-eficiencia-no-armazenamento-do-seu-almoxarifado.jpg?resize=525%2C300&ssl=1 1.5x, https:\/\/i0.wp.com\/eliezerladeira.com.br\/blog\/wp-content\/uploads\/2025\/01\/como-ter-eficiencia-no-armazenamento-do-seu-almoxarifado.jpg?resize=700%2C400&ssl=1 2x, https:\/\/i0.wp.com\/eliezerladeira.com.br\/blog\/wp-content\/uploads\/2025\/01\/como-ter-eficiencia-no-armazenamento-do-seu-almoxarifado.jpg?resize=1050%2C600&ssl=1 3x"},"classes":[]},{"id":2656,"url":"https:\/\/eliezerladeira.com.br\/blog\/produto\/adm-contabil-e-financeira\/","url_meta":{"origin":2660,"position":3},"title":"Adm. Cont\u00e1bil e Financeira","author":"admin","date":"","format":false,"excerpt":"Aprenda a montar um Fluxo de Caixa, Balan\u00e7o Patrimonial, entre outros.","rel":"","context":"Post similar","block_context":{"text":"Post similar","link":""},"img":{"alt_text":"","src":"https:\/\/i0.wp.com\/eliezerladeira.com.br\/blog\/wp-content\/uploads\/2025\/01\/pexels-karolina-grabowska-5900186.jpg?resize=350%2C200&ssl=1","width":350,"height":200,"srcset":"https:\/\/i0.wp.com\/eliezerladeira.com.br\/blog\/wp-content\/uploads\/2025\/01\/pexels-karolina-grabowska-5900186.jpg?resize=350%2C200&ssl=1 1x, https:\/\/i0.wp.com\/eliezerladeira.com.br\/blog\/wp-content\/uploads\/2025\/01\/pexels-karolina-grabowska-5900186.jpg?resize=525%2C300&ssl=1 1.5x, https:\/\/i0.wp.com\/eliezerladeira.com.br\/blog\/wp-content\/uploads\/2025\/01\/pexels-karolina-grabowska-5900186.jpg?resize=700%2C400&ssl=1 2x, https:\/\/i0.wp.com\/eliezerladeira.com.br\/blog\/wp-content\/uploads\/2025\/01\/pexels-karolina-grabowska-5900186.jpg?resize=1050%2C600&ssl=1 3x, https:\/\/i0.wp.com\/eliezerladeira.com.br\/blog\/wp-content\/uploads\/2025\/01\/pexels-karolina-grabowska-5900186.jpg?resize=1400%2C800&ssl=1 4x"},"classes":[]},{"id":2942,"url":"https:\/\/eliezerladeira.com.br\/blog\/produto\/auxiliar-administrativo\/","url_meta":{"origin":2660,"position":4},"title":"Auxiliar Administrativo","author":"admin","date":"","format":false,"excerpt":"Conhe\u00e7a a rotina e os procedimentos desta profiss\u00e3o em crescimento.","rel":"","context":"Post similar","block_context":{"text":"Post similar","link":""},"img":{"alt_text":"","src":"https:\/\/i0.wp.com\/eliezerladeira.com.br\/blog\/wp-content\/uploads\/2025\/02\/curso-para-auxiliar-administrativo.jpg?resize=350%2C200&ssl=1","width":350,"height":200,"srcset":"https:\/\/i0.wp.com\/eliezerladeira.com.br\/blog\/wp-content\/uploads\/2025\/02\/curso-para-auxiliar-administrativo.jpg?resize=350%2C200&ssl=1 1x, https:\/\/i0.wp.com\/eliezerladeira.com.br\/blog\/wp-content\/uploads\/2025\/02\/curso-para-auxiliar-administrativo.jpg?resize=525%2C300&ssl=1 1.5x, https:\/\/i0.wp.com\/eliezerladeira.com.br\/blog\/wp-content\/uploads\/2025\/02\/curso-para-auxiliar-administrativo.jpg?resize=700%2C400&ssl=1 2x, https:\/\/i0.wp.com\/eliezerladeira.com.br\/blog\/wp-content\/uploads\/2025\/02\/curso-para-auxiliar-administrativo.jpg?resize=1050%2C600&ssl=1 3x, https:\/\/i0.wp.com\/eliezerladeira.com.br\/blog\/wp-content\/uploads\/2025\/02\/curso-para-auxiliar-administrativo.jpg?resize=1400%2C800&ssl=1 4x"},"classes":[]},{"id":2973,"url":"https:\/\/eliezerladeira.com.br\/blog\/produto\/avaliacao-de-desempenho\/","url_meta":{"origin":2660,"position":5},"title":"Avalia\u00e7\u00e3o de Desempenho","author":"admin","date":"","format":false,"excerpt":"Avalie os Recursos Humanos de sua empresa com esta ferramenta.","rel":"","context":"Post similar","block_context":{"text":"Post similar","link":""},"img":{"alt_text":"","src":"https:\/\/i0.wp.com\/eliezerladeira.com.br\/blog\/wp-content\/uploads\/2025\/02\/avaliacao-desempenho.jpg?resize=350%2C200&ssl=1","width":350,"height":200,"srcset":"https:\/\/i0.wp.com\/eliezerladeira.com.br\/blog\/wp-content\/uploads\/2025\/02\/avaliacao-desempenho.jpg?resize=350%2C200&ssl=1 1x, https:\/\/i0.wp.com\/eliezerladeira.com.br\/blog\/wp-content\/uploads\/2025\/02\/avaliacao-desempenho.jpg?resize=525%2C300&ssl=1 1.5x"},"classes":[]}],"_links":{"self":[{"href":"https:\/\/eliezerladeira.com.br\/blog\/wp-json\/wp\/v2\/product\/2660","targetHints":{"allow":["GET"]}}],"collection":[{"href":"https:\/\/eliezerladeira.com.br\/blog\/wp-json\/wp\/v2\/product"}],"about":[{"href":"https:\/\/eliezerladeira.com.br\/blog\/wp-json\/wp\/v2\/types\/product"}],"replies":[{"embeddable":true,"href":"https:\/\/eliezerladeira.com.br\/blog\/wp-json\/wp\/v2\/comments?post=2660"}],"wp:featuredmedia":[{"embeddable":true,"href":"https:\/\/eliezerladeira.com.br\/blog\/wp-json\/wp\/v2\/media\/2684"}],"wp:attachment":[{"href":"https:\/\/eliezerladeira.com.br\/blog\/wp-json\/wp\/v2\/media?parent=2660"}],"wp:term":[{"taxonomy":"product_brand","embeddable":true,"href":"https:\/\/eliezerladeira.com.br\/blog\/wp-json\/wp\/v2\/product_brand?post=2660"},{"taxonomy":"product_cat","embeddable":true,"href":"https:\/\/eliezerladeira.com.br\/blog\/wp-json\/wp\/v2\/product_cat?post=2660"},{"taxonomy":"product_tag","embeddable":true,"href":"https:\/\/eliezerladeira.com.br\/blog\/wp-json\/wp\/v2\/product_tag?post=2660"}],"curies":[{"name":"wp","href":"https:\/\/api.w.org\/{rel}","templated":true}]}}