
{"id":2673,"date":"2025-01-29T11:38:31","date_gmt":"2025-01-29T14:38:31","guid":{"rendered":"https:\/\/eliezerladeira.com.br\/blog\/?post_type=product&#038;p=2673"},"modified":"2025-02-06T15:51:25","modified_gmt":"2025-02-06T18:51:25","slug":"agente-aeroportuario","status":"publish","type":"product","link":"https:\/\/eliezerladeira.com.br\/blog\/produto\/agente-aeroportuario\/","title":{"rendered":"Agente Aeroportu\u00e1rio"},"content":{"rendered":"<div id=\"conteudo_curso\">\n<p>O\u00a0<b>Agente Aeroportu\u00e1rio<\/b>\u00a0\u00e9 essencial para o funcionamento de toda a estrutura em um aeroporto. Ele atua nas mais variadas fun\u00e7\u00f5es, desde a reserva e venda de passagens at\u00e9 no aux\u00edlio da manuten\u00e7\u00e3o do cronograma dos voos. Para atuar nesse segmento, \u00e9 importante ter no\u00e7\u00f5es gerais de avia\u00e7\u00e3o, saber lidar com clientes e conhecer as normas da \u00e1rea.<\/p>\n<p>No\u00a0<b>curso de Agente Aeroportu\u00e1rio<\/b>, ser\u00e1 apresentado um panorama da atividade, quais atividades s\u00e3o atribu\u00eddas a esse profissional, aspectos importantes de etiqueta profissional, aspectos da infraestrutura aeroportu\u00e1ria brasileira, al\u00e9m de dicas de primeiros socorros.<\/p>\n<p><b>Aprenda tudo por meio de v\u00eddeo-aulas din\u00e2micas e interativas<\/b>, com um tutor virtual, exemplos e exerc\u00edcios. Voc\u00ea tamb\u00e9m pode baixar as apostilas do curso para arquivar e\/ou imprimir.\u00a0<b>Ao final, receba o seu Certificado de Conclus\u00e3o em casa, sem custo adicional.<\/b><\/p>\n<h3>Carga Hor\u00e1ria: <a class=\"showTip L1\">60 horas \u2022 In\u00edcio imediato<\/a><\/h3>\n<h2 class=\"subtitulo_azul\">Os principais t\u00f3picos do Curso de Agente Aeroportu\u00e1rio s\u00e3o:<\/h2>\n<p class=\"topicos_cursos\"><strong>Unidade 1 \u2013 Panorama Geral da Atividade<\/strong><\/p>\n<ul class=\"descricao\">\n<li>Fun\u00e7\u00f5es do agente aeroportu\u00e1rio<\/li>\n<li>Historia da avia\u00e7\u00e3o geral<\/li>\n<li>Tr\u00eas principais fabricantes de aeronaves<\/li>\n<li>Processo de check-in<\/li>\n<\/ul>\n<p class=\"topicos_cursos\"><strong>Unidade 2 \u2013 Perfil Profissional<\/strong><\/p>\n<ul class=\"descricao\">\n<li>Impacto das rela\u00e7\u00f5es de trabalho<\/li>\n<li>Etiqueta profissional<\/li>\n<li>Equ\u00edvocos mais comuns na fala<\/li>\n<\/ul>\n<p class=\"topicos_cursos\"><strong>Unidade 3 \u2013 No\u00e7\u00f5es de Normas T\u00e9cnicas<\/strong><\/p>\n<ul class=\"descricao\">\n<li>Procedimentos de seguran\u00e7a<\/li>\n<li>Passageiros com necessidades especiais<\/li>\n<li>ANAC<\/li>\n<li>Handling<\/li>\n<\/ul>\n<p class=\"topicos_cursos\"><strong>Unidade 4 \u2013 Conhecimentos Transversais<\/strong><\/p>\n<ul class=\"descricao\">\n<li>Geografia<\/li>\n<li>Privatiza\u00e7\u00e3o de aeroportos<\/li>\n<li>No\u00e7\u00f5es de primeiros socorros<\/li>\n<\/ul>\n<\/div>\n","protected":false},"excerpt":{"rendered":"<p>Conhe\u00e7a as normas e procedimentos seguidos pelos agentes aeroportu\u00e1rios.<\/p>\n","protected":false},"featured_media":2686,"comment_status":"open","ping_status":"closed","template":"","meta":{"colormag_page_layout":"default_layout","_exactmetrics_skip_tracking":false,"_exactmetrics_sitenote_active":false,"_exactmetrics_sitenote_note":"","_exactmetrics_sitenote_category":0,"ngg_post_thumbnail":0,"jetpack_post_was_ever_published":false,"jetpack_publicize_message":"","jetpack_publicize_feature_enabled":true,"jetpack_social_post_already_shared":false,"jetpack_social_options":{"image_generator_settings":{"template":"highway","default_image_id":0,"font":"","enabled":false},"version":2}},"product_brand":[],"product_cat":[906],"product_tag":[910,931,936,929,933,930,935,934,932,938,937],"class_list":{"0":"post-2673","1":"product","2":"type-product","3":"status-publish","4":"has-post-thumbnail","6":"product_cat-administracao","7":"product_tag-administracao","8":"product_tag-aeronaves","9":"product_tag-aeroporto","10":"product_tag-agente-aeroportuario","11":"product_tag-anac","12":"product_tag-aviacao","13":"product_tag-geografia","14":"product_tag-handling","15":"product_tag-normas-tecnicas","16":"product_tag-primeiros-socorros","17":"product_tag-privatizacao","19":"first","20":"instock","21":"shipping-taxable","22":"product-type-external"},"aioseo_notices":[],"jetpack_publicize_connections":[],"jetpack_sharing_enabled":true,"jetpack_likes_enabled":true,"jetpack-related-posts":[{"id":2942,"url":"https:\/\/eliezerladeira.com.br\/blog\/produto\/auxiliar-administrativo\/","url_meta":{"origin":2673,"position":0},"title":"Auxiliar Administrativo","author":"admin","date":"","format":false,"excerpt":"Conhe\u00e7a a rotina e os procedimentos desta profiss\u00e3o em crescimento.","rel":"","context":"Post similar","block_context":{"text":"Post similar","link":""},"img":{"alt_text":"","src":"https:\/\/i0.wp.com\/eliezerladeira.com.br\/blog\/wp-content\/uploads\/2025\/02\/curso-para-auxiliar-administrativo.jpg?resize=350%2C200&ssl=1","width":350,"height":200,"srcset":"https:\/\/i0.wp.com\/eliezerladeira.com.br\/blog\/wp-content\/uploads\/2025\/02\/curso-para-auxiliar-administrativo.jpg?resize=350%2C200&ssl=1 1x, https:\/\/i0.wp.com\/eliezerladeira.com.br\/blog\/wp-content\/uploads\/2025\/02\/curso-para-auxiliar-administrativo.jpg?resize=525%2C300&ssl=1 1.5x, https:\/\/i0.wp.com\/eliezerladeira.com.br\/blog\/wp-content\/uploads\/2025\/02\/curso-para-auxiliar-administrativo.jpg?resize=700%2C400&ssl=1 2x, https:\/\/i0.wp.com\/eliezerladeira.com.br\/blog\/wp-content\/uploads\/2025\/02\/curso-para-auxiliar-administrativo.jpg?resize=1050%2C600&ssl=1 3x, https:\/\/i0.wp.com\/eliezerladeira.com.br\/blog\/wp-content\/uploads\/2025\/02\/curso-para-auxiliar-administrativo.jpg?resize=1400%2C800&ssl=1 4x"},"classes":[]},{"id":2713,"url":"https:\/\/eliezerladeira.com.br\/blog\/produto\/auditoria\/","url_meta":{"origin":2673,"position":1},"title":"Auditoria","author":"admin","date":"","format":false,"excerpt":"Conhe\u00e7a o necess\u00e1rio e esperado para exercer o cargo de auditor.","rel":"","context":"Post similar","block_context":{"text":"Post similar","link":""},"img":{"alt_text":"","src":"https:\/\/i0.wp.com\/eliezerladeira.com.br\/blog\/wp-content\/uploads\/2025\/01\/auditoria-externa.jpg?resize=350%2C200&ssl=1","width":350,"height":200,"srcset":"https:\/\/i0.wp.com\/eliezerladeira.com.br\/blog\/wp-content\/uploads\/2025\/01\/auditoria-externa.jpg?resize=350%2C200&ssl=1 1x, https:\/\/i0.wp.com\/eliezerladeira.com.br\/blog\/wp-content\/uploads\/2025\/01\/auditoria-externa.jpg?resize=525%2C300&ssl=1 1.5x, https:\/\/i0.wp.com\/eliezerladeira.com.br\/blog\/wp-content\/uploads\/2025\/01\/auditoria-externa.jpg?resize=700%2C400&ssl=1 2x, https:\/\/i0.wp.com\/eliezerladeira.com.br\/blog\/wp-content\/uploads\/2025\/01\/auditoria-externa.jpg?resize=1050%2C600&ssl=1 3x"},"classes":[]},{"id":2705,"url":"https:\/\/eliezerladeira.com.br\/blog\/produto\/almoxarifado\/","url_meta":{"origin":2673,"position":2},"title":"Almoxarifado","author":"admin","date":"","format":false,"excerpt":"Saiba como montar e administrar Almoxarifados.","rel":"","context":"Post similar","block_context":{"text":"Post similar","link":""},"img":{"alt_text":"","src":"https:\/\/i0.wp.com\/eliezerladeira.com.br\/blog\/wp-content\/uploads\/2025\/01\/como-ter-eficiencia-no-armazenamento-do-seu-almoxarifado.jpg?resize=350%2C200&ssl=1","width":350,"height":200,"srcset":"https:\/\/i0.wp.com\/eliezerladeira.com.br\/blog\/wp-content\/uploads\/2025\/01\/como-ter-eficiencia-no-armazenamento-do-seu-almoxarifado.jpg?resize=350%2C200&ssl=1 1x, https:\/\/i0.wp.com\/eliezerladeira.com.br\/blog\/wp-content\/uploads\/2025\/01\/como-ter-eficiencia-no-armazenamento-do-seu-almoxarifado.jpg?resize=525%2C300&ssl=1 1.5x, https:\/\/i0.wp.com\/eliezerladeira.com.br\/blog\/wp-content\/uploads\/2025\/01\/como-ter-eficiencia-no-armazenamento-do-seu-almoxarifado.jpg?resize=700%2C400&ssl=1 2x, https:\/\/i0.wp.com\/eliezerladeira.com.br\/blog\/wp-content\/uploads\/2025\/01\/como-ter-eficiencia-no-armazenamento-do-seu-almoxarifado.jpg?resize=1050%2C600&ssl=1 3x"},"classes":[]},{"id":2660,"url":"https:\/\/eliezerladeira.com.br\/blog\/produto\/administracao-do-tempo\/","url_meta":{"origin":2673,"position":3},"title":"Administra\u00e7\u00e3o do Tempo","author":"admin","date":"","format":false,"excerpt":"Saiba como otimizar seu tempo e melhore sua qualidade de vida.","rel":"","context":"Post similar","block_context":{"text":"Post similar","link":""},"img":{"alt_text":"","src":"https:\/\/i0.wp.com\/eliezerladeira.com.br\/blog\/wp-content\/uploads\/2025\/01\/watch-work-hand-clock-time-hour-959022-pxhere.com_.jpg?resize=350%2C200&ssl=1","width":350,"height":200,"srcset":"https:\/\/i0.wp.com\/eliezerladeira.com.br\/blog\/wp-content\/uploads\/2025\/01\/watch-work-hand-clock-time-hour-959022-pxhere.com_.jpg?resize=350%2C200&ssl=1 1x, https:\/\/i0.wp.com\/eliezerladeira.com.br\/blog\/wp-content\/uploads\/2025\/01\/watch-work-hand-clock-time-hour-959022-pxhere.com_.jpg?resize=525%2C300&ssl=1 1.5x, https:\/\/i0.wp.com\/eliezerladeira.com.br\/blog\/wp-content\/uploads\/2025\/01\/watch-work-hand-clock-time-hour-959022-pxhere.com_.jpg?resize=700%2C400&ssl=1 2x, https:\/\/i0.wp.com\/eliezerladeira.com.br\/blog\/wp-content\/uploads\/2025\/01\/watch-work-hand-clock-time-hour-959022-pxhere.com_.jpg?resize=1050%2C600&ssl=1 3x"},"classes":[]},{"id":2978,"url":"https:\/\/eliezerladeira.com.br\/blog\/produto\/chefia-e-lideranca\/","url_meta":{"origin":2673,"position":4},"title":"Chefia e Lideran\u00e7a","author":"admin","date":"","format":false,"excerpt":"Aprenda a delegar, motivar, elogiar, reprimir, entre outros.","rel":"","context":"Post similar","block_context":{"text":"Post similar","link":""},"img":{"alt_text":"","src":"https:\/\/i0.wp.com\/eliezerladeira.com.br\/blog\/wp-content\/uploads\/2025\/02\/curso-com-certificado-de-chefia-e-lideranca-1567088266-870-b125f2a7.jpg?resize=350%2C200&ssl=1","width":350,"height":200,"srcset":"https:\/\/i0.wp.com\/eliezerladeira.com.br\/blog\/wp-content\/uploads\/2025\/02\/curso-com-certificado-de-chefia-e-lideranca-1567088266-870-b125f2a7.jpg?resize=350%2C200&ssl=1 1x, https:\/\/i0.wp.com\/eliezerladeira.com.br\/blog\/wp-content\/uploads\/2025\/02\/curso-com-certificado-de-chefia-e-lideranca-1567088266-870-b125f2a7.jpg?resize=525%2C300&ssl=1 1.5x, https:\/\/i0.wp.com\/eliezerladeira.com.br\/blog\/wp-content\/uploads\/2025\/02\/curso-com-certificado-de-chefia-e-lideranca-1567088266-870-b125f2a7.jpg?resize=700%2C400&ssl=1 2x"},"classes":[]},{"id":2658,"url":"https:\/\/eliezerladeira.com.br\/blog\/produto\/administracao-de-empresas\/","url_meta":{"origin":2673,"position":5},"title":"Administra\u00e7\u00e3o de Empresas","author":"admin","date":"","format":false,"excerpt":"Conhe\u00e7a as diversas \u00e1reas de uma empresa e saiba como administr\u00e1-las.","rel":"","context":"Post similar","block_context":{"text":"Post similar","link":""},"img":{"alt_text":"","src":"https:\/\/i0.wp.com\/eliezerladeira.com.br\/blog\/wp-content\/uploads\/2025\/01\/pexels-n-voitkevich-8062280.jpg?resize=350%2C200&ssl=1","width":350,"height":200,"srcset":"https:\/\/i0.wp.com\/eliezerladeira.com.br\/blog\/wp-content\/uploads\/2025\/01\/pexels-n-voitkevich-8062280.jpg?resize=350%2C200&ssl=1 1x, https:\/\/i0.wp.com\/eliezerladeira.com.br\/blog\/wp-content\/uploads\/2025\/01\/pexels-n-voitkevich-8062280.jpg?resize=525%2C300&ssl=1 1.5x, https:\/\/i0.wp.com\/eliezerladeira.com.br\/blog\/wp-content\/uploads\/2025\/01\/pexels-n-voitkevich-8062280.jpg?resize=700%2C400&ssl=1 2x, https:\/\/i0.wp.com\/eliezerladeira.com.br\/blog\/wp-content\/uploads\/2025\/01\/pexels-n-voitkevich-8062280.jpg?resize=1050%2C600&ssl=1 3x, https:\/\/i0.wp.com\/eliezerladeira.com.br\/blog\/wp-content\/uploads\/2025\/01\/pexels-n-voitkevich-8062280.jpg?resize=1400%2C800&ssl=1 4x"},"classes":[]}],"_links":{"self":[{"href":"https:\/\/eliezerladeira.com.br\/blog\/wp-json\/wp\/v2\/product\/2673","targetHints":{"allow":["GET"]}}],"collection":[{"href":"https:\/\/eliezerladeira.com.br\/blog\/wp-json\/wp\/v2\/product"}],"about":[{"href":"https:\/\/eliezerladeira.com.br\/blog\/wp-json\/wp\/v2\/types\/product"}],"replies":[{"embeddable":true,"href":"https:\/\/eliezerladeira.com.br\/blog\/wp-json\/wp\/v2\/comments?post=2673"}],"wp:featuredmedia":[{"embeddable":true,"href":"https:\/\/eliezerladeira.com.br\/blog\/wp-json\/wp\/v2\/media\/2686"}],"wp:attachment":[{"href":"https:\/\/eliezerladeira.com.br\/blog\/wp-json\/wp\/v2\/media?parent=2673"}],"wp:term":[{"taxonomy":"product_brand","embeddable":true,"href":"https:\/\/eliezerladeira.com.br\/blog\/wp-json\/wp\/v2\/product_brand?post=2673"},{"taxonomy":"product_cat","embeddable":true,"href":"https:\/\/eliezerladeira.com.br\/blog\/wp-json\/wp\/v2\/product_cat?post=2673"},{"taxonomy":"product_tag","embeddable":true,"href":"https:\/\/eliezerladeira.com.br\/blog\/wp-json\/wp\/v2\/product_tag?post=2673"}],"curies":[{"name":"wp","href":"https:\/\/api.w.org\/{rel}","templated":true}]}}