
{"id":2705,"date":"2025-01-29T18:03:35","date_gmt":"2025-01-29T21:03:35","guid":{"rendered":"https:\/\/eliezerladeira.com.br\/blog\/?post_type=product&#038;p=2705"},"modified":"2025-02-06T15:52:20","modified_gmt":"2025-02-06T18:52:20","slug":"almoxarifado","status":"publish","type":"product","link":"https:\/\/eliezerladeira.com.br\/blog\/produto\/almoxarifado\/","title":{"rendered":"Almoxarifado"},"content":{"rendered":"<p>O\u00a0<strong>Almoxarifado<\/strong>\u00a0\u00e9 de vital import\u00e2ncia dentro de uma organiza\u00e7\u00e3o e vem crescendo consideravelmente nos \u00faltimos anos, acompanhando o ritmo das f\u00e1bricas e companhias.<\/p>\n<p>Ligado diretamente \u00e0 \u00e1rea administrativa de um neg\u00f3cio, o\u00a0<strong>Almoxarife<\/strong>\u00a0\u00e9 o profissional respons\u00e1vel por tarefas como a classifica\u00e7\u00e3o e disposi\u00e7\u00e3o dos itens no estoque, seu recebimento dentro de um armaz\u00e9m, a codifica\u00e7\u00e3o e identifica\u00e7\u00e3o de tais produtos etc.<\/p>\n<p>No\u00a0<strong>Curso de Almoxarifado<\/strong>, voc\u00ea aprender\u00e1 t\u00e9cnicas para manter o ambiente de Almoxarifado seguro e organizado, al\u00e9m de conhecer procedimentos fundamentais para ter sucesso nesta profiss\u00e3o.<\/p>\n<p>Tudo isso ser\u00e1 mostrado de forma din\u00e2mica e de f\u00e1cil compreens\u00e3o, atrav\u00e9s de\u00a0<strong>v\u00eddeo-aulas e tutores virtuais que garantem a interatividade<\/strong>\u00a0durante o curso. Voc\u00ea tamb\u00e9m ter\u00e1 acesso \u00e0s apostilas do curso, dispon\u00edveis para baixar no pr\u00f3prio site. Ao final,\u00a0<strong>receber\u00e1 o seu Certificado de Conclus\u00e3o em casa<\/strong>, sem custo adicional.<\/p>\n<h3>Carga Hor\u00e1ria: <a class=\"showTip L1\">50 horas \u2022 In\u00edcio imediato<\/a><\/h3>\n<h2 class=\"subtitulo_azul\">Os principais t\u00f3picos do Curso de Almoxarifado s\u00e3o:<\/h2>\n<p class=\"topicos_cursos\"><strong>Unidade 1 \u2013 Contextualiza\u00e7\u00e3o da atividade de almoxarifado<\/strong><\/p>\n<ul class=\"descricao\">\n<li>Introdu\u00e7\u00e3o<\/li>\n<li>Almoxarife<\/li>\n<li>Perfil do profissional de almoxarife<\/li>\n<li>Controle e classifica\u00e7\u00e3o de materiais<\/li>\n<li>Seguran\u00e7a no ambiente de trabalho<\/li>\n<\/ul>\n<p class=\"topicos_cursos\"><strong>Unidade 2 \u2013 A import\u00e2ncia estrat\u00e9gica e operacional<\/strong><\/p>\n<ul class=\"descricao\">\n<li>Classifica\u00e7\u00e3o de materiais<\/li>\n<li>Codifica\u00e7\u00e3o<\/li>\n<li>Recebimento<\/li>\n<li>Entrada de materiais<\/li>\n<li>Estocagem de materiais<\/li>\n<\/ul>\n<p class=\"topicos_cursos\"><strong>Unidade 3 \u2013 Procedimentos<\/strong><\/p>\n<ul class=\"descricao\">\n<li>Espa\u00e7o e Layout do almoxarifado<\/li>\n<li>Movimenta\u00e7\u00e3o de cargas e transportes internos<\/li>\n<li>Seguran\u00e7a nos sistemas de armazenamento<\/li>\n<li>Gest\u00e3o de materiais<\/li>\n<li>Controle de qualidade<\/li>\n<\/ul>\n<p class=\"topicos_cursos\"><strong>Unidade 4 \u2013 Par\u00e2metros de ressuprimento de estoque<\/strong><\/p>\n<ul class=\"descricao\">\n<li>N\u00edveis de estoque<\/li>\n<li>Distribui\u00e7\u00e3o e invent\u00e1rios<\/li>\n<li>Aparato tecnol\u00f3gico no almoxarifado<\/li>\n<li>\u00c9tica no trabalho<\/li>\n<li>Conclus\u00e3o<\/li>\n<\/ul>\n","protected":false},"excerpt":{"rendered":"<p>Saiba como montar e administrar Almoxarifados.<\/p>\n","protected":false},"featured_media":2706,"comment_status":"open","ping_status":"closed","template":"","meta":{"colormag_page_layout":"default_layout","_exactmetrics_skip_tracking":false,"_exactmetrics_sitenote_active":false,"_exactmetrics_sitenote_note":"","_exactmetrics_sitenote_category":0,"ngg_post_thumbnail":0,"jetpack_post_was_ever_published":false,"jetpack_publicize_message":"","jetpack_publicize_feature_enabled":true,"jetpack_social_post_already_shared":false,"jetpack_social_options":{"image_generator_settings":{"template":"highway","default_image_id":0,"font":"","enabled":false},"version":2}},"product_brand":[],"product_cat":[906],"product_tag":[910,952,953,954],"class_list":{"0":"post-2705","1":"product","2":"type-product","3":"status-publish","4":"has-post-thumbnail","6":"product_cat-administracao","7":"product_tag-administracao","8":"product_tag-almoxarifado","9":"product_tag-almoxarife","10":"product_tag-estoque","12":"first","13":"instock","14":"shipping-taxable","15":"product-type-external"},"aioseo_notices":[],"jetpack_publicize_connections":[],"jetpack_sharing_enabled":true,"jetpack_likes_enabled":true,"jetpack-related-posts":[{"id":2658,"url":"https:\/\/eliezerladeira.com.br\/blog\/produto\/administracao-de-empresas\/","url_meta":{"origin":2705,"position":0},"title":"Administra\u00e7\u00e3o de Empresas","author":"admin","date":"","format":false,"excerpt":"Conhe\u00e7a as diversas \u00e1reas de uma empresa e saiba como administr\u00e1-las.","rel":"","context":"Post similar","block_context":{"text":"Post similar","link":""},"img":{"alt_text":"","src":"https:\/\/i0.wp.com\/eliezerladeira.com.br\/blog\/wp-content\/uploads\/2025\/01\/pexels-n-voitkevich-8062280.jpg?resize=350%2C200&ssl=1","width":350,"height":200,"srcset":"https:\/\/i0.wp.com\/eliezerladeira.com.br\/blog\/wp-content\/uploads\/2025\/01\/pexels-n-voitkevich-8062280.jpg?resize=350%2C200&ssl=1 1x, https:\/\/i0.wp.com\/eliezerladeira.com.br\/blog\/wp-content\/uploads\/2025\/01\/pexels-n-voitkevich-8062280.jpg?resize=525%2C300&ssl=1 1.5x, https:\/\/i0.wp.com\/eliezerladeira.com.br\/blog\/wp-content\/uploads\/2025\/01\/pexels-n-voitkevich-8062280.jpg?resize=700%2C400&ssl=1 2x, https:\/\/i0.wp.com\/eliezerladeira.com.br\/blog\/wp-content\/uploads\/2025\/01\/pexels-n-voitkevich-8062280.jpg?resize=1050%2C600&ssl=1 3x, https:\/\/i0.wp.com\/eliezerladeira.com.br\/blog\/wp-content\/uploads\/2025\/01\/pexels-n-voitkevich-8062280.jpg?resize=1400%2C800&ssl=1 4x"},"classes":[]},{"id":2942,"url":"https:\/\/eliezerladeira.com.br\/blog\/produto\/auxiliar-administrativo\/","url_meta":{"origin":2705,"position":1},"title":"Auxiliar Administrativo","author":"admin","date":"","format":false,"excerpt":"Conhe\u00e7a a rotina e os procedimentos desta profiss\u00e3o em crescimento.","rel":"","context":"Post similar","block_context":{"text":"Post similar","link":""},"img":{"alt_text":"","src":"https:\/\/i0.wp.com\/eliezerladeira.com.br\/blog\/wp-content\/uploads\/2025\/02\/curso-para-auxiliar-administrativo.jpg?resize=350%2C200&ssl=1","width":350,"height":200,"srcset":"https:\/\/i0.wp.com\/eliezerladeira.com.br\/blog\/wp-content\/uploads\/2025\/02\/curso-para-auxiliar-administrativo.jpg?resize=350%2C200&ssl=1 1x, https:\/\/i0.wp.com\/eliezerladeira.com.br\/blog\/wp-content\/uploads\/2025\/02\/curso-para-auxiliar-administrativo.jpg?resize=525%2C300&ssl=1 1.5x, https:\/\/i0.wp.com\/eliezerladeira.com.br\/blog\/wp-content\/uploads\/2025\/02\/curso-para-auxiliar-administrativo.jpg?resize=700%2C400&ssl=1 2x, https:\/\/i0.wp.com\/eliezerladeira.com.br\/blog\/wp-content\/uploads\/2025\/02\/curso-para-auxiliar-administrativo.jpg?resize=1050%2C600&ssl=1 3x, https:\/\/i0.wp.com\/eliezerladeira.com.br\/blog\/wp-content\/uploads\/2025\/02\/curso-para-auxiliar-administrativo.jpg?resize=1400%2C800&ssl=1 4x"},"classes":[]},{"id":2656,"url":"https:\/\/eliezerladeira.com.br\/blog\/produto\/adm-contabil-e-financeira\/","url_meta":{"origin":2705,"position":2},"title":"Adm. Cont\u00e1bil e Financeira","author":"admin","date":"","format":false,"excerpt":"Aprenda a montar um Fluxo de Caixa, Balan\u00e7o Patrimonial, entre outros.","rel":"","context":"Post similar","block_context":{"text":"Post similar","link":""},"img":{"alt_text":"","src":"https:\/\/i0.wp.com\/eliezerladeira.com.br\/blog\/wp-content\/uploads\/2025\/01\/pexels-karolina-grabowska-5900186.jpg?resize=350%2C200&ssl=1","width":350,"height":200,"srcset":"https:\/\/i0.wp.com\/eliezerladeira.com.br\/blog\/wp-content\/uploads\/2025\/01\/pexels-karolina-grabowska-5900186.jpg?resize=350%2C200&ssl=1 1x, https:\/\/i0.wp.com\/eliezerladeira.com.br\/blog\/wp-content\/uploads\/2025\/01\/pexels-karolina-grabowska-5900186.jpg?resize=525%2C300&ssl=1 1.5x, https:\/\/i0.wp.com\/eliezerladeira.com.br\/blog\/wp-content\/uploads\/2025\/01\/pexels-karolina-grabowska-5900186.jpg?resize=700%2C400&ssl=1 2x, https:\/\/i0.wp.com\/eliezerladeira.com.br\/blog\/wp-content\/uploads\/2025\/01\/pexels-karolina-grabowska-5900186.jpg?resize=1050%2C600&ssl=1 3x, https:\/\/i0.wp.com\/eliezerladeira.com.br\/blog\/wp-content\/uploads\/2025\/01\/pexels-karolina-grabowska-5900186.jpg?resize=1400%2C800&ssl=1 4x"},"classes":[]},{"id":2660,"url":"https:\/\/eliezerladeira.com.br\/blog\/produto\/administracao-do-tempo\/","url_meta":{"origin":2705,"position":3},"title":"Administra\u00e7\u00e3o do Tempo","author":"admin","date":"","format":false,"excerpt":"Saiba como otimizar seu tempo e melhore sua qualidade de vida.","rel":"","context":"Post similar","block_context":{"text":"Post similar","link":""},"img":{"alt_text":"","src":"https:\/\/i0.wp.com\/eliezerladeira.com.br\/blog\/wp-content\/uploads\/2025\/01\/watch-work-hand-clock-time-hour-959022-pxhere.com_.jpg?resize=350%2C200&ssl=1","width":350,"height":200,"srcset":"https:\/\/i0.wp.com\/eliezerladeira.com.br\/blog\/wp-content\/uploads\/2025\/01\/watch-work-hand-clock-time-hour-959022-pxhere.com_.jpg?resize=350%2C200&ssl=1 1x, https:\/\/i0.wp.com\/eliezerladeira.com.br\/blog\/wp-content\/uploads\/2025\/01\/watch-work-hand-clock-time-hour-959022-pxhere.com_.jpg?resize=525%2C300&ssl=1 1.5x, https:\/\/i0.wp.com\/eliezerladeira.com.br\/blog\/wp-content\/uploads\/2025\/01\/watch-work-hand-clock-time-hour-959022-pxhere.com_.jpg?resize=700%2C400&ssl=1 2x, https:\/\/i0.wp.com\/eliezerladeira.com.br\/blog\/wp-content\/uploads\/2025\/01\/watch-work-hand-clock-time-hour-959022-pxhere.com_.jpg?resize=1050%2C600&ssl=1 3x"},"classes":[]},{"id":2673,"url":"https:\/\/eliezerladeira.com.br\/blog\/produto\/agente-aeroportuario\/","url_meta":{"origin":2705,"position":4},"title":"Agente Aeroportu\u00e1rio","author":"admin","date":"","format":false,"excerpt":"Conhe\u00e7a as normas e procedimentos seguidos pelos agentes aeroportu\u00e1rios.","rel":"","context":"Post similar","block_context":{"text":"Post similar","link":""},"img":{"alt_text":"","src":"https:\/\/i0.wp.com\/eliezerladeira.com.br\/blog\/wp-content\/uploads\/2025\/01\/agente-de-aeroporto-capa1-e1585143813582.jpg?resize=350%2C200&ssl=1","width":350,"height":200,"srcset":"https:\/\/i0.wp.com\/eliezerladeira.com.br\/blog\/wp-content\/uploads\/2025\/01\/agente-de-aeroporto-capa1-e1585143813582.jpg?resize=350%2C200&ssl=1 1x, https:\/\/i0.wp.com\/eliezerladeira.com.br\/blog\/wp-content\/uploads\/2025\/01\/agente-de-aeroporto-capa1-e1585143813582.jpg?resize=525%2C300&ssl=1 1.5x, https:\/\/i0.wp.com\/eliezerladeira.com.br\/blog\/wp-content\/uploads\/2025\/01\/agente-de-aeroporto-capa1-e1585143813582.jpg?resize=700%2C400&ssl=1 2x"},"classes":[]},{"id":2711,"url":"https:\/\/eliezerladeira.com.br\/blog\/produto\/aprenda-a-falar-em-publico\/","url_meta":{"origin":2705,"position":5},"title":"Aprenda a Falar em P\u00fablico","author":"admin","date":"","format":false,"excerpt":"T\u00e9cnicas simples e eficazes para controlar o nervosismo e Falar Bem em P\u00fablico.","rel":"","context":"Post similar","block_context":{"text":"Post similar","link":""},"img":{"alt_text":"","src":"https:\/\/i0.wp.com\/eliezerladeira.com.br\/blog\/wp-content\/uploads\/2025\/01\/speech-lecture-wcyvr-orator-public-speaking-436228-pxhere.com_.jpg?resize=350%2C200&ssl=1","width":350,"height":200,"srcset":"https:\/\/i0.wp.com\/eliezerladeira.com.br\/blog\/wp-content\/uploads\/2025\/01\/speech-lecture-wcyvr-orator-public-speaking-436228-pxhere.com_.jpg?resize=350%2C200&ssl=1 1x, https:\/\/i0.wp.com\/eliezerladeira.com.br\/blog\/wp-content\/uploads\/2025\/01\/speech-lecture-wcyvr-orator-public-speaking-436228-pxhere.com_.jpg?resize=525%2C300&ssl=1 1.5x, https:\/\/i0.wp.com\/eliezerladeira.com.br\/blog\/wp-content\/uploads\/2025\/01\/speech-lecture-wcyvr-orator-public-speaking-436228-pxhere.com_.jpg?resize=700%2C400&ssl=1 2x, https:\/\/i0.wp.com\/eliezerladeira.com.br\/blog\/wp-content\/uploads\/2025\/01\/speech-lecture-wcyvr-orator-public-speaking-436228-pxhere.com_.jpg?resize=1050%2C600&ssl=1 3x"},"classes":[]}],"_links":{"self":[{"href":"https:\/\/eliezerladeira.com.br\/blog\/wp-json\/wp\/v2\/product\/2705","targetHints":{"allow":["GET"]}}],"collection":[{"href":"https:\/\/eliezerladeira.com.br\/blog\/wp-json\/wp\/v2\/product"}],"about":[{"href":"https:\/\/eliezerladeira.com.br\/blog\/wp-json\/wp\/v2\/types\/product"}],"replies":[{"embeddable":true,"href":"https:\/\/eliezerladeira.com.br\/blog\/wp-json\/wp\/v2\/comments?post=2705"}],"wp:featuredmedia":[{"embeddable":true,"href":"https:\/\/eliezerladeira.com.br\/blog\/wp-json\/wp\/v2\/media\/2706"}],"wp:attachment":[{"href":"https:\/\/eliezerladeira.com.br\/blog\/wp-json\/wp\/v2\/media?parent=2705"}],"wp:term":[{"taxonomy":"product_brand","embeddable":true,"href":"https:\/\/eliezerladeira.com.br\/blog\/wp-json\/wp\/v2\/product_brand?post=2705"},{"taxonomy":"product_cat","embeddable":true,"href":"https:\/\/eliezerladeira.com.br\/blog\/wp-json\/wp\/v2\/product_cat?post=2705"},{"taxonomy":"product_tag","embeddable":true,"href":"https:\/\/eliezerladeira.com.br\/blog\/wp-json\/wp\/v2\/product_tag?post=2705"}],"curies":[{"name":"wp","href":"https:\/\/api.w.org\/{rel}","templated":true}]}}