
{"id":2707,"date":"2025-01-29T18:10:11","date_gmt":"2025-01-29T21:10:11","guid":{"rendered":"https:\/\/eliezerladeira.com.br\/blog\/?post_type=product&#038;p=2707"},"modified":"2025-02-06T15:53:45","modified_gmt":"2025-02-06T18:53:45","slug":"analise-de-cargos-e-salarios","status":"publish","type":"product","link":"https:\/\/eliezerladeira.com.br\/blog\/produto\/analise-de-cargos-e-salarios\/","title":{"rendered":"An\u00e1lise de Cargos e Sal\u00e1rios"},"content":{"rendered":"<div id=\"curso\">\n<p>Para que uma empresa mantenha-se competitiva dentro do seu ramo de atua\u00e7\u00e3o, \u00e9 necess\u00e1rio se preocupar com os seus\u00a0<b>recursos humanos<\/b>\u00a0e sua satisfa\u00e7\u00e3o em rela\u00e7\u00e3o ao dia a dia corporativo.<\/p>\n<p>Sabemos que um dos fatores mais importantes para um trabalhador em rela\u00e7\u00e3o ao seu trabalho \u00e9 a\u00a0<b>remunera\u00e7\u00e3o<\/b>.\u00a0<strong>M<\/strong><b><strong>as<\/strong>\u00a0como as empresas devem se comportar para que a remunera\u00e7\u00e3o atenda a todos os seus funcion\u00e1rios de maneira justa e satisfat\u00f3ria?<\/b><\/p>\n<p>A resposta est\u00e1 na\u00a0<b>An\u00e1lise de Cargos e Sal\u00e1rios<\/b>, um conjunto de procedimentos que, quando aplicados de maneira eficiente, podem ajudar os administradores a entender de que maneira suas empresas est\u00e3o posicionadas em rela\u00e7\u00e3o \u00e0 remunera\u00e7\u00e3o.<\/p>\n<p><b>Aprenda:<\/b><\/p>\n<ul class=\"descricao\">\n<li>Como detectar e corrigir discrep\u00e2ncias de remunera\u00e7\u00e3o;<\/li>\n<li>Como entender onde sua empresa se posiciona em rela\u00e7\u00e3o ao restante do mercado de trabalho quando o assunto \u00e9 remunera\u00e7\u00e3o;<\/li>\n<li>De que forma \u00e9 poss\u00edvel motivar o funcion\u00e1rio com sua remunera\u00e7\u00e3o, seja por interm\u00e9dio de dinheiro ou de benef\u00edcios \u00fateis e de grande conveni\u00eancia.<\/li>\n<\/ul>\n<p><b>Aprenda tudo por meio de videoaulas din\u00e2micas e interativas<\/b>, com um tutor virtual, exemplos e exerc\u00edcios. Voc\u00ea tamb\u00e9m pode baixar as apostilas do curso para arquivar e\/ou imprimir.\u00a0<b>Ao final, receba o seu Certificado de Conclus\u00e3o em casa<\/b>, sem custo adicional.<\/p>\n<h3>Carga Hor\u00e1ria: <a class=\"showTip L1\">50 horas \u2022 In\u00edcio imediato<\/a><\/h3>\n<h2 class=\"subtitulo_azul\">Os principais t\u00f3picos do Curso de An\u00e1lise de Cargos e Sal\u00e1rios s\u00e3o:<\/h2>\n<p class=\"topicos_cursos\"><strong>Unidade 1 \u2013 Conceitos Gerais<\/strong><\/p>\n<ul class=\"descricao\">\n<li>O Departamento de Remunera\u00e7\u00e3o<\/li>\n<li>Como utilizar a remunera\u00e7\u00e3o de maneira estrat\u00e9gica<\/li>\n<li>Diferen\u00e7as entre tarefa, fun\u00e7\u00e3o e cargo<\/li>\n<li>O papel do paradigma salarial<\/li>\n<\/ul>\n<p class=\"topicos_cursos\"><strong>Unidade 2 \u2013 Prepara\u00e7\u00e3o para o Programa de Cargos e Sal\u00e1rios<\/strong><\/p>\n<ul class=\"descricao\">\n<li>Por que desenvolver um Plano de Cargos e Sal\u00e1rios?<\/li>\n<li>Diagn\u00f3stico da empresa<\/li>\n<li>Etapas de um Plano de Cargos e Sal\u00e1rios?<\/li>\n<li>Como comunicar o Plano para os empregados<\/li>\n<\/ul>\n<p class=\"topicos_cursos\"><strong>Unidade 3 \u2013 An\u00e1lise dos Cargos<\/strong><\/p>\n<ul class=\"descricao\">\n<li>M\u00e9todos para analisar os cargos<\/li>\n<li>Descri\u00e7\u00e3o dos cargos<\/li>\n<li>Avalia\u00e7\u00e3o de Cargos<\/li>\n<\/ul>\n<p class=\"topicos_cursos\"><strong>Unidade 4 \u2013 An\u00e1lise Salarial<\/strong><\/p>\n<ul class=\"descricao\">\n<li>Pesquisa Salarial<\/li>\n<li>Estrutura salarial<\/li>\n<li>Processos de reten\u00e7\u00e3o de talentos<\/li>\n<li>Encerramento<\/li>\n<\/ul>\n<\/div>\n","protected":false},"excerpt":{"rendered":"<p><span class=\"texto_cinza\">Como desenvolver uma pol\u00edtica de remunera\u00e7\u00e3o justa para sua empresa.<\/span><\/p>\n","protected":false},"featured_media":2708,"comment_status":"open","ping_status":"closed","template":"","meta":{"colormag_page_layout":"default_layout","_exactmetrics_skip_tracking":false,"_exactmetrics_sitenote_active":false,"_exactmetrics_sitenote_note":"","_exactmetrics_sitenote_category":0,"ngg_post_thumbnail":0,"jetpack_post_was_ever_published":false,"jetpack_publicize_message":"","jetpack_publicize_feature_enabled":true,"jetpack_social_post_already_shared":false,"jetpack_social_options":{"image_generator_settings":{"template":"highway","default_image_id":0,"font":"","enabled":false},"version":2}},"product_brand":[],"product_cat":[906],"product_tag":[910,955,956,957],"class_list":{"0":"post-2707","1":"product","2":"type-product","3":"status-publish","4":"has-post-thumbnail","6":"product_cat-administracao","7":"product_tag-administracao","8":"product_tag-analise","9":"product_tag-cargos","10":"product_tag-salarios","12":"first","13":"instock","14":"shipping-taxable","15":"product-type-external"},"aioseo_notices":[],"jetpack_publicize_connections":[],"jetpack_sharing_enabled":true,"jetpack_likes_enabled":true,"jetpack-related-posts":[{"id":2976,"url":"https:\/\/eliezerladeira.com.br\/blog\/produto\/calculos-trabalhistas\/","url_meta":{"origin":2707,"position":0},"title":"C\u00e1lculos Trabalhistas","author":"admin","date":"","format":false,"excerpt":"Aprenda como realizar C\u00e1lculos Trabalhistas corretamente.","rel":"","context":"Post similar","block_context":{"text":"Post similar","link":""},"img":{"alt_text":"","src":"https:\/\/i0.wp.com\/eliezerladeira.com.br\/blog\/wp-content\/uploads\/2025\/02\/Calculos-Trabalhistas-da-Folha-de-Pagamento.jpg?resize=350%2C200&ssl=1","width":350,"height":200,"srcset":"https:\/\/i0.wp.com\/eliezerladeira.com.br\/blog\/wp-content\/uploads\/2025\/02\/Calculos-Trabalhistas-da-Folha-de-Pagamento.jpg?resize=350%2C200&ssl=1 1x, https:\/\/i0.wp.com\/eliezerladeira.com.br\/blog\/wp-content\/uploads\/2025\/02\/Calculos-Trabalhistas-da-Folha-de-Pagamento.jpg?resize=525%2C300&ssl=1 1.5x, https:\/\/i0.wp.com\/eliezerladeira.com.br\/blog\/wp-content\/uploads\/2025\/02\/Calculos-Trabalhistas-da-Folha-de-Pagamento.jpg?resize=700%2C400&ssl=1 2x, https:\/\/i0.wp.com\/eliezerladeira.com.br\/blog\/wp-content\/uploads\/2025\/02\/Calculos-Trabalhistas-da-Folha-de-Pagamento.jpg?resize=1050%2C600&ssl=1 3x, https:\/\/i0.wp.com\/eliezerladeira.com.br\/blog\/wp-content\/uploads\/2025\/02\/Calculos-Trabalhistas-da-Folha-de-Pagamento.jpg?resize=1400%2C800&ssl=1 4x"},"classes":[]},{"id":2656,"url":"https:\/\/eliezerladeira.com.br\/blog\/produto\/adm-contabil-e-financeira\/","url_meta":{"origin":2707,"position":1},"title":"Adm. Cont\u00e1bil e Financeira","author":"admin","date":"","format":false,"excerpt":"Aprenda a montar um Fluxo de Caixa, Balan\u00e7o Patrimonial, entre outros.","rel":"","context":"Post similar","block_context":{"text":"Post similar","link":""},"img":{"alt_text":"","src":"https:\/\/i0.wp.com\/eliezerladeira.com.br\/blog\/wp-content\/uploads\/2025\/01\/pexels-karolina-grabowska-5900186.jpg?resize=350%2C200&ssl=1","width":350,"height":200,"srcset":"https:\/\/i0.wp.com\/eliezerladeira.com.br\/blog\/wp-content\/uploads\/2025\/01\/pexels-karolina-grabowska-5900186.jpg?resize=350%2C200&ssl=1 1x, https:\/\/i0.wp.com\/eliezerladeira.com.br\/blog\/wp-content\/uploads\/2025\/01\/pexels-karolina-grabowska-5900186.jpg?resize=525%2C300&ssl=1 1.5x, https:\/\/i0.wp.com\/eliezerladeira.com.br\/blog\/wp-content\/uploads\/2025\/01\/pexels-karolina-grabowska-5900186.jpg?resize=700%2C400&ssl=1 2x, https:\/\/i0.wp.com\/eliezerladeira.com.br\/blog\/wp-content\/uploads\/2025\/01\/pexels-karolina-grabowska-5900186.jpg?resize=1050%2C600&ssl=1 3x, https:\/\/i0.wp.com\/eliezerladeira.com.br\/blog\/wp-content\/uploads\/2025\/01\/pexels-karolina-grabowska-5900186.jpg?resize=1400%2C800&ssl=1 4x"},"classes":[]},{"id":2973,"url":"https:\/\/eliezerladeira.com.br\/blog\/produto\/avaliacao-de-desempenho\/","url_meta":{"origin":2707,"position":2},"title":"Avalia\u00e7\u00e3o de Desempenho","author":"admin","date":"","format":false,"excerpt":"Avalie os Recursos Humanos de sua empresa com esta ferramenta.","rel":"","context":"Post similar","block_context":{"text":"Post similar","link":""},"img":{"alt_text":"","src":"https:\/\/i0.wp.com\/eliezerladeira.com.br\/blog\/wp-content\/uploads\/2025\/02\/avaliacao-desempenho.jpg?resize=350%2C200&ssl=1","width":350,"height":200,"srcset":"https:\/\/i0.wp.com\/eliezerladeira.com.br\/blog\/wp-content\/uploads\/2025\/02\/avaliacao-desempenho.jpg?resize=350%2C200&ssl=1 1x, https:\/\/i0.wp.com\/eliezerladeira.com.br\/blog\/wp-content\/uploads\/2025\/02\/avaliacao-desempenho.jpg?resize=525%2C300&ssl=1 1.5x"},"classes":[]},{"id":2713,"url":"https:\/\/eliezerladeira.com.br\/blog\/produto\/auditoria\/","url_meta":{"origin":2707,"position":3},"title":"Auditoria","author":"admin","date":"","format":false,"excerpt":"Conhe\u00e7a o necess\u00e1rio e esperado para exercer o cargo de auditor.","rel":"","context":"Post similar","block_context":{"text":"Post similar","link":""},"img":{"alt_text":"","src":"https:\/\/i0.wp.com\/eliezerladeira.com.br\/blog\/wp-content\/uploads\/2025\/01\/auditoria-externa.jpg?resize=350%2C200&ssl=1","width":350,"height":200,"srcset":"https:\/\/i0.wp.com\/eliezerladeira.com.br\/blog\/wp-content\/uploads\/2025\/01\/auditoria-externa.jpg?resize=350%2C200&ssl=1 1x, https:\/\/i0.wp.com\/eliezerladeira.com.br\/blog\/wp-content\/uploads\/2025\/01\/auditoria-externa.jpg?resize=525%2C300&ssl=1 1.5x, https:\/\/i0.wp.com\/eliezerladeira.com.br\/blog\/wp-content\/uploads\/2025\/01\/auditoria-externa.jpg?resize=700%2C400&ssl=1 2x, https:\/\/i0.wp.com\/eliezerladeira.com.br\/blog\/wp-content\/uploads\/2025\/01\/auditoria-externa.jpg?resize=1050%2C600&ssl=1 3x"},"classes":[]},{"id":2660,"url":"https:\/\/eliezerladeira.com.br\/blog\/produto\/administracao-do-tempo\/","url_meta":{"origin":2707,"position":4},"title":"Administra\u00e7\u00e3o do Tempo","author":"admin","date":"","format":false,"excerpt":"Saiba como otimizar seu tempo e melhore sua qualidade de vida.","rel":"","context":"Post similar","block_context":{"text":"Post similar","link":""},"img":{"alt_text":"","src":"https:\/\/i0.wp.com\/eliezerladeira.com.br\/blog\/wp-content\/uploads\/2025\/01\/watch-work-hand-clock-time-hour-959022-pxhere.com_.jpg?resize=350%2C200&ssl=1","width":350,"height":200,"srcset":"https:\/\/i0.wp.com\/eliezerladeira.com.br\/blog\/wp-content\/uploads\/2025\/01\/watch-work-hand-clock-time-hour-959022-pxhere.com_.jpg?resize=350%2C200&ssl=1 1x, https:\/\/i0.wp.com\/eliezerladeira.com.br\/blog\/wp-content\/uploads\/2025\/01\/watch-work-hand-clock-time-hour-959022-pxhere.com_.jpg?resize=525%2C300&ssl=1 1.5x, https:\/\/i0.wp.com\/eliezerladeira.com.br\/blog\/wp-content\/uploads\/2025\/01\/watch-work-hand-clock-time-hour-959022-pxhere.com_.jpg?resize=700%2C400&ssl=1 2x, https:\/\/i0.wp.com\/eliezerladeira.com.br\/blog\/wp-content\/uploads\/2025\/01\/watch-work-hand-clock-time-hour-959022-pxhere.com_.jpg?resize=1050%2C600&ssl=1 3x"},"classes":[]},{"id":2658,"url":"https:\/\/eliezerladeira.com.br\/blog\/produto\/administracao-de-empresas\/","url_meta":{"origin":2707,"position":5},"title":"Administra\u00e7\u00e3o de Empresas","author":"admin","date":"","format":false,"excerpt":"Conhe\u00e7a as diversas \u00e1reas de uma empresa e saiba como administr\u00e1-las.","rel":"","context":"Post similar","block_context":{"text":"Post similar","link":""},"img":{"alt_text":"","src":"https:\/\/i0.wp.com\/eliezerladeira.com.br\/blog\/wp-content\/uploads\/2025\/01\/pexels-n-voitkevich-8062280.jpg?resize=350%2C200&ssl=1","width":350,"height":200,"srcset":"https:\/\/i0.wp.com\/eliezerladeira.com.br\/blog\/wp-content\/uploads\/2025\/01\/pexels-n-voitkevich-8062280.jpg?resize=350%2C200&ssl=1 1x, https:\/\/i0.wp.com\/eliezerladeira.com.br\/blog\/wp-content\/uploads\/2025\/01\/pexels-n-voitkevich-8062280.jpg?resize=525%2C300&ssl=1 1.5x, https:\/\/i0.wp.com\/eliezerladeira.com.br\/blog\/wp-content\/uploads\/2025\/01\/pexels-n-voitkevich-8062280.jpg?resize=700%2C400&ssl=1 2x, https:\/\/i0.wp.com\/eliezerladeira.com.br\/blog\/wp-content\/uploads\/2025\/01\/pexels-n-voitkevich-8062280.jpg?resize=1050%2C600&ssl=1 3x, https:\/\/i0.wp.com\/eliezerladeira.com.br\/blog\/wp-content\/uploads\/2025\/01\/pexels-n-voitkevich-8062280.jpg?resize=1400%2C800&ssl=1 4x"},"classes":[]}],"_links":{"self":[{"href":"https:\/\/eliezerladeira.com.br\/blog\/wp-json\/wp\/v2\/product\/2707","targetHints":{"allow":["GET"]}}],"collection":[{"href":"https:\/\/eliezerladeira.com.br\/blog\/wp-json\/wp\/v2\/product"}],"about":[{"href":"https:\/\/eliezerladeira.com.br\/blog\/wp-json\/wp\/v2\/types\/product"}],"replies":[{"embeddable":true,"href":"https:\/\/eliezerladeira.com.br\/blog\/wp-json\/wp\/v2\/comments?post=2707"}],"wp:featuredmedia":[{"embeddable":true,"href":"https:\/\/eliezerladeira.com.br\/blog\/wp-json\/wp\/v2\/media\/2708"}],"wp:attachment":[{"href":"https:\/\/eliezerladeira.com.br\/blog\/wp-json\/wp\/v2\/media?parent=2707"}],"wp:term":[{"taxonomy":"product_brand","embeddable":true,"href":"https:\/\/eliezerladeira.com.br\/blog\/wp-json\/wp\/v2\/product_brand?post=2707"},{"taxonomy":"product_cat","embeddable":true,"href":"https:\/\/eliezerladeira.com.br\/blog\/wp-json\/wp\/v2\/product_cat?post=2707"},{"taxonomy":"product_tag","embeddable":true,"href":"https:\/\/eliezerladeira.com.br\/blog\/wp-json\/wp\/v2\/product_tag?post=2707"}],"curies":[{"name":"wp","href":"https:\/\/api.w.org\/{rel}","templated":true}]}}