
{"id":2711,"date":"2025-01-29T21:10:29","date_gmt":"2025-01-30T00:10:29","guid":{"rendered":"https:\/\/eliezerladeira.com.br\/blog\/?post_type=product&#038;p=2711"},"modified":"2025-02-06T15:54:51","modified_gmt":"2025-02-06T18:54:51","slug":"aprenda-a-falar-em-publico","status":"publish","type":"product","link":"https:\/\/eliezerladeira.com.br\/blog\/produto\/aprenda-a-falar-em-publico\/","title":{"rendered":"Aprenda a Falar em P\u00fablico"},"content":{"rendered":"<div id=\"curso\">\n<p>As pesquisas comprovam:\u00a0<strong>60% dos brasileiros t\u00eam pavor de se expor e falar em p\u00fablico!<\/strong><\/p>\n<p>Portanto, quem fala bem e n\u00e3o tem medo, j\u00e1 ganha um diferencial importante na carreira e nos processos de sele\u00e7\u00e3o para empregos.<\/p>\n<p>Todos precisam falar bem para:<\/p>\n<ul class=\"descricao\">\n<li>Apresentar um projeto,<\/li>\n<li>Vender uma ideia,<\/li>\n<li>Defender as qualidades de um produto,<\/li>\n<li>Participar de uma reuni\u00e3o&#8230;<\/li>\n<\/ul>\n<p>O\u00a0<strong>Curso Aprenda a Falar em P\u00fablico<\/strong>\u00a0ensina como falar melhor, com formas simples de\u00a0<strong>controlar o nervosismo<\/strong>, superar o medo e lidar bem com imprevistos.<br \/>\nConhe\u00e7a as principais t\u00e9cnicas para falar bem e fazer\u00a0<strong>excelentes apresenta\u00e7\u00f5es<\/strong>.<\/p>\n<p><strong>Voc\u00ea vai aprender:<\/strong><\/p>\n<ul class=\"descricao\">\n<li>Passo-a-passo como se faz uma boa apresenta\u00e7\u00e3o;<\/li>\n<li>Como conhecer seu p\u00fablico;<\/li>\n<li>Quais os erros a evitar e as precau\u00e7\u00f5es a tomar;<\/li>\n<li>Como se portar ao falar, tirando proveito da linguagem corporal, dentre outras t\u00e9cnicas.<\/li>\n<\/ul>\n<h3>Carga Hor\u00e1ria: <a class=\"showTip L1\">30 horas \u2022 In\u00edcio imediato<\/a><\/h3>\n<h2 class=\"subtitulo_azul\">Os principais t\u00f3picos do Curso Aprenda a Falar em P\u00fablico s\u00e3o:<\/h2>\n<p class=\"topicos_cursos\"><strong>Unidade 1 \u2013 Abordagem inicial<\/strong><\/p>\n<ul class=\"descricao\">\n<li>Introdu\u00e7\u00e3o<\/li>\n<li>Motivos para comunicar-se bem<\/li>\n<li>Conhecendo o terreno<\/li>\n<\/ul>\n<p class=\"topicos_cursos\"><strong>Unidade 2 \u2013 Recursos audiovisuais<\/strong><\/p>\n<ul class=\"descricao\">\n<li>Recursos audiovisuais e multim\u00eddias<\/li>\n<li>Utilizando os recursos durante a apresenta\u00e7\u00e3o<\/li>\n<li>Salas e audit\u00f3rios<\/li>\n<\/ul>\n<p class=\"topicos_cursos\"><strong>Unidade 3 \u2013 Tratando do p\u00fablico: Conhecer, conquistar e lidar<\/strong><\/p>\n<ul class=\"descricao\">\n<li>Ret\u00f3rica<\/li>\n<li>Perdendo o medo do p\u00fablico e conquistando a credibilidade<\/li>\n<li>Conhecendo a plateia<\/li>\n<li>Respondendo \u00e0s d\u00favidas da plateia<\/li>\n<li>Lidando com eventuais situa\u00e7\u00f5es de hostilidade<\/li>\n<\/ul>\n<p class=\"topicos_cursos\"><strong>Unidade 4 \u2013 Linguagem corporal<\/strong><\/p>\n<ul class=\"descricao\">\n<li>Linguagem corporal: seu poder na comunica\u00e7\u00e3o<\/li>\n<li>Aprendendo a reconhecer e a usar a linguagem do corpo<\/li>\n<li>Postura, dist\u00e2ncia, gestos e express\u00f5es faciais<\/li>\n<li>O poder persuasivo do olhar<\/li>\n<li>Utilizando-se da linguagem corporal nas apresenta\u00e7\u00f5es<\/li>\n<li>A boa apar\u00eancia pessoal: alguns conselhos<\/li>\n<\/ul>\n<p class=\"topicos_cursos\"><strong>Unidade 5 \u2013 Planejando e realizando uma apresenta\u00e7\u00e3o em p\u00fablico<\/strong><\/p>\n<ul class=\"descricao\">\n<li>Planejando e organizando a sua apresenta\u00e7\u00e3o<\/li>\n<li>Objetivos e Estrutura<\/li>\n<li>Introdu\u00e7\u00e3o, Desenvolvimento e Conclus\u00e3o<\/li>\n<li>Comunica\u00e7\u00e3o verbal<\/li>\n<li>Leitura em voz alta<\/li>\n<li>Apresenta\u00e7\u00e3o: a hora de falar<\/li>\n<li>Checklist<\/li>\n<li>Bibliografia<\/li>\n<\/ul>\n<\/div>\n","protected":false},"excerpt":{"rendered":"<p><span class=\"texto_cinza\">T\u00e9cnicas simples e eficazes para controlar o nervosismo e Falar Bem em P\u00fablico.<\/span><\/p>\n","protected":false},"featured_media":2712,"comment_status":"open","ping_status":"closed","template":"","meta":{"colormag_page_layout":"default_layout","_exactmetrics_skip_tracking":false,"_exactmetrics_sitenote_active":false,"_exactmetrics_sitenote_note":"","_exactmetrics_sitenote_category":0,"ngg_post_thumbnail":0,"jetpack_post_was_ever_published":false,"jetpack_publicize_message":"","jetpack_publicize_feature_enabled":true,"jetpack_social_post_already_shared":false,"jetpack_social_options":{"image_generator_settings":{"template":"highway","default_image_id":0,"font":"","enabled":false},"version":2}},"product_brand":[],"product_cat":[906],"product_tag":[910,965,959,958,964,961,963,960,962],"class_list":{"0":"post-2711","1":"product","2":"type-product","3":"status-publish","4":"has-post-thumbnail","6":"product_cat-administracao","7":"product_tag-administracao","8":"product_tag-apresentacao","9":"product_tag-comunicacao","10":"product_tag-falar-em-publico","11":"product_tag-gestos","12":"product_tag-linguagem-corporal","13":"product_tag-postura","14":"product_tag-publico","15":"product_tag-retorica","17":"first","18":"instock","19":"shipping-taxable","20":"product-type-external"},"aioseo_notices":[],"jetpack_publicize_connections":[],"jetpack_sharing_enabled":true,"jetpack_likes_enabled":true,"jetpack-related-posts":[{"id":2673,"url":"https:\/\/eliezerladeira.com.br\/blog\/produto\/agente-aeroportuario\/","url_meta":{"origin":2711,"position":0},"title":"Agente Aeroportu\u00e1rio","author":"admin","date":"","format":false,"excerpt":"Conhe\u00e7a as normas e procedimentos seguidos pelos agentes aeroportu\u00e1rios.","rel":"","context":"Post similar","block_context":{"text":"Post similar","link":""},"img":{"alt_text":"","src":"https:\/\/i0.wp.com\/eliezerladeira.com.br\/blog\/wp-content\/uploads\/2025\/01\/agente-de-aeroporto-capa1-e1585143813582.jpg?resize=350%2C200&ssl=1","width":350,"height":200,"srcset":"https:\/\/i0.wp.com\/eliezerladeira.com.br\/blog\/wp-content\/uploads\/2025\/01\/agente-de-aeroporto-capa1-e1585143813582.jpg?resize=350%2C200&ssl=1 1x, https:\/\/i0.wp.com\/eliezerladeira.com.br\/blog\/wp-content\/uploads\/2025\/01\/agente-de-aeroporto-capa1-e1585143813582.jpg?resize=525%2C300&ssl=1 1.5x, https:\/\/i0.wp.com\/eliezerladeira.com.br\/blog\/wp-content\/uploads\/2025\/01\/agente-de-aeroporto-capa1-e1585143813582.jpg?resize=700%2C400&ssl=1 2x"},"classes":[]},{"id":2942,"url":"https:\/\/eliezerladeira.com.br\/blog\/produto\/auxiliar-administrativo\/","url_meta":{"origin":2711,"position":1},"title":"Auxiliar Administrativo","author":"admin","date":"","format":false,"excerpt":"Conhe\u00e7a a rotina e os procedimentos desta profiss\u00e3o em crescimento.","rel":"","context":"Post similar","block_context":{"text":"Post similar","link":""},"img":{"alt_text":"","src":"https:\/\/i0.wp.com\/eliezerladeira.com.br\/blog\/wp-content\/uploads\/2025\/02\/curso-para-auxiliar-administrativo.jpg?resize=350%2C200&ssl=1","width":350,"height":200,"srcset":"https:\/\/i0.wp.com\/eliezerladeira.com.br\/blog\/wp-content\/uploads\/2025\/02\/curso-para-auxiliar-administrativo.jpg?resize=350%2C200&ssl=1 1x, https:\/\/i0.wp.com\/eliezerladeira.com.br\/blog\/wp-content\/uploads\/2025\/02\/curso-para-auxiliar-administrativo.jpg?resize=525%2C300&ssl=1 1.5x, https:\/\/i0.wp.com\/eliezerladeira.com.br\/blog\/wp-content\/uploads\/2025\/02\/curso-para-auxiliar-administrativo.jpg?resize=700%2C400&ssl=1 2x, https:\/\/i0.wp.com\/eliezerladeira.com.br\/blog\/wp-content\/uploads\/2025\/02\/curso-para-auxiliar-administrativo.jpg?resize=1050%2C600&ssl=1 3x, https:\/\/i0.wp.com\/eliezerladeira.com.br\/blog\/wp-content\/uploads\/2025\/02\/curso-para-auxiliar-administrativo.jpg?resize=1400%2C800&ssl=1 4x"},"classes":[]},{"id":2660,"url":"https:\/\/eliezerladeira.com.br\/blog\/produto\/administracao-do-tempo\/","url_meta":{"origin":2711,"position":2},"title":"Administra\u00e7\u00e3o do Tempo","author":"admin","date":"","format":false,"excerpt":"Saiba como otimizar seu tempo e melhore sua qualidade de vida.","rel":"","context":"Post similar","block_context":{"text":"Post similar","link":""},"img":{"alt_text":"","src":"https:\/\/i0.wp.com\/eliezerladeira.com.br\/blog\/wp-content\/uploads\/2025\/01\/watch-work-hand-clock-time-hour-959022-pxhere.com_.jpg?resize=350%2C200&ssl=1","width":350,"height":200,"srcset":"https:\/\/i0.wp.com\/eliezerladeira.com.br\/blog\/wp-content\/uploads\/2025\/01\/watch-work-hand-clock-time-hour-959022-pxhere.com_.jpg?resize=350%2C200&ssl=1 1x, https:\/\/i0.wp.com\/eliezerladeira.com.br\/blog\/wp-content\/uploads\/2025\/01\/watch-work-hand-clock-time-hour-959022-pxhere.com_.jpg?resize=525%2C300&ssl=1 1.5x, https:\/\/i0.wp.com\/eliezerladeira.com.br\/blog\/wp-content\/uploads\/2025\/01\/watch-work-hand-clock-time-hour-959022-pxhere.com_.jpg?resize=700%2C400&ssl=1 2x, https:\/\/i0.wp.com\/eliezerladeira.com.br\/blog\/wp-content\/uploads\/2025\/01\/watch-work-hand-clock-time-hour-959022-pxhere.com_.jpg?resize=1050%2C600&ssl=1 3x"},"classes":[]},{"id":2705,"url":"https:\/\/eliezerladeira.com.br\/blog\/produto\/almoxarifado\/","url_meta":{"origin":2711,"position":3},"title":"Almoxarifado","author":"admin","date":"","format":false,"excerpt":"Saiba como montar e administrar Almoxarifados.","rel":"","context":"Post similar","block_context":{"text":"Post similar","link":""},"img":{"alt_text":"","src":"https:\/\/i0.wp.com\/eliezerladeira.com.br\/blog\/wp-content\/uploads\/2025\/01\/como-ter-eficiencia-no-armazenamento-do-seu-almoxarifado.jpg?resize=350%2C200&ssl=1","width":350,"height":200,"srcset":"https:\/\/i0.wp.com\/eliezerladeira.com.br\/blog\/wp-content\/uploads\/2025\/01\/como-ter-eficiencia-no-armazenamento-do-seu-almoxarifado.jpg?resize=350%2C200&ssl=1 1x, https:\/\/i0.wp.com\/eliezerladeira.com.br\/blog\/wp-content\/uploads\/2025\/01\/como-ter-eficiencia-no-armazenamento-do-seu-almoxarifado.jpg?resize=525%2C300&ssl=1 1.5x, https:\/\/i0.wp.com\/eliezerladeira.com.br\/blog\/wp-content\/uploads\/2025\/01\/como-ter-eficiencia-no-armazenamento-do-seu-almoxarifado.jpg?resize=700%2C400&ssl=1 2x, https:\/\/i0.wp.com\/eliezerladeira.com.br\/blog\/wp-content\/uploads\/2025\/01\/como-ter-eficiencia-no-armazenamento-do-seu-almoxarifado.jpg?resize=1050%2C600&ssl=1 3x"},"classes":[]},{"id":2658,"url":"https:\/\/eliezerladeira.com.br\/blog\/produto\/administracao-de-empresas\/","url_meta":{"origin":2711,"position":4},"title":"Administra\u00e7\u00e3o de Empresas","author":"admin","date":"","format":false,"excerpt":"Conhe\u00e7a as diversas \u00e1reas de uma empresa e saiba como administr\u00e1-las.","rel":"","context":"Post similar","block_context":{"text":"Post similar","link":""},"img":{"alt_text":"","src":"https:\/\/i0.wp.com\/eliezerladeira.com.br\/blog\/wp-content\/uploads\/2025\/01\/pexels-n-voitkevich-8062280.jpg?resize=350%2C200&ssl=1","width":350,"height":200,"srcset":"https:\/\/i0.wp.com\/eliezerladeira.com.br\/blog\/wp-content\/uploads\/2025\/01\/pexels-n-voitkevich-8062280.jpg?resize=350%2C200&ssl=1 1x, https:\/\/i0.wp.com\/eliezerladeira.com.br\/blog\/wp-content\/uploads\/2025\/01\/pexels-n-voitkevich-8062280.jpg?resize=525%2C300&ssl=1 1.5x, https:\/\/i0.wp.com\/eliezerladeira.com.br\/blog\/wp-content\/uploads\/2025\/01\/pexels-n-voitkevich-8062280.jpg?resize=700%2C400&ssl=1 2x, https:\/\/i0.wp.com\/eliezerladeira.com.br\/blog\/wp-content\/uploads\/2025\/01\/pexels-n-voitkevich-8062280.jpg?resize=1050%2C600&ssl=1 3x, https:\/\/i0.wp.com\/eliezerladeira.com.br\/blog\/wp-content\/uploads\/2025\/01\/pexels-n-voitkevich-8062280.jpg?resize=1400%2C800&ssl=1 4x"},"classes":[]},{"id":2713,"url":"https:\/\/eliezerladeira.com.br\/blog\/produto\/auditoria\/","url_meta":{"origin":2711,"position":5},"title":"Auditoria","author":"admin","date":"","format":false,"excerpt":"Conhe\u00e7a o necess\u00e1rio e esperado para exercer o cargo de auditor.","rel":"","context":"Post similar","block_context":{"text":"Post similar","link":""},"img":{"alt_text":"","src":"https:\/\/i0.wp.com\/eliezerladeira.com.br\/blog\/wp-content\/uploads\/2025\/01\/auditoria-externa.jpg?resize=350%2C200&ssl=1","width":350,"height":200,"srcset":"https:\/\/i0.wp.com\/eliezerladeira.com.br\/blog\/wp-content\/uploads\/2025\/01\/auditoria-externa.jpg?resize=350%2C200&ssl=1 1x, https:\/\/i0.wp.com\/eliezerladeira.com.br\/blog\/wp-content\/uploads\/2025\/01\/auditoria-externa.jpg?resize=525%2C300&ssl=1 1.5x, https:\/\/i0.wp.com\/eliezerladeira.com.br\/blog\/wp-content\/uploads\/2025\/01\/auditoria-externa.jpg?resize=700%2C400&ssl=1 2x, https:\/\/i0.wp.com\/eliezerladeira.com.br\/blog\/wp-content\/uploads\/2025\/01\/auditoria-externa.jpg?resize=1050%2C600&ssl=1 3x"},"classes":[]}],"_links":{"self":[{"href":"https:\/\/eliezerladeira.com.br\/blog\/wp-json\/wp\/v2\/product\/2711","targetHints":{"allow":["GET"]}}],"collection":[{"href":"https:\/\/eliezerladeira.com.br\/blog\/wp-json\/wp\/v2\/product"}],"about":[{"href":"https:\/\/eliezerladeira.com.br\/blog\/wp-json\/wp\/v2\/types\/product"}],"replies":[{"embeddable":true,"href":"https:\/\/eliezerladeira.com.br\/blog\/wp-json\/wp\/v2\/comments?post=2711"}],"wp:featuredmedia":[{"embeddable":true,"href":"https:\/\/eliezerladeira.com.br\/blog\/wp-json\/wp\/v2\/media\/2712"}],"wp:attachment":[{"href":"https:\/\/eliezerladeira.com.br\/blog\/wp-json\/wp\/v2\/media?parent=2711"}],"wp:term":[{"taxonomy":"product_brand","embeddable":true,"href":"https:\/\/eliezerladeira.com.br\/blog\/wp-json\/wp\/v2\/product_brand?post=2711"},{"taxonomy":"product_cat","embeddable":true,"href":"https:\/\/eliezerladeira.com.br\/blog\/wp-json\/wp\/v2\/product_cat?post=2711"},{"taxonomy":"product_tag","embeddable":true,"href":"https:\/\/eliezerladeira.com.br\/blog\/wp-json\/wp\/v2\/product_tag?post=2711"}],"curies":[{"name":"wp","href":"https:\/\/api.w.org\/{rel}","templated":true}]}}