
{"id":2973,"date":"2025-02-08T14:43:44","date_gmt":"2025-02-08T17:43:44","guid":{"rendered":"https:\/\/eliezerladeira.com.br\/blog\/?post_type=product&#038;p=2973"},"modified":"2025-02-08T14:43:44","modified_gmt":"2025-02-08T17:43:44","slug":"avaliacao-de-desempenho","status":"publish","type":"product","link":"https:\/\/eliezerladeira.com.br\/blog\/produto\/avaliacao-de-desempenho\/","title":{"rendered":"Avalia\u00e7\u00e3o de Desempenho"},"content":{"rendered":"<p>Avalie os Recursos Humanos de sua empresa com esta ferramenta.<\/p>\n<p>Para que uma empresa tenha o\u00a0<strong>melhor ambiente de trabalho<\/strong>\u00a0e o\u00a0<strong>melhor rendimento<\/strong>, \u00e9 preciso analisar o desempenho dos seus funcion\u00e1rios. A\u00a0<b>avalia\u00e7\u00e3o de desempenho<\/b>\u00a0\u00e9 uma ferramenta estrat\u00e9gica de gest\u00e3o de pessoas, que tem como objetivo mensurar o resultado das atividades dos colaboradores.<\/p>\n<p>Essa an\u00e1lise \u00e9 vantajosa tanto para a empresa, que acompanha o andamento da produtividade, quanto para o colaborador, que tem a oportunidade de saber onde seu desempenho \u00e9 satisfat\u00f3rio e onde n\u00e3o \u00e9. No\u00a0<b>curso de Avalia\u00e7\u00e3o de Desempenho<\/b>\u00a0voc\u00ea conhecer\u00e1, passo a passo, quais s\u00e3o os diferentes tipos de avalia\u00e7\u00f5es e como aplic\u00e1-los.<\/p>\n<ul class=\"descricao\">\n<li>Veja os pr\u00f3s e contras dos principais m\u00e9todos de avalia\u00e7\u00e3o de desempenho;<\/li>\n<li>Descubra o papel de cada um dos envolvidos no processo;<\/li>\n<li>Aprenda a montar planos de a\u00e7\u00f5es para que as fraquezas sejam corrigidas.<\/li>\n<\/ul>\n<p><b>Aprenda tudo por meio de videoaulas interativas<\/b>, com um tutor para tirar d\u00favidas. Ao final do curso,\u00a0<b>receba o Certificado de Conclus\u00e3o em casa<\/b>, sem custo adicional.<\/p>\n<h4><a class=\"showTip L1\">Carga Hor\u00e1ria: 50 horas \u2022 In\u00edcio imediato<\/a><\/h4>\n<div id=\"conteudo_curso\">\n<div id=\"conteudo_curso\">\n<h4 class=\"subtitulo_azul\">Os principais t\u00f3picos do Curso de Avalia\u00e7\u00e3o de Desempenho s\u00e3o:<\/h4>\n<p class=\"topicos_cursos\"><strong>Unidade 1 \u2013 Conceitos Gerais<\/strong><\/p>\n<ul class=\"descricao\">\n<li>Defini\u00e7\u00e3o da Avalia\u00e7\u00e3o de Desempenho<\/li>\n<li>Cria\u00e7\u00e3o do sistema de avalia\u00e7\u00e3o<\/li>\n<li>Raz\u00f5es para avaliar o desempenho<\/li>\n<li>Respons\u00e1vel pela Avalia\u00e7\u00e3o de Desempenho<\/li>\n<li>BARs e BOSs<\/li>\n<\/ul>\n<p class=\"topicos_cursos\"><strong><br \/>\nUnidade 2 \u2013 Prepara\u00e7\u00e3o para a Avalia\u00e7\u00e3o de Desempenho<\/strong><\/p>\n<ul class=\"descricao\">\n<li>Tipos de avalia\u00e7\u00e3o<\/li>\n<li>Outros prop\u00f3sitos da avalia\u00e7\u00e3o<\/li>\n<li>Etapas da avalia\u00e7\u00e3o<\/li>\n<li>An\u00e1lise da estrutura<\/li>\n<li>Pr\u00f3s e contras dos m\u00e9todos mais usados<\/li>\n<\/ul>\n<p class=\"topicos_cursos\"><strong><br \/>\nUnidade 3 \u2013 Aplica\u00e7\u00e3o da Avalia\u00e7\u00e3o de Desempenho<\/strong><\/p>\n<ul class=\"descricao\">\n<li>Objetivos<\/li>\n<li>Princ\u00edpios<\/li>\n<li>Participantes<\/li>\n<li>Fatores da avalia\u00e7\u00e3o<\/li>\n<li>Processo e consolida\u00e7\u00e3o<\/li>\n<\/ul>\n<p class=\"topicos_cursos\"><strong><br \/>\nUnidade 4 \u2013 Encerramento da Avalia\u00e7\u00e3o da Desempenho<\/strong><\/p>\n<ul class=\"descricao\">\n<li>Feedback<\/li>\n<li>Plano de a\u00e7\u00e3o<\/li>\n<li>An\u00e1lise SWOT<\/li>\n<li>5W2H<\/li>\n<li>Monitoramento<\/li>\n<\/ul>\n<\/div>\n<\/div>\n","protected":false},"excerpt":{"rendered":"<p>Avalie os Recursos Humanos de sua empresa com esta ferramenta.<\/p>\n","protected":false},"featured_media":2974,"comment_status":"open","ping_status":"closed","template":"","meta":{"colormag_page_layout":"default_layout","_exactmetrics_skip_tracking":false,"_exactmetrics_sitenote_active":false,"_exactmetrics_sitenote_note":"","_exactmetrics_sitenote_category":0,"ngg_post_thumbnail":0,"jetpack_post_was_ever_published":false,"jetpack_publicize_message":"","jetpack_publicize_feature_enabled":true,"jetpack_social_post_already_shared":true,"jetpack_social_options":{"image_generator_settings":{"template":"highway","default_image_id":0,"font":"","enabled":false},"version":2}},"product_brand":[],"product_cat":[906],"product_tag":[1202,910,1197,1199,1200,1198,1201],"class_list":{"0":"post-2973","1":"product","2":"type-product","3":"status-publish","4":"has-post-thumbnail","6":"product_cat-administracao","7":"product_tag-5w2h","8":"product_tag-administracao","9":"product_tag-avaliacao-de-desempenho","10":"product_tag-bar","11":"product_tag-bos","12":"product_tag-recursos-humanos","13":"product_tag-swot","15":"first","16":"instock","17":"shipping-taxable","18":"product-type-external"},"aioseo_notices":[],"jetpack_publicize_connections":[],"jetpack_sharing_enabled":true,"jetpack_likes_enabled":true,"jetpack-related-posts":[{"id":2658,"url":"https:\/\/eliezerladeira.com.br\/blog\/produto\/administracao-de-empresas\/","url_meta":{"origin":2973,"position":0},"title":"Administra\u00e7\u00e3o de Empresas","author":"admin","date":"","format":false,"excerpt":"Conhe\u00e7a as diversas \u00e1reas de uma empresa e saiba como administr\u00e1-las.","rel":"","context":"Post similar","block_context":{"text":"Post similar","link":""},"img":{"alt_text":"","src":"https:\/\/i0.wp.com\/eliezerladeira.com.br\/blog\/wp-content\/uploads\/2025\/01\/pexels-n-voitkevich-8062280.jpg?resize=350%2C200&ssl=1","width":350,"height":200,"srcset":"https:\/\/i0.wp.com\/eliezerladeira.com.br\/blog\/wp-content\/uploads\/2025\/01\/pexels-n-voitkevich-8062280.jpg?resize=350%2C200&ssl=1 1x, https:\/\/i0.wp.com\/eliezerladeira.com.br\/blog\/wp-content\/uploads\/2025\/01\/pexels-n-voitkevich-8062280.jpg?resize=525%2C300&ssl=1 1.5x, https:\/\/i0.wp.com\/eliezerladeira.com.br\/blog\/wp-content\/uploads\/2025\/01\/pexels-n-voitkevich-8062280.jpg?resize=700%2C400&ssl=1 2x, https:\/\/i0.wp.com\/eliezerladeira.com.br\/blog\/wp-content\/uploads\/2025\/01\/pexels-n-voitkevich-8062280.jpg?resize=1050%2C600&ssl=1 3x, https:\/\/i0.wp.com\/eliezerladeira.com.br\/blog\/wp-content\/uploads\/2025\/01\/pexels-n-voitkevich-8062280.jpg?resize=1400%2C800&ssl=1 4x"},"classes":[]},{"id":2707,"url":"https:\/\/eliezerladeira.com.br\/blog\/produto\/analise-de-cargos-e-salarios\/","url_meta":{"origin":2973,"position":1},"title":"An\u00e1lise de Cargos e Sal\u00e1rios","author":"admin","date":"","format":false,"excerpt":"Como desenvolver uma pol\u00edtica de remunera\u00e7\u00e3o justa para sua empresa.","rel":"","context":"Post similar","block_context":{"text":"Post similar","link":""},"img":{"alt_text":"","src":"https:\/\/i0.wp.com\/eliezerladeira.com.br\/blog\/wp-content\/uploads\/2025\/01\/PORTARIA-INSTITUI-PROGRAMA-DE-REDUCAO-DE-LITIGIOSIDADE-FISCAL-PRLF.jpg?resize=350%2C200&ssl=1","width":350,"height":200,"srcset":"https:\/\/i0.wp.com\/eliezerladeira.com.br\/blog\/wp-content\/uploads\/2025\/01\/PORTARIA-INSTITUI-PROGRAMA-DE-REDUCAO-DE-LITIGIOSIDADE-FISCAL-PRLF.jpg?resize=350%2C200&ssl=1 1x, https:\/\/i0.wp.com\/eliezerladeira.com.br\/blog\/wp-content\/uploads\/2025\/01\/PORTARIA-INSTITUI-PROGRAMA-DE-REDUCAO-DE-LITIGIOSIDADE-FISCAL-PRLF.jpg?resize=525%2C300&ssl=1 1.5x, https:\/\/i0.wp.com\/eliezerladeira.com.br\/blog\/wp-content\/uploads\/2025\/01\/PORTARIA-INSTITUI-PROGRAMA-DE-REDUCAO-DE-LITIGIOSIDADE-FISCAL-PRLF.jpg?resize=700%2C400&ssl=1 2x"},"classes":[]},{"id":2942,"url":"https:\/\/eliezerladeira.com.br\/blog\/produto\/auxiliar-administrativo\/","url_meta":{"origin":2973,"position":2},"title":"Auxiliar Administrativo","author":"admin","date":"","format":false,"excerpt":"Conhe\u00e7a a rotina e os procedimentos desta profiss\u00e3o em crescimento.","rel":"","context":"Post similar","block_context":{"text":"Post similar","link":""},"img":{"alt_text":"","src":"https:\/\/i0.wp.com\/eliezerladeira.com.br\/blog\/wp-content\/uploads\/2025\/02\/curso-para-auxiliar-administrativo.jpg?resize=350%2C200&ssl=1","width":350,"height":200,"srcset":"https:\/\/i0.wp.com\/eliezerladeira.com.br\/blog\/wp-content\/uploads\/2025\/02\/curso-para-auxiliar-administrativo.jpg?resize=350%2C200&ssl=1 1x, https:\/\/i0.wp.com\/eliezerladeira.com.br\/blog\/wp-content\/uploads\/2025\/02\/curso-para-auxiliar-administrativo.jpg?resize=525%2C300&ssl=1 1.5x, https:\/\/i0.wp.com\/eliezerladeira.com.br\/blog\/wp-content\/uploads\/2025\/02\/curso-para-auxiliar-administrativo.jpg?resize=700%2C400&ssl=1 2x, https:\/\/i0.wp.com\/eliezerladeira.com.br\/blog\/wp-content\/uploads\/2025\/02\/curso-para-auxiliar-administrativo.jpg?resize=1050%2C600&ssl=1 3x, https:\/\/i0.wp.com\/eliezerladeira.com.br\/blog\/wp-content\/uploads\/2025\/02\/curso-para-auxiliar-administrativo.jpg?resize=1400%2C800&ssl=1 4x"},"classes":[]},{"id":2656,"url":"https:\/\/eliezerladeira.com.br\/blog\/produto\/adm-contabil-e-financeira\/","url_meta":{"origin":2973,"position":3},"title":"Adm. Cont\u00e1bil e Financeira","author":"admin","date":"","format":false,"excerpt":"Aprenda a montar um Fluxo de Caixa, Balan\u00e7o Patrimonial, entre outros.","rel":"","context":"Post similar","block_context":{"text":"Post similar","link":""},"img":{"alt_text":"","src":"https:\/\/i0.wp.com\/eliezerladeira.com.br\/blog\/wp-content\/uploads\/2025\/01\/pexels-karolina-grabowska-5900186.jpg?resize=350%2C200&ssl=1","width":350,"height":200,"srcset":"https:\/\/i0.wp.com\/eliezerladeira.com.br\/blog\/wp-content\/uploads\/2025\/01\/pexels-karolina-grabowska-5900186.jpg?resize=350%2C200&ssl=1 1x, https:\/\/i0.wp.com\/eliezerladeira.com.br\/blog\/wp-content\/uploads\/2025\/01\/pexels-karolina-grabowska-5900186.jpg?resize=525%2C300&ssl=1 1.5x, https:\/\/i0.wp.com\/eliezerladeira.com.br\/blog\/wp-content\/uploads\/2025\/01\/pexels-karolina-grabowska-5900186.jpg?resize=700%2C400&ssl=1 2x, https:\/\/i0.wp.com\/eliezerladeira.com.br\/blog\/wp-content\/uploads\/2025\/01\/pexels-karolina-grabowska-5900186.jpg?resize=1050%2C600&ssl=1 3x, https:\/\/i0.wp.com\/eliezerladeira.com.br\/blog\/wp-content\/uploads\/2025\/01\/pexels-karolina-grabowska-5900186.jpg?resize=1400%2C800&ssl=1 4x"},"classes":[]},{"id":2713,"url":"https:\/\/eliezerladeira.com.br\/blog\/produto\/auditoria\/","url_meta":{"origin":2973,"position":4},"title":"Auditoria","author":"admin","date":"","format":false,"excerpt":"Conhe\u00e7a o necess\u00e1rio e esperado para exercer o cargo de auditor.","rel":"","context":"Post similar","block_context":{"text":"Post similar","link":""},"img":{"alt_text":"","src":"https:\/\/i0.wp.com\/eliezerladeira.com.br\/blog\/wp-content\/uploads\/2025\/01\/auditoria-externa.jpg?resize=350%2C200&ssl=1","width":350,"height":200,"srcset":"https:\/\/i0.wp.com\/eliezerladeira.com.br\/blog\/wp-content\/uploads\/2025\/01\/auditoria-externa.jpg?resize=350%2C200&ssl=1 1x, https:\/\/i0.wp.com\/eliezerladeira.com.br\/blog\/wp-content\/uploads\/2025\/01\/auditoria-externa.jpg?resize=525%2C300&ssl=1 1.5x, https:\/\/i0.wp.com\/eliezerladeira.com.br\/blog\/wp-content\/uploads\/2025\/01\/auditoria-externa.jpg?resize=700%2C400&ssl=1 2x, https:\/\/i0.wp.com\/eliezerladeira.com.br\/blog\/wp-content\/uploads\/2025\/01\/auditoria-externa.jpg?resize=1050%2C600&ssl=1 3x"},"classes":[]},{"id":2660,"url":"https:\/\/eliezerladeira.com.br\/blog\/produto\/administracao-do-tempo\/","url_meta":{"origin":2973,"position":5},"title":"Administra\u00e7\u00e3o do Tempo","author":"admin","date":"","format":false,"excerpt":"Saiba como otimizar seu tempo e melhore sua qualidade de vida.","rel":"","context":"Post similar","block_context":{"text":"Post similar","link":""},"img":{"alt_text":"","src":"https:\/\/i0.wp.com\/eliezerladeira.com.br\/blog\/wp-content\/uploads\/2025\/01\/watch-work-hand-clock-time-hour-959022-pxhere.com_.jpg?resize=350%2C200&ssl=1","width":350,"height":200,"srcset":"https:\/\/i0.wp.com\/eliezerladeira.com.br\/blog\/wp-content\/uploads\/2025\/01\/watch-work-hand-clock-time-hour-959022-pxhere.com_.jpg?resize=350%2C200&ssl=1 1x, https:\/\/i0.wp.com\/eliezerladeira.com.br\/blog\/wp-content\/uploads\/2025\/01\/watch-work-hand-clock-time-hour-959022-pxhere.com_.jpg?resize=525%2C300&ssl=1 1.5x, https:\/\/i0.wp.com\/eliezerladeira.com.br\/blog\/wp-content\/uploads\/2025\/01\/watch-work-hand-clock-time-hour-959022-pxhere.com_.jpg?resize=700%2C400&ssl=1 2x, https:\/\/i0.wp.com\/eliezerladeira.com.br\/blog\/wp-content\/uploads\/2025\/01\/watch-work-hand-clock-time-hour-959022-pxhere.com_.jpg?resize=1050%2C600&ssl=1 3x"},"classes":[]}],"_links":{"self":[{"href":"https:\/\/eliezerladeira.com.br\/blog\/wp-json\/wp\/v2\/product\/2973","targetHints":{"allow":["GET"]}}],"collection":[{"href":"https:\/\/eliezerladeira.com.br\/blog\/wp-json\/wp\/v2\/product"}],"about":[{"href":"https:\/\/eliezerladeira.com.br\/blog\/wp-json\/wp\/v2\/types\/product"}],"replies":[{"embeddable":true,"href":"https:\/\/eliezerladeira.com.br\/blog\/wp-json\/wp\/v2\/comments?post=2973"}],"wp:featuredmedia":[{"embeddable":true,"href":"https:\/\/eliezerladeira.com.br\/blog\/wp-json\/wp\/v2\/media\/2974"}],"wp:attachment":[{"href":"https:\/\/eliezerladeira.com.br\/blog\/wp-json\/wp\/v2\/media?parent=2973"}],"wp:term":[{"taxonomy":"product_brand","embeddable":true,"href":"https:\/\/eliezerladeira.com.br\/blog\/wp-json\/wp\/v2\/product_brand?post=2973"},{"taxonomy":"product_cat","embeddable":true,"href":"https:\/\/eliezerladeira.com.br\/blog\/wp-json\/wp\/v2\/product_cat?post=2973"},{"taxonomy":"product_tag","embeddable":true,"href":"https:\/\/eliezerladeira.com.br\/blog\/wp-json\/wp\/v2\/product_tag?post=2973"}],"curies":[{"name":"wp","href":"https:\/\/api.w.org\/{rel}","templated":true}]}}