
{"id":2976,"date":"2025-02-08T14:48:56","date_gmt":"2025-02-08T17:48:56","guid":{"rendered":"https:\/\/eliezerladeira.com.br\/blog\/?post_type=product&#038;p=2976"},"modified":"2025-02-08T15:00:31","modified_gmt":"2025-02-08T18:00:31","slug":"calculos-trabalhistas","status":"publish","type":"product","link":"https:\/\/eliezerladeira.com.br\/blog\/produto\/calculos-trabalhistas\/","title":{"rendered":"C\u00e1lculos Trabalhistas"},"content":{"rendered":"<p>Aprenda como realizar C\u00e1lculos Trabalhistas corretamente.<\/p>\n<p>O\u00a0<b>Departamento Pessoal<\/b>\u00a0\u00e9 respons\u00e1vel por realizar os c\u00e1lculos de\u00a0<b>folha de pagamento<\/b>\u00a0das empresas, apresentando os proventos e tamb\u00e9m os descontos nos recibos de pagamento, culminando com o valor l\u00edquido a receber.<\/p>\n<p>Da mesma forma, tratando-se de uma demiss\u00e3o ou pedido de dispensa, \u00e9 de responsabilidade do Departamento de Pessoal realizar os c\u00e1lculos das verbas rescis\u00f3rias e seus devidos descontos, pagando ao funcion\u00e1rio desligado o seu valor de rescis\u00e3o.<\/p>\n<p>Para muitas pessoas, entender como esses c\u00e1lculos s\u00e3o realizados e saber se o que est\u00e1 sendo pago \u00e9 de fato o valor correto a se receber s\u00e3o verdadeiras inc\u00f3gnitas.<\/p>\n<p>No\u00a0<b>Curso de C\u00e1lculos Trabalhistas<\/b>, indicado tanto para empregadores que precisam dominar o assunto quanto para pessoas que desejam saber mais sobre seus direitos e deveres trabalhistas, voc\u00ea aprender\u00e1 os principais c\u00e1lculos e as legisla\u00e7\u00f5es que os cercam com o aux\u00edlio de muitos exemplos baseados em situa\u00e7\u00f5es reais.<\/p>\n<p><b>Curso j\u00e1 atualizado com a Reforma Trabalhista (Lei 13.467), v\u00e1lida a partir de Novembro\/2017.<\/b><\/p>\n<p><b>Aprenda tudo por meio de videoaulas interativas<\/b>, com um tutor para tirar d\u00favidas.\u00a0<b>Ao final, voc\u00ea recebe o certificado em casa,\u00a0<\/b>sem custo adicional.<\/p>\n<h4><a class=\"showTip L1\">Carga Hor\u00e1ria: 55 horas \u2022 In\u00edcio imediato<\/a><\/h4>\n<h4 class=\"subtitulo_azul\">Os principais t\u00f3picos do Curso de C\u00e1lculos Trabalhistas s\u00e3o:<\/h4>\n<p class=\"topicos_cursos\"><strong>Unidade 1 \u2013 Proventos previstos na folha de pagamento<\/strong><\/p>\n<ul class=\"descricao\">\n<li>O que \u00e9 folha de pagamento?<\/li>\n<li>Diferen\u00e7as entre sal\u00e1rio e remunera\u00e7\u00e3o<\/li>\n<li>O Descanso Semanal Remunerado (DSR)<\/li>\n<li>Os adicionais<\/li>\n<li>F\u00e9rias<\/li>\n<li>Gratifica\u00e7\u00e3o natalina (13\u00ba sal\u00e1rio)<\/li>\n<li>Demais proventos<\/li>\n<\/ul>\n<p class=\"topicos_cursos\"><strong><br \/>\nUnidade 2 \u2013 Descontos previstos na folha de pagamento<\/strong><\/p>\n<ul class=\"descricao\">\n<li>Adiantamento de sal\u00e1rio<\/li>\n<li>Vale-transporte<\/li>\n<li>Faltas injustificadas<\/li>\n<li>Contribui\u00e7\u00e3o sindical<\/li>\n<li>INSS<\/li>\n<li>Imposto de Renda<\/li>\n<\/ul>\n<p class=\"topicos_cursos\"><strong><br \/>\nUnidade 3 \u2013 Proventos previstos na rescis\u00e3o<\/strong><\/p>\n<ul class=\"descricao\">\n<li>Formas de rescis\u00e3o<\/li>\n<li>Aviso pr\u00e9vio<\/li>\n<li>Saldo de sal\u00e1rio<\/li>\n<li>F\u00e9rias<\/li>\n<li>13\u00ba sal\u00e1rio<\/li>\n<li>Multas<\/li>\n<\/ul>\n<p class=\"topicos_cursos\"><strong><br \/>\nUnidade 4 \u2013 Descontos previstos na rescis\u00e3o<\/strong><\/p>\n<ul class=\"descricao\">\n<li>Desconto de INSS<\/li>\n<li>Desconto de imposto de renda<\/li>\n<li>Desconto sobre aviso pr\u00e9vio<\/li>\n<li>Outros descontos<\/li>\n<\/ul>\n<p>&nbsp;<\/p>\n","protected":false},"excerpt":{"rendered":"<p>Aprenda como realizar C\u00e1lculos Trabalhistas corretamente.<\/p>\n","protected":false},"featured_media":2977,"comment_status":"open","ping_status":"closed","template":"","meta":{"colormag_page_layout":"default_layout","_exactmetrics_skip_tracking":false,"_exactmetrics_sitenote_active":false,"_exactmetrics_sitenote_note":"","_exactmetrics_sitenote_category":0,"ngg_post_thumbnail":0,"jetpack_post_was_ever_published":false,"jetpack_publicize_message":"","jetpack_publicize_feature_enabled":true,"jetpack_social_post_already_shared":true,"jetpack_social_options":{"image_generator_settings":{"template":"highway","default_image_id":0,"font":"","enabled":false},"version":2}},"product_brand":[],"product_cat":[906],"product_tag":[910,1203,1176,1204],"class_list":{"0":"post-2976","1":"product","2":"type-product","3":"status-publish","4":"has-post-thumbnail","6":"product_cat-administracao","7":"product_tag-administracao","8":"product_tag-calculos-trabalhistas","9":"product_tag-departamento-pessoal","10":"product_tag-folha-de-pagamento","12":"first","13":"instock","14":"shipping-taxable","15":"product-type-external"},"aioseo_notices":[],"jetpack_publicize_connections":[],"jetpack_sharing_enabled":true,"jetpack_likes_enabled":true,"jetpack-related-posts":[{"id":2618,"url":"https:\/\/eliezerladeira.com.br\/blog\/produto\/access-2007\/","url_meta":{"origin":2976,"position":0},"title":"Access 2007","author":"admin","date":"","format":false,"excerpt":"Aprenda a utilizar os recursos do poderoso Microsoft Access 2007.","rel":"","context":"Post similar","block_context":{"text":"Post similar","link":""},"img":{"alt_text":"","src":"https:\/\/i0.wp.com\/eliezerladeira.com.br\/blog\/wp-content\/uploads\/2025\/01\/0001424_microsoft-access-2007-fundamentals_800.jpeg?resize=350%2C200&ssl=1","width":350,"height":200,"srcset":"https:\/\/i0.wp.com\/eliezerladeira.com.br\/blog\/wp-content\/uploads\/2025\/01\/0001424_microsoft-access-2007-fundamentals_800.jpeg?resize=350%2C200&ssl=1 1x, https:\/\/i0.wp.com\/eliezerladeira.com.br\/blog\/wp-content\/uploads\/2025\/01\/0001424_microsoft-access-2007-fundamentals_800.jpeg?resize=525%2C300&ssl=1 1.5x, https:\/\/i0.wp.com\/eliezerladeira.com.br\/blog\/wp-content\/uploads\/2025\/01\/0001424_microsoft-access-2007-fundamentals_800.jpeg?resize=700%2C400&ssl=1 2x"},"classes":[]},{"id":2942,"url":"https:\/\/eliezerladeira.com.br\/blog\/produto\/auxiliar-administrativo\/","url_meta":{"origin":2976,"position":1},"title":"Auxiliar Administrativo","author":"admin","date":"","format":false,"excerpt":"Conhe\u00e7a a rotina e os procedimentos desta profiss\u00e3o em crescimento.","rel":"","context":"Post similar","block_context":{"text":"Post similar","link":""},"img":{"alt_text":"","src":"https:\/\/i0.wp.com\/eliezerladeira.com.br\/blog\/wp-content\/uploads\/2025\/02\/curso-para-auxiliar-administrativo.jpg?resize=350%2C200&ssl=1","width":350,"height":200,"srcset":"https:\/\/i0.wp.com\/eliezerladeira.com.br\/blog\/wp-content\/uploads\/2025\/02\/curso-para-auxiliar-administrativo.jpg?resize=350%2C200&ssl=1 1x, https:\/\/i0.wp.com\/eliezerladeira.com.br\/blog\/wp-content\/uploads\/2025\/02\/curso-para-auxiliar-administrativo.jpg?resize=525%2C300&ssl=1 1.5x, https:\/\/i0.wp.com\/eliezerladeira.com.br\/blog\/wp-content\/uploads\/2025\/02\/curso-para-auxiliar-administrativo.jpg?resize=700%2C400&ssl=1 2x, https:\/\/i0.wp.com\/eliezerladeira.com.br\/blog\/wp-content\/uploads\/2025\/02\/curso-para-auxiliar-administrativo.jpg?resize=1050%2C600&ssl=1 3x, https:\/\/i0.wp.com\/eliezerladeira.com.br\/blog\/wp-content\/uploads\/2025\/02\/curso-para-auxiliar-administrativo.jpg?resize=1400%2C800&ssl=1 4x"},"classes":[]},{"id":2707,"url":"https:\/\/eliezerladeira.com.br\/blog\/produto\/analise-de-cargos-e-salarios\/","url_meta":{"origin":2976,"position":2},"title":"An\u00e1lise de Cargos e Sal\u00e1rios","author":"admin","date":"","format":false,"excerpt":"Como desenvolver uma pol\u00edtica de remunera\u00e7\u00e3o justa para sua empresa.","rel":"","context":"Post similar","block_context":{"text":"Post similar","link":""},"img":{"alt_text":"","src":"https:\/\/i0.wp.com\/eliezerladeira.com.br\/blog\/wp-content\/uploads\/2025\/01\/PORTARIA-INSTITUI-PROGRAMA-DE-REDUCAO-DE-LITIGIOSIDADE-FISCAL-PRLF.jpg?resize=350%2C200&ssl=1","width":350,"height":200,"srcset":"https:\/\/i0.wp.com\/eliezerladeira.com.br\/blog\/wp-content\/uploads\/2025\/01\/PORTARIA-INSTITUI-PROGRAMA-DE-REDUCAO-DE-LITIGIOSIDADE-FISCAL-PRLF.jpg?resize=350%2C200&ssl=1 1x, https:\/\/i0.wp.com\/eliezerladeira.com.br\/blog\/wp-content\/uploads\/2025\/01\/PORTARIA-INSTITUI-PROGRAMA-DE-REDUCAO-DE-LITIGIOSIDADE-FISCAL-PRLF.jpg?resize=525%2C300&ssl=1 1.5x, https:\/\/i0.wp.com\/eliezerladeira.com.br\/blog\/wp-content\/uploads\/2025\/01\/PORTARIA-INSTITUI-PROGRAMA-DE-REDUCAO-DE-LITIGIOSIDADE-FISCAL-PRLF.jpg?resize=700%2C400&ssl=1 2x"},"classes":[]},{"id":2660,"url":"https:\/\/eliezerladeira.com.br\/blog\/produto\/administracao-do-tempo\/","url_meta":{"origin":2976,"position":3},"title":"Administra\u00e7\u00e3o do Tempo","author":"admin","date":"","format":false,"excerpt":"Saiba como otimizar seu tempo e melhore sua qualidade de vida.","rel":"","context":"Post similar","block_context":{"text":"Post similar","link":""},"img":{"alt_text":"","src":"https:\/\/i0.wp.com\/eliezerladeira.com.br\/blog\/wp-content\/uploads\/2025\/01\/watch-work-hand-clock-time-hour-959022-pxhere.com_.jpg?resize=350%2C200&ssl=1","width":350,"height":200,"srcset":"https:\/\/i0.wp.com\/eliezerladeira.com.br\/blog\/wp-content\/uploads\/2025\/01\/watch-work-hand-clock-time-hour-959022-pxhere.com_.jpg?resize=350%2C200&ssl=1 1x, https:\/\/i0.wp.com\/eliezerladeira.com.br\/blog\/wp-content\/uploads\/2025\/01\/watch-work-hand-clock-time-hour-959022-pxhere.com_.jpg?resize=525%2C300&ssl=1 1.5x, https:\/\/i0.wp.com\/eliezerladeira.com.br\/blog\/wp-content\/uploads\/2025\/01\/watch-work-hand-clock-time-hour-959022-pxhere.com_.jpg?resize=700%2C400&ssl=1 2x, https:\/\/i0.wp.com\/eliezerladeira.com.br\/blog\/wp-content\/uploads\/2025\/01\/watch-work-hand-clock-time-hour-959022-pxhere.com_.jpg?resize=1050%2C600&ssl=1 3x"},"classes":[]},{"id":2713,"url":"https:\/\/eliezerladeira.com.br\/blog\/produto\/auditoria\/","url_meta":{"origin":2976,"position":4},"title":"Auditoria","author":"admin","date":"","format":false,"excerpt":"Conhe\u00e7a o necess\u00e1rio e esperado para exercer o cargo de auditor.","rel":"","context":"Post similar","block_context":{"text":"Post similar","link":""},"img":{"alt_text":"","src":"https:\/\/i0.wp.com\/eliezerladeira.com.br\/blog\/wp-content\/uploads\/2025\/01\/auditoria-externa.jpg?resize=350%2C200&ssl=1","width":350,"height":200,"srcset":"https:\/\/i0.wp.com\/eliezerladeira.com.br\/blog\/wp-content\/uploads\/2025\/01\/auditoria-externa.jpg?resize=350%2C200&ssl=1 1x, https:\/\/i0.wp.com\/eliezerladeira.com.br\/blog\/wp-content\/uploads\/2025\/01\/auditoria-externa.jpg?resize=525%2C300&ssl=1 1.5x, https:\/\/i0.wp.com\/eliezerladeira.com.br\/blog\/wp-content\/uploads\/2025\/01\/auditoria-externa.jpg?resize=700%2C400&ssl=1 2x, https:\/\/i0.wp.com\/eliezerladeira.com.br\/blog\/wp-content\/uploads\/2025\/01\/auditoria-externa.jpg?resize=1050%2C600&ssl=1 3x"},"classes":[]},{"id":2978,"url":"https:\/\/eliezerladeira.com.br\/blog\/produto\/chefia-e-lideranca\/","url_meta":{"origin":2976,"position":5},"title":"Chefia e Lideran\u00e7a","author":"admin","date":"","format":false,"excerpt":"Aprenda a delegar, motivar, elogiar, reprimir, entre outros.","rel":"","context":"Post similar","block_context":{"text":"Post similar","link":""},"img":{"alt_text":"","src":"https:\/\/i0.wp.com\/eliezerladeira.com.br\/blog\/wp-content\/uploads\/2025\/02\/curso-com-certificado-de-chefia-e-lideranca-1567088266-870-b125f2a7.jpg?resize=350%2C200&ssl=1","width":350,"height":200,"srcset":"https:\/\/i0.wp.com\/eliezerladeira.com.br\/blog\/wp-content\/uploads\/2025\/02\/curso-com-certificado-de-chefia-e-lideranca-1567088266-870-b125f2a7.jpg?resize=350%2C200&ssl=1 1x, https:\/\/i0.wp.com\/eliezerladeira.com.br\/blog\/wp-content\/uploads\/2025\/02\/curso-com-certificado-de-chefia-e-lideranca-1567088266-870-b125f2a7.jpg?resize=525%2C300&ssl=1 1.5x, https:\/\/i0.wp.com\/eliezerladeira.com.br\/blog\/wp-content\/uploads\/2025\/02\/curso-com-certificado-de-chefia-e-lideranca-1567088266-870-b125f2a7.jpg?resize=700%2C400&ssl=1 2x"},"classes":[]}],"_links":{"self":[{"href":"https:\/\/eliezerladeira.com.br\/blog\/wp-json\/wp\/v2\/product\/2976","targetHints":{"allow":["GET"]}}],"collection":[{"href":"https:\/\/eliezerladeira.com.br\/blog\/wp-json\/wp\/v2\/product"}],"about":[{"href":"https:\/\/eliezerladeira.com.br\/blog\/wp-json\/wp\/v2\/types\/product"}],"replies":[{"embeddable":true,"href":"https:\/\/eliezerladeira.com.br\/blog\/wp-json\/wp\/v2\/comments?post=2976"}],"wp:featuredmedia":[{"embeddable":true,"href":"https:\/\/eliezerladeira.com.br\/blog\/wp-json\/wp\/v2\/media\/2977"}],"wp:attachment":[{"href":"https:\/\/eliezerladeira.com.br\/blog\/wp-json\/wp\/v2\/media?parent=2976"}],"wp:term":[{"taxonomy":"product_brand","embeddable":true,"href":"https:\/\/eliezerladeira.com.br\/blog\/wp-json\/wp\/v2\/product_brand?post=2976"},{"taxonomy":"product_cat","embeddable":true,"href":"https:\/\/eliezerladeira.com.br\/blog\/wp-json\/wp\/v2\/product_cat?post=2976"},{"taxonomy":"product_tag","embeddable":true,"href":"https:\/\/eliezerladeira.com.br\/blog\/wp-json\/wp\/v2\/product_tag?post=2976"}],"curies":[{"name":"wp","href":"https:\/\/api.w.org\/{rel}","templated":true}]}}