
{"id":2978,"date":"2025-02-08T14:59:23","date_gmt":"2025-02-08T17:59:23","guid":{"rendered":"https:\/\/eliezerladeira.com.br\/blog\/?post_type=product&#038;p=2978"},"modified":"2025-02-08T14:59:23","modified_gmt":"2025-02-08T17:59:23","slug":"chefia-e-lideranca","status":"publish","type":"product","link":"https:\/\/eliezerladeira.com.br\/blog\/produto\/chefia-e-lideranca\/","title":{"rendered":"Chefia e Lideran\u00e7a"},"content":{"rendered":"<p>Aprenda a delegar, motivar, elogiar, reprimir, entre outros.<\/p>\n<p>A qualidade de<strong>\u00a0chefia e lideran\u00e7a\u00a0<\/strong>\u2013 aquela capacidade de dirigir e comandar um grupo&#8230; ou at\u00e9 a pr\u00f3pria vida \u2013 \u00e9 um dom ou uma habilidade que pode ser desenvolvida?<\/p>\n<p><strong>Acredite<\/strong>: qualquer pessoa pode aprender a ser chefe e tornar-se l\u00edder, quando a circunst\u00e2ncia se apresenta.<strong>\u00a0A lideran\u00e7a \u00e9 um dom presente em todos os seres humanos<\/strong>, que pode ser lapidado e desenvolvido para que aflore e seja utilizado em toda a sua plenitude.<\/p>\n<p>Todo chefe deve ser capaz de\u00a0<strong>exercer lideran\u00e7a<\/strong>, de\u00a0<strong>conduzir seu grupo<\/strong>, seja ele profissional ou familiar. E isso se aprende e exercita.<\/p>\n<p><strong>Comece j\u00e1!<\/strong>\u00a0Prepare-se para chefiar com conhecimento e justi\u00e7a, o que lhe dar\u00e1 confian\u00e7a em sua carreira profissional e em sua vida pessoal, e poder\u00e1 tornar voc\u00ea um l\u00edder:<\/p>\n<ul class=\"descricao\">\n<li>Aprenda a estimular e motivar uma equipe;<\/li>\n<li>Saiba como se comportar numa posi\u00e7\u00e3o de chefia: aprenda como estabelecer e manter a dist\u00e2ncia certa entre ser l\u00edder e ser amigo. Ser chefe n\u00e3o significa estar s\u00f3 nem afastar-se dos companheiros ou perder sua amizade;<\/li>\n<li>Desenvolva um bom relacionamento entre as pessoas de sua equipe.<\/li>\n<\/ul>\n<p>Os conhecimentos adquiridos durante o\u00a0<strong>Curso de Chefia e Lideran\u00e7a<\/strong>\u00a0podem ser aplicados por<strong>\u00a0todas as pessoas em todas as \u00e1reas<\/strong>.<\/p>\n<p><strong>Mas aten\u00e7\u00e3o!<\/strong>\u00a0N\u00e3o \u00e9 necess\u00e1rio ser l\u00edder de um grupo para aplicar os princ\u00edpios da lideran\u00e7a, nem estar numa posi\u00e7\u00e3o de chefia no trabalho. Quando duas ou mais pessoas se juntam com um objetivo em comum, seja na vida profissional ou pessoal, est\u00e1 aberta a possibilidade de uma exercer lideran\u00e7a, cabe a voc\u00ea decidir qual das duas pessoas voc\u00ea quer ser.<\/p>\n<h4>Carga Hor\u00e1ria: <a class=\"showTip L1\">45 horas \u2022 In\u00edcio imediato<\/a><\/h4>\n<h4 class=\"subtitulo_azul\">Os principais t\u00f3picos do Curso de Chefia e Lideran\u00e7a s\u00e3o:<\/h4>\n<p class=\"topicos_cursos\"><strong>Unidade 1 \u2013 Introdu\u00e7\u00e3o \u00e0 Lideran\u00e7a<\/strong><\/p>\n<ul class=\"descricao\">\n<li>O que \u00e9 lideran\u00e7a?<\/li>\n<li>Eu nas\u00e7o l\u00edder ou me formo l\u00edder?<\/li>\n<li>Qual o melhor tipo de L\u00edder ?<\/li>\n<li>Diferen\u00e7a entre Chefe X Gerente X L\u00edder<\/li>\n<li>Inspire pela sua lideran\u00e7a e n\u00e3o por sua hierarquia<\/li>\n<\/ul>\n<p class=\"topicos_cursos\"><strong><br \/>\nUnidade 2 \u2013 Caracter\u00edsticas, Fatores e Personalidade de um L\u00edder<\/strong><\/p>\n<ul class=\"descricao\">\n<li>Como reconhecer um L\u00edder<\/li>\n<li>Comunica\u00e7\u00e3o Interpessoal e Intrapessoal<\/li>\n<li>Intelig\u00eancia Intrapessoal<\/li>\n<li>Intelig\u00eancia Emocional<\/li>\n<\/ul>\n<p class=\"topicos_cursos\"><strong><br \/>\nUnidade 3 \u2013 Linguagem Corporal<\/strong><\/p>\n<ul class=\"descricao\">\n<li>A efetividade vem com a efic\u00e1cia e efici\u00eancia<\/li>\n<li>Motivar \u00e9 preciso, reconhecer \u00e9 necess\u00e1rio<\/li>\n<li>O l\u00edder age como facilitador<\/li>\n<li>Como tratar a insubordina\u00e7\u00e3o<\/li>\n<li>Coaching e orienta\u00e7\u00f5es de carreira<\/li>\n<li>Estabele\u00e7a metas e defina planos<\/li>\n<\/ul>\n<p class=\"topicos_cursos\"><strong><br \/>\nUnidade 4 \u2013 Uma equipe com l\u00edder<\/strong><\/p>\n<ul class=\"descricao\">\n<li>Diferen\u00e7a entre grupo e equipe<\/li>\n<li>Pilares de uma equipe com l\u00edder<\/li>\n<li>Bibliografia<\/li>\n<\/ul>\n","protected":false},"excerpt":{"rendered":"<p>Aprenda a delegar, motivar, elogiar, reprimir, entre outros.<\/p>\n","protected":false},"featured_media":2979,"comment_status":"open","ping_status":"closed","template":"","meta":{"colormag_page_layout":"default_layout","_exactmetrics_skip_tracking":false,"_exactmetrics_sitenote_active":false,"_exactmetrics_sitenote_note":"","_exactmetrics_sitenote_category":0,"ngg_post_thumbnail":0,"jetpack_post_was_ever_published":false,"jetpack_publicize_message":"","jetpack_publicize_feature_enabled":true,"jetpack_social_post_already_shared":true,"jetpack_social_options":{"image_generator_settings":{"template":"highway","default_image_id":0,"font":"","enabled":false},"version":2}},"product_brand":[],"product_cat":[906],"product_tag":[910,1205,1206,961,1207],"class_list":{"0":"post-2978","1":"product","2":"type-product","3":"status-publish","4":"has-post-thumbnail","6":"product_cat-administracao","7":"product_tag-administracao","8":"product_tag-chefia","9":"product_tag-lideranca","10":"product_tag-linguagem-corporal","11":"product_tag-personalidade","13":"first","14":"instock","15":"shipping-taxable","16":"product-type-external"},"aioseo_notices":[],"jetpack_publicize_connections":[],"jetpack_sharing_enabled":true,"jetpack_likes_enabled":true,"jetpack-related-posts":[{"id":2658,"url":"https:\/\/eliezerladeira.com.br\/blog\/produto\/administracao-de-empresas\/","url_meta":{"origin":2978,"position":0},"title":"Administra\u00e7\u00e3o de Empresas","author":"admin","date":"","format":false,"excerpt":"Conhe\u00e7a as diversas \u00e1reas de uma empresa e saiba como administr\u00e1-las.","rel":"","context":"Post similar","block_context":{"text":"Post similar","link":""},"img":{"alt_text":"","src":"https:\/\/i0.wp.com\/eliezerladeira.com.br\/blog\/wp-content\/uploads\/2025\/01\/pexels-n-voitkevich-8062280.jpg?resize=350%2C200&ssl=1","width":350,"height":200,"srcset":"https:\/\/i0.wp.com\/eliezerladeira.com.br\/blog\/wp-content\/uploads\/2025\/01\/pexels-n-voitkevich-8062280.jpg?resize=350%2C200&ssl=1 1x, https:\/\/i0.wp.com\/eliezerladeira.com.br\/blog\/wp-content\/uploads\/2025\/01\/pexels-n-voitkevich-8062280.jpg?resize=525%2C300&ssl=1 1.5x, https:\/\/i0.wp.com\/eliezerladeira.com.br\/blog\/wp-content\/uploads\/2025\/01\/pexels-n-voitkevich-8062280.jpg?resize=700%2C400&ssl=1 2x, https:\/\/i0.wp.com\/eliezerladeira.com.br\/blog\/wp-content\/uploads\/2025\/01\/pexels-n-voitkevich-8062280.jpg?resize=1050%2C600&ssl=1 3x, https:\/\/i0.wp.com\/eliezerladeira.com.br\/blog\/wp-content\/uploads\/2025\/01\/pexels-n-voitkevich-8062280.jpg?resize=1400%2C800&ssl=1 4x"},"classes":[]},{"id":2942,"url":"https:\/\/eliezerladeira.com.br\/blog\/produto\/auxiliar-administrativo\/","url_meta":{"origin":2978,"position":1},"title":"Auxiliar Administrativo","author":"admin","date":"","format":false,"excerpt":"Conhe\u00e7a a rotina e os procedimentos desta profiss\u00e3o em crescimento.","rel":"","context":"Post similar","block_context":{"text":"Post similar","link":""},"img":{"alt_text":"","src":"https:\/\/i0.wp.com\/eliezerladeira.com.br\/blog\/wp-content\/uploads\/2025\/02\/curso-para-auxiliar-administrativo.jpg?resize=350%2C200&ssl=1","width":350,"height":200,"srcset":"https:\/\/i0.wp.com\/eliezerladeira.com.br\/blog\/wp-content\/uploads\/2025\/02\/curso-para-auxiliar-administrativo.jpg?resize=350%2C200&ssl=1 1x, https:\/\/i0.wp.com\/eliezerladeira.com.br\/blog\/wp-content\/uploads\/2025\/02\/curso-para-auxiliar-administrativo.jpg?resize=525%2C300&ssl=1 1.5x, https:\/\/i0.wp.com\/eliezerladeira.com.br\/blog\/wp-content\/uploads\/2025\/02\/curso-para-auxiliar-administrativo.jpg?resize=700%2C400&ssl=1 2x, https:\/\/i0.wp.com\/eliezerladeira.com.br\/blog\/wp-content\/uploads\/2025\/02\/curso-para-auxiliar-administrativo.jpg?resize=1050%2C600&ssl=1 3x, https:\/\/i0.wp.com\/eliezerladeira.com.br\/blog\/wp-content\/uploads\/2025\/02\/curso-para-auxiliar-administrativo.jpg?resize=1400%2C800&ssl=1 4x"},"classes":[]},{"id":2711,"url":"https:\/\/eliezerladeira.com.br\/blog\/produto\/aprenda-a-falar-em-publico\/","url_meta":{"origin":2978,"position":2},"title":"Aprenda a Falar em P\u00fablico","author":"admin","date":"","format":false,"excerpt":"T\u00e9cnicas simples e eficazes para controlar o nervosismo e Falar Bem em P\u00fablico.","rel":"","context":"Post similar","block_context":{"text":"Post similar","link":""},"img":{"alt_text":"","src":"https:\/\/i0.wp.com\/eliezerladeira.com.br\/blog\/wp-content\/uploads\/2025\/01\/speech-lecture-wcyvr-orator-public-speaking-436228-pxhere.com_.jpg?resize=350%2C200&ssl=1","width":350,"height":200,"srcset":"https:\/\/i0.wp.com\/eliezerladeira.com.br\/blog\/wp-content\/uploads\/2025\/01\/speech-lecture-wcyvr-orator-public-speaking-436228-pxhere.com_.jpg?resize=350%2C200&ssl=1 1x, https:\/\/i0.wp.com\/eliezerladeira.com.br\/blog\/wp-content\/uploads\/2025\/01\/speech-lecture-wcyvr-orator-public-speaking-436228-pxhere.com_.jpg?resize=525%2C300&ssl=1 1.5x, https:\/\/i0.wp.com\/eliezerladeira.com.br\/blog\/wp-content\/uploads\/2025\/01\/speech-lecture-wcyvr-orator-public-speaking-436228-pxhere.com_.jpg?resize=700%2C400&ssl=1 2x, https:\/\/i0.wp.com\/eliezerladeira.com.br\/blog\/wp-content\/uploads\/2025\/01\/speech-lecture-wcyvr-orator-public-speaking-436228-pxhere.com_.jpg?resize=1050%2C600&ssl=1 3x"},"classes":[]},{"id":2673,"url":"https:\/\/eliezerladeira.com.br\/blog\/produto\/agente-aeroportuario\/","url_meta":{"origin":2978,"position":3},"title":"Agente Aeroportu\u00e1rio","author":"admin","date":"","format":false,"excerpt":"Conhe\u00e7a as normas e procedimentos seguidos pelos agentes aeroportu\u00e1rios.","rel":"","context":"Post similar","block_context":{"text":"Post similar","link":""},"img":{"alt_text":"","src":"https:\/\/i0.wp.com\/eliezerladeira.com.br\/blog\/wp-content\/uploads\/2025\/01\/agente-de-aeroporto-capa1-e1585143813582.jpg?resize=350%2C200&ssl=1","width":350,"height":200,"srcset":"https:\/\/i0.wp.com\/eliezerladeira.com.br\/blog\/wp-content\/uploads\/2025\/01\/agente-de-aeroporto-capa1-e1585143813582.jpg?resize=350%2C200&ssl=1 1x, https:\/\/i0.wp.com\/eliezerladeira.com.br\/blog\/wp-content\/uploads\/2025\/01\/agente-de-aeroporto-capa1-e1585143813582.jpg?resize=525%2C300&ssl=1 1.5x, https:\/\/i0.wp.com\/eliezerladeira.com.br\/blog\/wp-content\/uploads\/2025\/01\/agente-de-aeroporto-capa1-e1585143813582.jpg?resize=700%2C400&ssl=1 2x"},"classes":[]},{"id":2707,"url":"https:\/\/eliezerladeira.com.br\/blog\/produto\/analise-de-cargos-e-salarios\/","url_meta":{"origin":2978,"position":4},"title":"An\u00e1lise de Cargos e Sal\u00e1rios","author":"admin","date":"","format":false,"excerpt":"Como desenvolver uma pol\u00edtica de remunera\u00e7\u00e3o justa para sua empresa.","rel":"","context":"Post similar","block_context":{"text":"Post similar","link":""},"img":{"alt_text":"","src":"https:\/\/i0.wp.com\/eliezerladeira.com.br\/blog\/wp-content\/uploads\/2025\/01\/PORTARIA-INSTITUI-PROGRAMA-DE-REDUCAO-DE-LITIGIOSIDADE-FISCAL-PRLF.jpg?resize=350%2C200&ssl=1","width":350,"height":200,"srcset":"https:\/\/i0.wp.com\/eliezerladeira.com.br\/blog\/wp-content\/uploads\/2025\/01\/PORTARIA-INSTITUI-PROGRAMA-DE-REDUCAO-DE-LITIGIOSIDADE-FISCAL-PRLF.jpg?resize=350%2C200&ssl=1 1x, https:\/\/i0.wp.com\/eliezerladeira.com.br\/blog\/wp-content\/uploads\/2025\/01\/PORTARIA-INSTITUI-PROGRAMA-DE-REDUCAO-DE-LITIGIOSIDADE-FISCAL-PRLF.jpg?resize=525%2C300&ssl=1 1.5x, https:\/\/i0.wp.com\/eliezerladeira.com.br\/blog\/wp-content\/uploads\/2025\/01\/PORTARIA-INSTITUI-PROGRAMA-DE-REDUCAO-DE-LITIGIOSIDADE-FISCAL-PRLF.jpg?resize=700%2C400&ssl=1 2x"},"classes":[]},{"id":2660,"url":"https:\/\/eliezerladeira.com.br\/blog\/produto\/administracao-do-tempo\/","url_meta":{"origin":2978,"position":5},"title":"Administra\u00e7\u00e3o do Tempo","author":"admin","date":"","format":false,"excerpt":"Saiba como otimizar seu tempo e melhore sua qualidade de vida.","rel":"","context":"Post similar","block_context":{"text":"Post similar","link":""},"img":{"alt_text":"","src":"https:\/\/i0.wp.com\/eliezerladeira.com.br\/blog\/wp-content\/uploads\/2025\/01\/watch-work-hand-clock-time-hour-959022-pxhere.com_.jpg?resize=350%2C200&ssl=1","width":350,"height":200,"srcset":"https:\/\/i0.wp.com\/eliezerladeira.com.br\/blog\/wp-content\/uploads\/2025\/01\/watch-work-hand-clock-time-hour-959022-pxhere.com_.jpg?resize=350%2C200&ssl=1 1x, https:\/\/i0.wp.com\/eliezerladeira.com.br\/blog\/wp-content\/uploads\/2025\/01\/watch-work-hand-clock-time-hour-959022-pxhere.com_.jpg?resize=525%2C300&ssl=1 1.5x, https:\/\/i0.wp.com\/eliezerladeira.com.br\/blog\/wp-content\/uploads\/2025\/01\/watch-work-hand-clock-time-hour-959022-pxhere.com_.jpg?resize=700%2C400&ssl=1 2x, https:\/\/i0.wp.com\/eliezerladeira.com.br\/blog\/wp-content\/uploads\/2025\/01\/watch-work-hand-clock-time-hour-959022-pxhere.com_.jpg?resize=1050%2C600&ssl=1 3x"},"classes":[]}],"_links":{"self":[{"href":"https:\/\/eliezerladeira.com.br\/blog\/wp-json\/wp\/v2\/product\/2978","targetHints":{"allow":["GET"]}}],"collection":[{"href":"https:\/\/eliezerladeira.com.br\/blog\/wp-json\/wp\/v2\/product"}],"about":[{"href":"https:\/\/eliezerladeira.com.br\/blog\/wp-json\/wp\/v2\/types\/product"}],"replies":[{"embeddable":true,"href":"https:\/\/eliezerladeira.com.br\/blog\/wp-json\/wp\/v2\/comments?post=2978"}],"wp:featuredmedia":[{"embeddable":true,"href":"https:\/\/eliezerladeira.com.br\/blog\/wp-json\/wp\/v2\/media\/2979"}],"wp:attachment":[{"href":"https:\/\/eliezerladeira.com.br\/blog\/wp-json\/wp\/v2\/media?parent=2978"}],"wp:term":[{"taxonomy":"product_brand","embeddable":true,"href":"https:\/\/eliezerladeira.com.br\/blog\/wp-json\/wp\/v2\/product_brand?post=2978"},{"taxonomy":"product_cat","embeddable":true,"href":"https:\/\/eliezerladeira.com.br\/blog\/wp-json\/wp\/v2\/product_cat?post=2978"},{"taxonomy":"product_tag","embeddable":true,"href":"https:\/\/eliezerladeira.com.br\/blog\/wp-json\/wp\/v2\/product_tag?post=2978"}],"curies":[{"name":"wp","href":"https:\/\/api.w.org\/{rel}","templated":true}]}}